{"id":2074,"date":"2026-04-08T07:45:07","date_gmt":"2026-04-08T07:45:07","guid":{"rendered":"https:\/\/pinoy-grocery.com\/?post_type=product&#038;p=2074"},"modified":"2026-04-28T22:03:15","modified_gmt":"2026-04-28T22:03:15","slug":"red-horse-beer-stallion-330ml","status":"publish","type":"product","link":"https:\/\/pinoy-grocery.com\/en\/produit\/redhorse-beer-stalion-330ml\/","title":{"rendered":"Redhorse \u2013 Beer stallion 330ml"},"content":{"rendered":"<p data-start=\"0\" data-end=\"170\">Red Horse is a beer originating from the Philippines. It is a pale lager, produced from bottom fermentation, recognised for its refreshing and thirst-quenching qualities.<\/p>\n<p data-start=\"172\" data-end=\"364\" data-is-last-node=\"\" data-is-only-node=\"\">Powerful and rich in flavour, this Filipino beer is for those seeking a more intense drinking experience. Its robust profile and malty notes contribute to its great popularity.<\/p>","protected":false},"excerpt":{"rendered":"<p>Redhorse 8\u00b0 Stalion Beer 330ml<\/p>","protected":false},"featured_media":2076,"comment_status":"open","ping_status":"closed","template":"","meta":[],"product_brand":[],"product_cat":[29],"product_tag":[],"class_list":{"0":"post-2074","1":"product","2":"type-product","3":"status-publish","4":"has-post-thumbnail","6":"product_cat-boissons","8":"first","9":"instock","10":"shipping-taxable","11":"purchasable","12":"product-type-simple"},"yoast_head":"<!-- This site is optimized with the Yoast SEO plugin v27.4 - https:\/\/yoast.com\/product\/yoast-seo-wordpress\/ -->\n<title>Redhorse - Beer stalion 330ml - Delmi Mart Pinoy Grocery<\/title>\n<meta name=\"description\" content=\"Red Horse Beer Stallion 330ml, bi\u00e8re philippine forte et intense, au go\u00fbt puissant et \u00e9quilibr\u00e9. Id\u00e9ale pour les amateurs de bi\u00e8res de caract\u00e8re.\" \/>\n<meta name=\"robots\" content=\"index, follow, max-snippet:-1, max-image-preview:large, max-video-preview:-1\" \/>\n<link rel=\"canonical\" href=\"https:\/\/pinoy-grocery.com\/en\/product\/red-horse-beer-stallion-330ml\/\" \/>\n<meta property=\"og:locale\" content=\"en_GB\" \/>\n<meta property=\"og:type\" content=\"article\" \/>\n<meta property=\"og:title\" content=\"Redhorse - Beer stalion 330ml - Delmi Mart Pinoy Grocery\" \/>\n<meta property=\"og:description\" content=\"Red Horse Beer Stallion 330ml, bi\u00e8re philippine forte et intense, au go\u00fbt puissant et \u00e9quilibr\u00e9. Id\u00e9ale pour les amateurs de bi\u00e8res de caract\u00e8re.\" \/>\n<meta property=\"og:url\" content=\"https:\/\/pinoy-grocery.com\/en\/product\/red-horse-beer-stallion-330ml\/\" \/>\n<meta property=\"og:site_name\" content=\"Delmi Mart Pinoy Grocery\" \/>\n<meta property=\"article:publisher\" content=\"https:\/\/www.facebook.com\/profile.php?id=61573001502527\" \/>\n<meta property=\"article:modified_time\" content=\"2026-04-28T22:03:15+00:00\" \/>\n<meta property=\"og:image\" content=\"https:\/\/pinoy-grocery.com\/wp-content\/uploads\/2026\/04\/Redhorse-beer-Stalion-330ml.webp\" \/>\n\t<meta property=\"og:image:width\" content=\"554\" \/>\n\t<meta property=\"og:image:height\" content=\"554\" \/>\n\t<meta property=\"og:image:type\" content=\"image\/webp\" \/>\n<meta name=\"twitter:card\" content=\"summary_large_image\" \/>\n<meta name=\"twitter:label1\" content=\"Estimated reading time\" \/>\n\t<meta name=\"twitter:data1\" content=\"1 minute\" \/>\n<script type=\"application\/ld+json\" class=\"yoast-schema-graph\">{\"@context\":\"https:\\\/\\\/schema.org\",\"@graph\":[{\"@type\":\"WebPage\",\"@id\":\"https:\\\/\\\/pinoy-grocery.com\\\/produit\\\/redhorse-beer-stalion-330ml\\\/\",\"url\":\"https:\\\/\\\/pinoy-grocery.com\\\/produit\\\/redhorse-beer-stalion-330ml\\\/\",\"name\":\"Redhorse - Beer stalion 330ml - Delmi Mart Pinoy Grocery\",\"isPartOf\":{\"@id\":\"https:\\\/\\\/pinoy-grocery.com\\\/#website\"},\"primaryImageOfPage\":{\"@id\":\"https:\\\/\\\/pinoy-grocery.com\\\/produit\\\/redhorse-beer-stalion-330ml\\\/#primaryimage\"},\"image\":{\"@id\":\"https:\\\/\\\/pinoy-grocery.com\\\/produit\\\/redhorse-beer-stalion-330ml\\\/#primaryimage\"},\"thumbnailUrl\":\"https:\\\/\\\/pinoy-grocery.com\\\/wp-content\\\/uploads\\\/2026\\\/04\\\/Redhorse-beer-Stalion-330ml.webp\",\"datePublished\":\"2026-04-08T07:45:07+00:00\",\"dateModified\":\"2026-04-28T22:03:15+00:00\",\"description\":\"Red Horse Beer Stallion 330ml, bi\u00e8re philippine forte et intense, au go\u00fbt puissant et \u00e9quilibr\u00e9. Id\u00e9ale pour les amateurs de bi\u00e8res de caract\u00e8re.\",\"breadcrumb\":{\"@id\":\"https:\\\/\\\/pinoy-grocery.com\\\/produit\\\/redhorse-beer-stalion-330ml\\\/#breadcrumb\"},\"inLanguage\":\"en-GB\",\"potentialAction\":[{\"@type\":\"ReadAction\",\"target\":[\"https:\\\/\\\/pinoy-grocery.com\\\/produit\\\/redhorse-beer-stalion-330ml\\\/\"]}]},{\"@type\":\"ImageObject\",\"inLanguage\":\"en-GB\",\"@id\":\"https:\\\/\\\/pinoy-grocery.com\\\/produit\\\/redhorse-beer-stalion-330ml\\\/#primaryimage\",\"url\":\"https:\\\/\\\/pinoy-grocery.com\\\/wp-content\\\/uploads\\\/2026\\\/04\\\/Redhorse-beer-Stalion-330ml.webp\",\"contentUrl\":\"https:\\\/\\\/pinoy-grocery.com\\\/wp-content\\\/uploads\\\/2026\\\/04\\\/Redhorse-beer-Stalion-330ml.webp\",\"width\":554,\"height\":554,\"caption\":\"Redhorse beer Stalion 330ml\"},{\"@type\":\"BreadcrumbList\",\"@id\":\"https:\\\/\\\/pinoy-grocery.com\\\/produit\\\/redhorse-beer-stalion-330ml\\\/#breadcrumb\",\"itemListElement\":[{\"@type\":\"ListItem\",\"position\":1,\"name\":\"Accueil\",\"item\":\"https:\\\/\\\/pinoy-grocery.com\\\/\"},{\"@type\":\"ListItem\",\"position\":2,\"name\":\"Boutique\",\"item\":\"https:\\\/\\\/pinoy-grocery.com\\\/boutique\\\/\"},{\"@type\":\"ListItem\",\"position\":3,\"name\":\"Redhorse &#8211; Beer stalion 330ml\"}]},{\"@type\":\"WebSite\",\"@id\":\"https:\\\/\\\/pinoy-grocery.com\\\/#website\",\"url\":\"https:\\\/\\\/pinoy-grocery.com\\\/\",\"name\":\"Delmi Mart Pinoy Grocery\",\"description\":\"Votre \u00e9picerie de produits philippins\",\"publisher\":{\"@id\":\"https:\\\/\\\/pinoy-grocery.com\\\/#organization\"},\"potentialAction\":[{\"@type\":\"SearchAction\",\"target\":{\"@type\":\"EntryPoint\",\"urlTemplate\":\"https:\\\/\\\/pinoy-grocery.com\\\/?s={search_term_string}\"},\"query-input\":{\"@type\":\"PropertyValueSpecification\",\"valueRequired\":true,\"valueName\":\"search_term_string\"}}],\"inLanguage\":\"en-GB\"},{\"@type\":\"Organization\",\"@id\":\"https:\\\/\\\/pinoy-grocery.com\\\/#organization\",\"name\":\"Delmi Mart Pinoy Grocery\",\"url\":\"https:\\\/\\\/pinoy-grocery.com\\\/\",\"logo\":{\"@type\":\"ImageObject\",\"inLanguage\":\"en-GB\",\"@id\":\"https:\\\/\\\/pinoy-grocery.com\\\/#\\\/schema\\\/logo\\\/image\\\/\",\"url\":\"https:\\\/\\\/pinoy-grocery.com\\\/wp-content\\\/uploads\\\/2025\\\/11\\\/LOGO-DELMI-MART-Pinoy-Grocery-shop-600x600-1.webp\",\"contentUrl\":\"https:\\\/\\\/pinoy-grocery.com\\\/wp-content\\\/uploads\\\/2025\\\/11\\\/LOGO-DELMI-MART-Pinoy-Grocery-shop-600x600-1.webp\",\"width\":600,\"height\":600,\"caption\":\"Delmi Mart Pinoy Grocery\"},\"image\":{\"@id\":\"https:\\\/\\\/pinoy-grocery.com\\\/#\\\/schema\\\/logo\\\/image\\\/\"},\"sameAs\":[\"https:\\\/\\\/www.facebook.com\\\/profile.php?id=61573001502527\"]}]}<\/script>\n<!-- \/ Yoast SEO plugin. -->","yoast_head_json":{"title":"Redhorse - Beer Stallion 330ml - Delmi Mart Pinoy Grocery","description":"Red Horse Beer Stallion 330ml, a strong and intense Filipino beer, with a powerful and balanced taste. Ideal for lovers of characterful beers.","robots":{"index":"index","follow":"follow","max-snippet":"max-snippet:-1","max-image-preview":"max-image-preview:large","max-video-preview":"max-video-preview:-1"},"canonical":"https:\/\/pinoy-grocery.com\/en\/product\/red-horse-beer-stallion-330ml\/","og_locale":"en_GB","og_type":"article","og_title":"Redhorse - Beer stalion 330ml - Delmi Mart Pinoy Grocery","og_description":"Red Horse Beer Stallion 330ml, bi\u00e8re philippine forte et intense, au go\u00fbt puissant et \u00e9quilibr\u00e9. Id\u00e9ale pour les amateurs de bi\u00e8res de caract\u00e8re.","og_url":"https:\/\/pinoy-grocery.com\/en\/product\/red-horse-beer-stallion-330ml\/","og_site_name":"Delmi Mart Pinoy Grocery","article_publisher":"https:\/\/www.facebook.com\/profile.php?id=61573001502527","article_modified_time":"2026-04-28T22:03:15+00:00","og_image":[{"width":554,"height":554,"url":"https:\/\/pinoy-grocery.com\/wp-content\/uploads\/2026\/04\/Redhorse-beer-Stalion-330ml.webp","type":"image\/webp"}],"twitter_card":"summary_large_image","twitter_misc":{"Estimated reading time":"1 minute"},"schema":{"@context":"https:\/\/schema.org","@graph":[{"@type":"WebPage","@id":"https:\/\/pinoy-grocery.com\/produit\/redhorse-beer-stalion-330ml\/","url":"https:\/\/pinoy-grocery.com\/produit\/redhorse-beer-stalion-330ml\/","name":"Redhorse - Beer Stallion 330ml - Delmi Mart Pinoy Grocery","isPartOf":{"@id":"https:\/\/pinoy-grocery.com\/#website"},"primaryImageOfPage":{"@id":"https:\/\/pinoy-grocery.com\/produit\/redhorse-beer-stalion-330ml\/#primaryimage"},"image":{"@id":"https:\/\/pinoy-grocery.com\/produit\/redhorse-beer-stalion-330ml\/#primaryimage"},"thumbnailUrl":"https:\/\/pinoy-grocery.com\/wp-content\/uploads\/2026\/04\/Redhorse-beer-Stalion-330ml.webp","datePublished":"2026-04-08T07:45:07+00:00","dateModified":"2026-04-28T22:03:15+00:00","description":"Red Horse Beer Stallion 330ml, a strong and intense Filipino beer, with a powerful and balanced taste. Ideal for lovers of characterful beers.","breadcrumb":{"@id":"https:\/\/pinoy-grocery.com\/produit\/redhorse-beer-stalion-330ml\/#breadcrumb"},"inLanguage":"en-GB","potentialAction":[{"@type":"ReadAction","target":["https:\/\/pinoy-grocery.com\/produit\/redhorse-beer-stalion-330ml\/"]}]},{"@type":"ImageObject","inLanguage":"en-GB","@id":"https:\/\/pinoy-grocery.com\/produit\/redhorse-beer-stalion-330ml\/#primaryimage","url":"https:\/\/pinoy-grocery.com\/wp-content\/uploads\/2026\/04\/Redhorse-beer-Stalion-330ml.webp","contentUrl":"https:\/\/pinoy-grocery.com\/wp-content\/uploads\/2026\/04\/Redhorse-beer-Stalion-330ml.webp","width":554,"height":554,"caption":"Redhorse beer Stalion 330ml"},{"@type":"BreadcrumbList","@id":"https:\/\/pinoy-grocery.com\/produit\/redhorse-beer-stalion-330ml\/#breadcrumb","itemListElement":[{"@type":"ListItem","position":1,"name":"Accueil","item":"https:\/\/pinoy-grocery.com\/"},{"@type":"ListItem","position":2,"name":"Boutique","item":"https:\/\/pinoy-grocery.com\/boutique\/"},{"@type":"ListItem","position":3,"name":"Redhorse &#8211; Beer stalion 330ml"}]},{"@type":"WebSite","@id":"https:\/\/pinoy-grocery.com\/#website","url":"https:\/\/pinoy-grocery.com\/","name":"Delmi Mart Pinoy Grocery","description":"Your grocery shop for Filipino products","publisher":{"@id":"https:\/\/pinoy-grocery.com\/#organization"},"potentialAction":[{"@type":"SearchAction","target":{"@type":"EntryPoint","urlTemplate":"https:\/\/pinoy-grocery.com\/?s={search_term_string}"},"query-input":{"@type":"PropertyValueSpecification","valueRequired":true,"valueName":"search_term_string"}}],"inLanguage":"en-GB"},{"@type":"Organization","@id":"https:\/\/pinoy-grocery.com\/#organization","name":"Delmi Mart Pinoy Grocery","url":"https:\/\/pinoy-grocery.com\/","logo":{"@type":"ImageObject","inLanguage":"en-GB","@id":"https:\/\/pinoy-grocery.com\/#\/schema\/logo\/image\/","url":"https:\/\/pinoy-grocery.com\/wp-content\/uploads\/2025\/11\/LOGO-DELMI-MART-Pinoy-Grocery-shop-600x600-1.webp","contentUrl":"https:\/\/pinoy-grocery.com\/wp-content\/uploads\/2025\/11\/LOGO-DELMI-MART-Pinoy-Grocery-shop-600x600-1.webp","width":600,"height":600,"caption":"Delmi Mart Pinoy Grocery"},"image":{"@id":"https:\/\/pinoy-grocery.com\/#\/schema\/logo\/image\/"},"sameAs":["https:\/\/www.facebook.com\/profile.php?id=61573001502527"]}]}},"_links":{"self":[{"href":"https:\/\/pinoy-grocery.com\/en\/wp-json\/wp\/v2\/product\/2074","targetHints":{"allow":["GET"]}}],"collection":[{"href":"https:\/\/pinoy-grocery.com\/en\/wp-json\/wp\/v2\/product"}],"about":[{"href":"https:\/\/pinoy-grocery.com\/en\/wp-json\/wp\/v2\/types\/product"}],"replies":[{"embeddable":true,"href":"https:\/\/pinoy-grocery.com\/en\/wp-json\/wp\/v2\/comments?post=2074"}],"wp:featuredmedia":[{"embeddable":true,"href":"https:\/\/pinoy-grocery.com\/en\/wp-json\/wp\/v2\/media\/2076"}],"wp:attachment":[{"href":"https:\/\/pinoy-grocery.com\/en\/wp-json\/wp\/v2\/media?parent=2074"}],"wp:term":[{"taxonomy":"product_brand","embeddable":true,"href":"https:\/\/pinoy-grocery.com\/en\/wp-json\/wp\/v2\/product_brand?post=2074"},{"taxonomy":"product_cat","embeddable":true,"href":"https:\/\/pinoy-grocery.com\/en\/wp-json\/wp\/v2\/product_cat?post=2074"},{"taxonomy":"product_tag","embeddable":true,"href":"https:\/\/pinoy-grocery.com\/en\/wp-json\/wp\/v2\/product_tag?post=2074"}],"curies":[{"name":"wp","href":"https:\/\/api.w.org\/{rel}","templated":true}]}}