{"id":2024,"date":"2026-03-06T15:34:20","date_gmt":"2026-03-06T15:34:20","guid":{"rendered":"https:\/\/pinoy-grocery.com\/?post_type=product&#038;p=2024"},"modified":"2026-04-07T14:25:43","modified_gmt":"2026-04-07T14:25:43","slug":"peas-o-crispy-green-peas-100-g","status":"publish","type":"product","link":"https:\/\/pinoy-grocery.com\/en\/produit\/peas-o-pois-verts-croustillants-100-g\/","title":{"rendered":"Peas-O - Crispy green peas 100 g"},"content":{"rendered":"<p data-start=\"160\" data-end=\"464\">Peas-O Crunchy Green Peas are delicious, crispy roasted green peas, perfect for an original gourmet break. Very popular in Asia, these crunchy peas have an irresistible texture and a slightly salty flavour that makes them an ideal snack at any time of day.<\/p>\n<p data-start=\"466\" data-end=\"799\">Prepared from selected green peas, they are delicately seasoned to bring out all their natural flavour while retaining their characteristic crunchiness. This snack can be enjoyed as an aperitif, a break at the office, a snack on the go, or as an accompaniment to a convivial moment with friends.<\/p>\n<p data-start=\"801\" data-end=\"967\">Easy to take with you thanks to their practical 100g format, Peas-O Crunchy Green Peas are an excellent alternative to classic snacks such as crisps.<\/p>\n<p data-start=\"969\" data-end=\"991\">Features :<\/p>\n<ul data-start=\"993\" data-end=\"1229\">\n<li data-section-id=\"1jh58m9\" data-start=\"993\" data-end=\"1057\">\n<p data-start=\"995\" data-end=\"1057\">Crispy green peas: a pleasant, crunchy texture<\/p>\n<\/li>\n<li data-section-id=\"1pr1rzt\" data-start=\"1058\" data-end=\"1126\">\n<p data-start=\"1060\" data-end=\"1126\">Popular Asian snack: appreciated for its delicious taste<\/p>\n<\/li>\n<li data-section-id=\"1j3ik5j\" data-start=\"1127\" data-end=\"1165\">\n<p data-start=\"1129\" data-end=\"1165\">Ideal as an aperitif or snack<\/p>\n<\/li>\n<li data-section-id=\"uslict\" data-start=\"1166\" data-end=\"1229\">\n<p data-start=\"1168\" data-end=\"1229\">Practical 100g format: easy to take with you and share with others<\/p>\n<\/li>\n<\/ul>","protected":false},"excerpt":{"rendered":"<p>Peas-O Crispy Green Peas 100g are a tasty Asian snack made with crunchy roasted green peas. Perfect for an aperitif or a gourmet break, they offer an irresistible texture and a delicately salty taste, ideal for replacing crisps.<\/p>","protected":false},"featured_media":2025,"comment_status":"open","ping_status":"closed","template":"","meta":[],"product_brand":[],"product_cat":[34],"product_tag":[],"class_list":{"0":"post-2024","1":"product","2":"type-product","3":"status-publish","4":"has-post-thumbnail","6":"product_cat-snacks-biscuits","8":"first","9":"instock","10":"shipping-taxable","11":"purchasable","12":"product-type-simple"},"yoast_head":"<!-- This site is optimized with the Yoast SEO plugin v27.4 - https:\/\/yoast.com\/product\/yoast-seo-wordpress\/ -->\n<title>Peas-O \u2013 Pois verts croustillants 100 g - Delmi Mart Pinoy Grocery<\/title>\n<meta name=\"robots\" content=\"index, follow, max-snippet:-1, max-image-preview:large, max-video-preview:-1\" \/>\n<link rel=\"canonical\" href=\"https:\/\/pinoy-grocery.com\/en\/product\/peas-o-crispy-green-peas-100-g\/\" \/>\n<meta property=\"og:locale\" content=\"en_GB\" \/>\n<meta property=\"og:type\" content=\"article\" \/>\n<meta property=\"og:title\" content=\"Peas-O \u2013 Pois verts croustillants 100 g - Delmi Mart Pinoy Grocery\" \/>\n<meta property=\"og:description\" content=\"Les Peas-O pois verts croustillants 100 g sont un snack asiatique savoureux \u00e0 base de pois verts grill\u00e9s et croquants. Parfaits pour l\u2019ap\u00e9ritif ou une pause gourmande, ils offrent une texture irr\u00e9sistible et un go\u00fbt d\u00e9licatement sal\u00e9, id\u00e9al pour remplacer les chips.\" \/>\n<meta property=\"og:url\" content=\"https:\/\/pinoy-grocery.com\/en\/product\/peas-o-crispy-green-peas-100-g\/\" \/>\n<meta property=\"og:site_name\" content=\"Delmi Mart Pinoy Grocery\" \/>\n<meta property=\"article:publisher\" content=\"https:\/\/www.facebook.com\/profile.php?id=61573001502527\" \/>\n<meta property=\"article:modified_time\" content=\"2026-04-07T14:25:43+00:00\" \/>\n<meta property=\"og:image\" content=\"https:\/\/pinoy-grocery.com\/wp-content\/uploads\/2026\/03\/Peas-o-Green-peas.webp\" \/>\n\t<meta property=\"og:image:width\" content=\"802\" \/>\n\t<meta property=\"og:image:height\" content=\"802\" \/>\n\t<meta property=\"og:image:type\" content=\"image\/webp\" \/>\n<meta name=\"twitter:card\" content=\"summary_large_image\" \/>\n<meta name=\"twitter:label1\" content=\"Estimated reading time\" \/>\n\t<meta name=\"twitter:data1\" content=\"1 minute\" \/>\n<script type=\"application\/ld+json\" class=\"yoast-schema-graph\">{\"@context\":\"https:\\\/\\\/schema.org\",\"@graph\":[{\"@type\":\"WebPage\",\"@id\":\"https:\\\/\\\/pinoy-grocery.com\\\/produit\\\/peas-o-pois-verts-croustillants-100-g\\\/\",\"url\":\"https:\\\/\\\/pinoy-grocery.com\\\/produit\\\/peas-o-pois-verts-croustillants-100-g\\\/\",\"name\":\"Peas-O \u2013 Pois verts croustillants 100 g - Delmi Mart Pinoy Grocery\",\"isPartOf\":{\"@id\":\"https:\\\/\\\/pinoy-grocery.com\\\/#website\"},\"primaryImageOfPage\":{\"@id\":\"https:\\\/\\\/pinoy-grocery.com\\\/produit\\\/peas-o-pois-verts-croustillants-100-g\\\/#primaryimage\"},\"image\":{\"@id\":\"https:\\\/\\\/pinoy-grocery.com\\\/produit\\\/peas-o-pois-verts-croustillants-100-g\\\/#primaryimage\"},\"thumbnailUrl\":\"https:\\\/\\\/pinoy-grocery.com\\\/wp-content\\\/uploads\\\/2026\\\/03\\\/Peas-o-Green-peas.webp\",\"datePublished\":\"2026-03-06T15:34:20+00:00\",\"dateModified\":\"2026-04-07T14:25:43+00:00\",\"breadcrumb\":{\"@id\":\"https:\\\/\\\/pinoy-grocery.com\\\/produit\\\/peas-o-pois-verts-croustillants-100-g\\\/#breadcrumb\"},\"inLanguage\":\"en-GB\",\"potentialAction\":[{\"@type\":\"ReadAction\",\"target\":[\"https:\\\/\\\/pinoy-grocery.com\\\/produit\\\/peas-o-pois-verts-croustillants-100-g\\\/\"]}]},{\"@type\":\"ImageObject\",\"inLanguage\":\"en-GB\",\"@id\":\"https:\\\/\\\/pinoy-grocery.com\\\/produit\\\/peas-o-pois-verts-croustillants-100-g\\\/#primaryimage\",\"url\":\"https:\\\/\\\/pinoy-grocery.com\\\/wp-content\\\/uploads\\\/2026\\\/03\\\/Peas-o-Green-peas.webp\",\"contentUrl\":\"https:\\\/\\\/pinoy-grocery.com\\\/wp-content\\\/uploads\\\/2026\\\/03\\\/Peas-o-Green-peas.webp\",\"width\":802,\"height\":802,\"caption\":\"Peas o - Green peas\"},{\"@type\":\"BreadcrumbList\",\"@id\":\"https:\\\/\\\/pinoy-grocery.com\\\/produit\\\/peas-o-pois-verts-croustillants-100-g\\\/#breadcrumb\",\"itemListElement\":[{\"@type\":\"ListItem\",\"position\":1,\"name\":\"Accueil\",\"item\":\"https:\\\/\\\/pinoy-grocery.com\\\/\"},{\"@type\":\"ListItem\",\"position\":2,\"name\":\"Boutique\",\"item\":\"https:\\\/\\\/pinoy-grocery.com\\\/boutique\\\/\"},{\"@type\":\"ListItem\",\"position\":3,\"name\":\"Peas-O \u2013 Pois verts croustillants 100 g\"}]},{\"@type\":\"WebSite\",\"@id\":\"https:\\\/\\\/pinoy-grocery.com\\\/#website\",\"url\":\"https:\\\/\\\/pinoy-grocery.com\\\/\",\"name\":\"Delmi Mart Pinoy Grocery\",\"description\":\"Votre \u00e9picerie de produits philippins\",\"publisher\":{\"@id\":\"https:\\\/\\\/pinoy-grocery.com\\\/#organization\"},\"potentialAction\":[{\"@type\":\"SearchAction\",\"target\":{\"@type\":\"EntryPoint\",\"urlTemplate\":\"https:\\\/\\\/pinoy-grocery.com\\\/?s={search_term_string}\"},\"query-input\":{\"@type\":\"PropertyValueSpecification\",\"valueRequired\":true,\"valueName\":\"search_term_string\"}}],\"inLanguage\":\"en-GB\"},{\"@type\":\"Organization\",\"@id\":\"https:\\\/\\\/pinoy-grocery.com\\\/#organization\",\"name\":\"Delmi Mart Pinoy Grocery\",\"url\":\"https:\\\/\\\/pinoy-grocery.com\\\/\",\"logo\":{\"@type\":\"ImageObject\",\"inLanguage\":\"en-GB\",\"@id\":\"https:\\\/\\\/pinoy-grocery.com\\\/#\\\/schema\\\/logo\\\/image\\\/\",\"url\":\"https:\\\/\\\/pinoy-grocery.com\\\/wp-content\\\/uploads\\\/2025\\\/11\\\/LOGO-DELMI-MART-Pinoy-Grocery-shop-600x600-1.webp\",\"contentUrl\":\"https:\\\/\\\/pinoy-grocery.com\\\/wp-content\\\/uploads\\\/2025\\\/11\\\/LOGO-DELMI-MART-Pinoy-Grocery-shop-600x600-1.webp\",\"width\":600,\"height\":600,\"caption\":\"Delmi Mart Pinoy Grocery\"},\"image\":{\"@id\":\"https:\\\/\\\/pinoy-grocery.com\\\/#\\\/schema\\\/logo\\\/image\\\/\"},\"sameAs\":[\"https:\\\/\\\/www.facebook.com\\\/profile.php?id=61573001502527\"]}]}<\/script>\n<!-- \/ Yoast SEO plugin. -->","yoast_head_json":{"title":"Peas-O - Crispy green peas 100 g - Delmi Mart Pinoy Grocery","robots":{"index":"index","follow":"follow","max-snippet":"max-snippet:-1","max-image-preview":"max-image-preview:large","max-video-preview":"max-video-preview:-1"},"canonical":"https:\/\/pinoy-grocery.com\/en\/product\/peas-o-crispy-green-peas-100-g\/","og_locale":"en_GB","og_type":"article","og_title":"Peas-O \u2013 Pois verts croustillants 100 g - Delmi Mart Pinoy Grocery","og_description":"Les Peas-O pois verts croustillants 100 g sont un snack asiatique savoureux \u00e0 base de pois verts grill\u00e9s et croquants. Parfaits pour l\u2019ap\u00e9ritif ou une pause gourmande, ils offrent une texture irr\u00e9sistible et un go\u00fbt d\u00e9licatement sal\u00e9, id\u00e9al pour remplacer les chips.","og_url":"https:\/\/pinoy-grocery.com\/en\/product\/peas-o-crispy-green-peas-100-g\/","og_site_name":"Delmi Mart Pinoy Grocery","article_publisher":"https:\/\/www.facebook.com\/profile.php?id=61573001502527","article_modified_time":"2026-04-07T14:25:43+00:00","og_image":[{"width":802,"height":802,"url":"https:\/\/pinoy-grocery.com\/wp-content\/uploads\/2026\/03\/Peas-o-Green-peas.webp","type":"image\/webp"}],"twitter_card":"summary_large_image","twitter_misc":{"Estimated reading time":"1 minute"},"schema":{"@context":"https:\/\/schema.org","@graph":[{"@type":"WebPage","@id":"https:\/\/pinoy-grocery.com\/produit\/peas-o-pois-verts-croustillants-100-g\/","url":"https:\/\/pinoy-grocery.com\/produit\/peas-o-pois-verts-croustillants-100-g\/","name":"Peas-O - Crispy green peas 100 g - Delmi Mart Pinoy Grocery","isPartOf":{"@id":"https:\/\/pinoy-grocery.com\/#website"},"primaryImageOfPage":{"@id":"https:\/\/pinoy-grocery.com\/produit\/peas-o-pois-verts-croustillants-100-g\/#primaryimage"},"image":{"@id":"https:\/\/pinoy-grocery.com\/produit\/peas-o-pois-verts-croustillants-100-g\/#primaryimage"},"thumbnailUrl":"https:\/\/pinoy-grocery.com\/wp-content\/uploads\/2026\/03\/Peas-o-Green-peas.webp","datePublished":"2026-03-06T15:34:20+00:00","dateModified":"2026-04-07T14:25:43+00:00","breadcrumb":{"@id":"https:\/\/pinoy-grocery.com\/produit\/peas-o-pois-verts-croustillants-100-g\/#breadcrumb"},"inLanguage":"en-GB","potentialAction":[{"@type":"ReadAction","target":["https:\/\/pinoy-grocery.com\/produit\/peas-o-pois-verts-croustillants-100-g\/"]}]},{"@type":"ImageObject","inLanguage":"en-GB","@id":"https:\/\/pinoy-grocery.com\/produit\/peas-o-pois-verts-croustillants-100-g\/#primaryimage","url":"https:\/\/pinoy-grocery.com\/wp-content\/uploads\/2026\/03\/Peas-o-Green-peas.webp","contentUrl":"https:\/\/pinoy-grocery.com\/wp-content\/uploads\/2026\/03\/Peas-o-Green-peas.webp","width":802,"height":802,"caption":"Peas o - Green peas"},{"@type":"BreadcrumbList","@id":"https:\/\/pinoy-grocery.com\/produit\/peas-o-pois-verts-croustillants-100-g\/#breadcrumb","itemListElement":[{"@type":"ListItem","position":1,"name":"Accueil","item":"https:\/\/pinoy-grocery.com\/"},{"@type":"ListItem","position":2,"name":"Boutique","item":"https:\/\/pinoy-grocery.com\/boutique\/"},{"@type":"ListItem","position":3,"name":"Peas-O \u2013 Pois verts croustillants 100 g"}]},{"@type":"WebSite","@id":"https:\/\/pinoy-grocery.com\/#website","url":"https:\/\/pinoy-grocery.com\/","name":"Delmi Mart Pinoy Grocery","description":"Your grocery shop for Filipino products","publisher":{"@id":"https:\/\/pinoy-grocery.com\/#organization"},"potentialAction":[{"@type":"SearchAction","target":{"@type":"EntryPoint","urlTemplate":"https:\/\/pinoy-grocery.com\/?s={search_term_string}"},"query-input":{"@type":"PropertyValueSpecification","valueRequired":true,"valueName":"search_term_string"}}],"inLanguage":"en-GB"},{"@type":"Organization","@id":"https:\/\/pinoy-grocery.com\/#organization","name":"Delmi Mart Pinoy Grocery","url":"https:\/\/pinoy-grocery.com\/","logo":{"@type":"ImageObject","inLanguage":"en-GB","@id":"https:\/\/pinoy-grocery.com\/#\/schema\/logo\/image\/","url":"https:\/\/pinoy-grocery.com\/wp-content\/uploads\/2025\/11\/LOGO-DELMI-MART-Pinoy-Grocery-shop-600x600-1.webp","contentUrl":"https:\/\/pinoy-grocery.com\/wp-content\/uploads\/2025\/11\/LOGO-DELMI-MART-Pinoy-Grocery-shop-600x600-1.webp","width":600,"height":600,"caption":"Delmi Mart Pinoy Grocery"},"image":{"@id":"https:\/\/pinoy-grocery.com\/#\/schema\/logo\/image\/"},"sameAs":["https:\/\/www.facebook.com\/profile.php?id=61573001502527"]}]}},"_links":{"self":[{"href":"https:\/\/pinoy-grocery.com\/en\/wp-json\/wp\/v2\/product\/2024","targetHints":{"allow":["GET"]}}],"collection":[{"href":"https:\/\/pinoy-grocery.com\/en\/wp-json\/wp\/v2\/product"}],"about":[{"href":"https:\/\/pinoy-grocery.com\/en\/wp-json\/wp\/v2\/types\/product"}],"replies":[{"embeddable":true,"href":"https:\/\/pinoy-grocery.com\/en\/wp-json\/wp\/v2\/comments?post=2024"}],"wp:featuredmedia":[{"embeddable":true,"href":"https:\/\/pinoy-grocery.com\/en\/wp-json\/wp\/v2\/media\/2025"}],"wp:attachment":[{"href":"https:\/\/pinoy-grocery.com\/en\/wp-json\/wp\/v2\/media?parent=2024"}],"wp:term":[{"taxonomy":"product_brand","embeddable":true,"href":"https:\/\/pinoy-grocery.com\/en\/wp-json\/wp\/v2\/product_brand?post=2024"},{"taxonomy":"product_cat","embeddable":true,"href":"https:\/\/pinoy-grocery.com\/en\/wp-json\/wp\/v2\/product_cat?post=2024"},{"taxonomy":"product_tag","embeddable":true,"href":"https:\/\/pinoy-grocery.com\/en\/wp-json\/wp\/v2\/product_tag?post=2024"}],"curies":[{"name":"wp","href":"https:\/\/api.w.org\/{rel}","templated":true}]}}