{"id":2022,"date":"2026-03-06T15:27:41","date_gmt":"2026-03-06T15:27:41","guid":{"rendered":"https:\/\/pinoy-grocery.com\/?post_type=product&#038;p=2022"},"modified":"2026-03-26T19:06:32","modified_gmt":"2026-03-26T19:06:32","slug":"ligo-sardines-in-tomato-sauce-155-gr","status":"publish","type":"product","link":"https:\/\/pinoy-grocery.com\/en\/produit\/ligo-sardines-a-la-sauce-tomate-155-gr\/","title":{"rendered":"Ligo - Sardines in tomato sauce 155 gr"},"content":{"rendered":"<p data-start=\"96\" data-end=\"386\">Discover Ligo sardines in tomato sauce, a tasty and practical product for your everyday meals. Slowly prepared in a rich, slightly spicy tomato sauce, these sardines offer a generous, authentic taste that easily enhances many dishes.<\/p>\n<p data-start=\"388\" data-end=\"576\">Delicious simply served with hot rice, they can also be used in a variety of recipes and are an essential ingredient in Filipino cuisine.<\/p>\n<p data-start=\"578\" data-end=\"600\">Features :<\/p>\n<p data-start=\"602\" data-end=\"726\">Quality sardines<br data-start=\"625\" data-end=\"628\" \/>Tender whole sardines, prepared in a savoury tomato sauce for an authentic taste.<\/p>\n<p data-start=\"728\" data-end=\"835\">Spicy tomato sauce<br data-start=\"752\" data-end=\"755\" \/>A rich, slightly spicy sauce that brings out the natural flavour of the fish.<\/p>\n<p data-start=\"837\" data-end=\"943\">Ready to use<br data-start=\"858\" data-end=\"861\" \/>A quick and easy way to prepare a gourmet meal in just a few minutes.<\/p>\n<p data-start=\"945\" data-end=\"1105\">Versatile<br data-start=\"961\" data-end=\"964\" \/>Enjoy as is, with rice or pasta, or in recipes such as omelettes, fried noodles or sandwiches.<\/p>\n<p data-start=\"1107\" data-end=\"1267\">Tip: serve with hot white rice for a quick meal, or mix with pasta or noodles for a simple, tasty dish.<\/p>\n<p data-start=\"1269\" data-end=\"1445\">Ligo sardines in tomato sauce will appeal to fans of canned fish thanks to their rich, authentic flavour, ideal for quick, gourmet meals.<\/p>","protected":false},"excerpt":{"rendered":"<p>Tasty Ligo sardines in tomato sauce, simmered in a rich, slightly spicy sauce. Ready to use, they're ideal for a quick meal with rice, pasta or noodles, and add an authentic touch of Filipino cuisine to your dishes.<\/p>","protected":false},"featured_media":2023,"comment_status":"open","ping_status":"closed","template":"","meta":[],"product_brand":[],"product_cat":[27],"product_tag":[],"class_list":{"0":"post-2022","1":"product","2":"type-product","3":"status-publish","4":"has-post-thumbnail","6":"product_cat-conserves","8":"first","9":"instock","10":"shipping-taxable","11":"purchasable","12":"product-type-simple"},"yoast_head":"<!-- This site is optimized with the Yoast SEO plugin v27.4 - https:\/\/yoast.com\/product\/yoast-seo-wordpress\/ -->\n<title>Ligo - Sardines \u00e0 la sauce tomate 155 gr - Delmi Mart Pinoy Grocery<\/title>\n<meta name=\"robots\" content=\"index, follow, max-snippet:-1, max-image-preview:large, max-video-preview:-1\" \/>\n<link rel=\"canonical\" href=\"https:\/\/pinoy-grocery.com\/en\/product\/ligo-sardines-in-tomato-sauce-155-gr\/\" \/>\n<meta property=\"og:locale\" content=\"en_GB\" \/>\n<meta property=\"og:type\" content=\"article\" \/>\n<meta property=\"og:title\" content=\"Ligo - Sardines \u00e0 la sauce tomate 155 gr - Delmi Mart Pinoy Grocery\" \/>\n<meta property=\"og:description\" content=\"Savoureuses sardines Ligo \u00e0 la sauce tomate, mijot\u00e9es dans une sauce riche et l\u00e9g\u00e8rement \u00e9pic\u00e9e. Pr\u00eates \u00e0 l\u2019emploi, elles sont id\u00e9ales pour un repas rapide avec du riz, des p\u00e2tes ou des nouilles, et apportent une touche authentique de cuisine philippine \u00e0 vos plats.\" \/>\n<meta property=\"og:url\" content=\"https:\/\/pinoy-grocery.com\/en\/product\/ligo-sardines-in-tomato-sauce-155-gr\/\" \/>\n<meta property=\"og:site_name\" content=\"Delmi Mart Pinoy Grocery\" \/>\n<meta property=\"article:publisher\" content=\"https:\/\/www.facebook.com\/profile.php?id=61573001502527\" \/>\n<meta property=\"article:modified_time\" content=\"2026-03-26T19:06:32+00:00\" \/>\n<meta property=\"og:image\" content=\"https:\/\/pinoy-grocery.com\/wp-content\/uploads\/2026\/03\/Ligo-Sardines-a-la-sauce-tomate-155-gr.webp\" \/>\n\t<meta property=\"og:image:width\" content=\"802\" \/>\n\t<meta property=\"og:image:height\" content=\"802\" \/>\n\t<meta property=\"og:image:type\" content=\"image\/webp\" \/>\n<meta name=\"twitter:card\" content=\"summary_large_image\" \/>\n<meta name=\"twitter:label1\" content=\"Estimated reading time\" \/>\n\t<meta name=\"twitter:data1\" content=\"2 minutes\" \/>\n<script type=\"application\/ld+json\" class=\"yoast-schema-graph\">{\"@context\":\"https:\\\/\\\/schema.org\",\"@graph\":[{\"@type\":\"WebPage\",\"@id\":\"https:\\\/\\\/pinoy-grocery.com\\\/produit\\\/ligo-sardines-a-la-sauce-tomate-155-gr\\\/\",\"url\":\"https:\\\/\\\/pinoy-grocery.com\\\/produit\\\/ligo-sardines-a-la-sauce-tomate-155-gr\\\/\",\"name\":\"Ligo - Sardines \u00e0 la sauce tomate 155 gr - Delmi Mart Pinoy Grocery\",\"isPartOf\":{\"@id\":\"https:\\\/\\\/pinoy-grocery.com\\\/#website\"},\"primaryImageOfPage\":{\"@id\":\"https:\\\/\\\/pinoy-grocery.com\\\/produit\\\/ligo-sardines-a-la-sauce-tomate-155-gr\\\/#primaryimage\"},\"image\":{\"@id\":\"https:\\\/\\\/pinoy-grocery.com\\\/produit\\\/ligo-sardines-a-la-sauce-tomate-155-gr\\\/#primaryimage\"},\"thumbnailUrl\":\"https:\\\/\\\/pinoy-grocery.com\\\/wp-content\\\/uploads\\\/2026\\\/03\\\/Ligo-Sardines-a-la-sauce-tomate-155-gr.webp\",\"datePublished\":\"2026-03-06T15:27:41+00:00\",\"dateModified\":\"2026-03-26T19:06:32+00:00\",\"breadcrumb\":{\"@id\":\"https:\\\/\\\/pinoy-grocery.com\\\/produit\\\/ligo-sardines-a-la-sauce-tomate-155-gr\\\/#breadcrumb\"},\"inLanguage\":\"en-GB\",\"potentialAction\":[{\"@type\":\"ReadAction\",\"target\":[\"https:\\\/\\\/pinoy-grocery.com\\\/produit\\\/ligo-sardines-a-la-sauce-tomate-155-gr\\\/\"]}]},{\"@type\":\"ImageObject\",\"inLanguage\":\"en-GB\",\"@id\":\"https:\\\/\\\/pinoy-grocery.com\\\/produit\\\/ligo-sardines-a-la-sauce-tomate-155-gr\\\/#primaryimage\",\"url\":\"https:\\\/\\\/pinoy-grocery.com\\\/wp-content\\\/uploads\\\/2026\\\/03\\\/Ligo-Sardines-a-la-sauce-tomate-155-gr.webp\",\"contentUrl\":\"https:\\\/\\\/pinoy-grocery.com\\\/wp-content\\\/uploads\\\/2026\\\/03\\\/Ligo-Sardines-a-la-sauce-tomate-155-gr.webp\",\"width\":802,\"height\":802,\"caption\":\"Ligo - Sardines a\u0300 la sauce tomate 155 gr\"},{\"@type\":\"BreadcrumbList\",\"@id\":\"https:\\\/\\\/pinoy-grocery.com\\\/produit\\\/ligo-sardines-a-la-sauce-tomate-155-gr\\\/#breadcrumb\",\"itemListElement\":[{\"@type\":\"ListItem\",\"position\":1,\"name\":\"Accueil\",\"item\":\"https:\\\/\\\/pinoy-grocery.com\\\/\"},{\"@type\":\"ListItem\",\"position\":2,\"name\":\"Boutique\",\"item\":\"https:\\\/\\\/pinoy-grocery.com\\\/boutique\\\/\"},{\"@type\":\"ListItem\",\"position\":3,\"name\":\"Ligo &#8211; Sardines \u00e0 la sauce tomate 155 gr\"}]},{\"@type\":\"WebSite\",\"@id\":\"https:\\\/\\\/pinoy-grocery.com\\\/#website\",\"url\":\"https:\\\/\\\/pinoy-grocery.com\\\/\",\"name\":\"Delmi Mart Pinoy Grocery\",\"description\":\"Votre \u00e9picerie de produits philippins\",\"publisher\":{\"@id\":\"https:\\\/\\\/pinoy-grocery.com\\\/#organization\"},\"potentialAction\":[{\"@type\":\"SearchAction\",\"target\":{\"@type\":\"EntryPoint\",\"urlTemplate\":\"https:\\\/\\\/pinoy-grocery.com\\\/?s={search_term_string}\"},\"query-input\":{\"@type\":\"PropertyValueSpecification\",\"valueRequired\":true,\"valueName\":\"search_term_string\"}}],\"inLanguage\":\"en-GB\"},{\"@type\":\"Organization\",\"@id\":\"https:\\\/\\\/pinoy-grocery.com\\\/#organization\",\"name\":\"Delmi Mart Pinoy Grocery\",\"url\":\"https:\\\/\\\/pinoy-grocery.com\\\/\",\"logo\":{\"@type\":\"ImageObject\",\"inLanguage\":\"en-GB\",\"@id\":\"https:\\\/\\\/pinoy-grocery.com\\\/#\\\/schema\\\/logo\\\/image\\\/\",\"url\":\"https:\\\/\\\/pinoy-grocery.com\\\/wp-content\\\/uploads\\\/2025\\\/11\\\/LOGO-DELMI-MART-Pinoy-Grocery-shop-600x600-1.webp\",\"contentUrl\":\"https:\\\/\\\/pinoy-grocery.com\\\/wp-content\\\/uploads\\\/2025\\\/11\\\/LOGO-DELMI-MART-Pinoy-Grocery-shop-600x600-1.webp\",\"width\":600,\"height\":600,\"caption\":\"Delmi Mart Pinoy Grocery\"},\"image\":{\"@id\":\"https:\\\/\\\/pinoy-grocery.com\\\/#\\\/schema\\\/logo\\\/image\\\/\"},\"sameAs\":[\"https:\\\/\\\/www.facebook.com\\\/profile.php?id=61573001502527\"]}]}<\/script>\n<!-- \/ Yoast SEO plugin. -->","yoast_head_json":{"title":"Ligo - Sardines in tomato sauce 155 gr - Delmi Mart Pinoy Grocery","robots":{"index":"index","follow":"follow","max-snippet":"max-snippet:-1","max-image-preview":"max-image-preview:large","max-video-preview":"max-video-preview:-1"},"canonical":"https:\/\/pinoy-grocery.com\/en\/product\/ligo-sardines-in-tomato-sauce-155-gr\/","og_locale":"en_GB","og_type":"article","og_title":"Ligo - Sardines \u00e0 la sauce tomate 155 gr - Delmi Mart Pinoy Grocery","og_description":"Savoureuses sardines Ligo \u00e0 la sauce tomate, mijot\u00e9es dans une sauce riche et l\u00e9g\u00e8rement \u00e9pic\u00e9e. Pr\u00eates \u00e0 l\u2019emploi, elles sont id\u00e9ales pour un repas rapide avec du riz, des p\u00e2tes ou des nouilles, et apportent une touche authentique de cuisine philippine \u00e0 vos plats.","og_url":"https:\/\/pinoy-grocery.com\/en\/product\/ligo-sardines-in-tomato-sauce-155-gr\/","og_site_name":"Delmi Mart Pinoy Grocery","article_publisher":"https:\/\/www.facebook.com\/profile.php?id=61573001502527","article_modified_time":"2026-03-26T19:06:32+00:00","og_image":[{"width":802,"height":802,"url":"https:\/\/pinoy-grocery.com\/wp-content\/uploads\/2026\/03\/Ligo-Sardines-a-la-sauce-tomate-155-gr.webp","type":"image\/webp"}],"twitter_card":"summary_large_image","twitter_misc":{"Estimated reading time":"2 minutes"},"schema":{"@context":"https:\/\/schema.org","@graph":[{"@type":"WebPage","@id":"https:\/\/pinoy-grocery.com\/produit\/ligo-sardines-a-la-sauce-tomate-155-gr\/","url":"https:\/\/pinoy-grocery.com\/produit\/ligo-sardines-a-la-sauce-tomate-155-gr\/","name":"Ligo - Sardines in tomato sauce 155 gr - Delmi Mart Pinoy Grocery","isPartOf":{"@id":"https:\/\/pinoy-grocery.com\/#website"},"primaryImageOfPage":{"@id":"https:\/\/pinoy-grocery.com\/produit\/ligo-sardines-a-la-sauce-tomate-155-gr\/#primaryimage"},"image":{"@id":"https:\/\/pinoy-grocery.com\/produit\/ligo-sardines-a-la-sauce-tomate-155-gr\/#primaryimage"},"thumbnailUrl":"https:\/\/pinoy-grocery.com\/wp-content\/uploads\/2026\/03\/Ligo-Sardines-a-la-sauce-tomate-155-gr.webp","datePublished":"2026-03-06T15:27:41+00:00","dateModified":"2026-03-26T19:06:32+00:00","breadcrumb":{"@id":"https:\/\/pinoy-grocery.com\/produit\/ligo-sardines-a-la-sauce-tomate-155-gr\/#breadcrumb"},"inLanguage":"en-GB","potentialAction":[{"@type":"ReadAction","target":["https:\/\/pinoy-grocery.com\/produit\/ligo-sardines-a-la-sauce-tomate-155-gr\/"]}]},{"@type":"ImageObject","inLanguage":"en-GB","@id":"https:\/\/pinoy-grocery.com\/produit\/ligo-sardines-a-la-sauce-tomate-155-gr\/#primaryimage","url":"https:\/\/pinoy-grocery.com\/wp-content\/uploads\/2026\/03\/Ligo-Sardines-a-la-sauce-tomate-155-gr.webp","contentUrl":"https:\/\/pinoy-grocery.com\/wp-content\/uploads\/2026\/03\/Ligo-Sardines-a-la-sauce-tomate-155-gr.webp","width":802,"height":802,"caption":"Ligo - Sardines a\u0300 la sauce tomate 155 gr"},{"@type":"BreadcrumbList","@id":"https:\/\/pinoy-grocery.com\/produit\/ligo-sardines-a-la-sauce-tomate-155-gr\/#breadcrumb","itemListElement":[{"@type":"ListItem","position":1,"name":"Accueil","item":"https:\/\/pinoy-grocery.com\/"},{"@type":"ListItem","position":2,"name":"Boutique","item":"https:\/\/pinoy-grocery.com\/boutique\/"},{"@type":"ListItem","position":3,"name":"Ligo &#8211; Sardines \u00e0 la sauce tomate 155 gr"}]},{"@type":"WebSite","@id":"https:\/\/pinoy-grocery.com\/#website","url":"https:\/\/pinoy-grocery.com\/","name":"Delmi Mart Pinoy Grocery","description":"Your grocery shop for Filipino products","publisher":{"@id":"https:\/\/pinoy-grocery.com\/#organization"},"potentialAction":[{"@type":"SearchAction","target":{"@type":"EntryPoint","urlTemplate":"https:\/\/pinoy-grocery.com\/?s={search_term_string}"},"query-input":{"@type":"PropertyValueSpecification","valueRequired":true,"valueName":"search_term_string"}}],"inLanguage":"en-GB"},{"@type":"Organization","@id":"https:\/\/pinoy-grocery.com\/#organization","name":"Delmi Mart Pinoy Grocery","url":"https:\/\/pinoy-grocery.com\/","logo":{"@type":"ImageObject","inLanguage":"en-GB","@id":"https:\/\/pinoy-grocery.com\/#\/schema\/logo\/image\/","url":"https:\/\/pinoy-grocery.com\/wp-content\/uploads\/2025\/11\/LOGO-DELMI-MART-Pinoy-Grocery-shop-600x600-1.webp","contentUrl":"https:\/\/pinoy-grocery.com\/wp-content\/uploads\/2025\/11\/LOGO-DELMI-MART-Pinoy-Grocery-shop-600x600-1.webp","width":600,"height":600,"caption":"Delmi Mart Pinoy Grocery"},"image":{"@id":"https:\/\/pinoy-grocery.com\/#\/schema\/logo\/image\/"},"sameAs":["https:\/\/www.facebook.com\/profile.php?id=61573001502527"]}]}},"_links":{"self":[{"href":"https:\/\/pinoy-grocery.com\/en\/wp-json\/wp\/v2\/product\/2022","targetHints":{"allow":["GET"]}}],"collection":[{"href":"https:\/\/pinoy-grocery.com\/en\/wp-json\/wp\/v2\/product"}],"about":[{"href":"https:\/\/pinoy-grocery.com\/en\/wp-json\/wp\/v2\/types\/product"}],"replies":[{"embeddable":true,"href":"https:\/\/pinoy-grocery.com\/en\/wp-json\/wp\/v2\/comments?post=2022"}],"wp:featuredmedia":[{"embeddable":true,"href":"https:\/\/pinoy-grocery.com\/en\/wp-json\/wp\/v2\/media\/2023"}],"wp:attachment":[{"href":"https:\/\/pinoy-grocery.com\/en\/wp-json\/wp\/v2\/media?parent=2022"}],"wp:term":[{"taxonomy":"product_brand","embeddable":true,"href":"https:\/\/pinoy-grocery.com\/en\/wp-json\/wp\/v2\/product_brand?post=2022"},{"taxonomy":"product_cat","embeddable":true,"href":"https:\/\/pinoy-grocery.com\/en\/wp-json\/wp\/v2\/product_cat?post=2022"},{"taxonomy":"product_tag","embeddable":true,"href":"https:\/\/pinoy-grocery.com\/en\/wp-json\/wp\/v2\/product_tag?post=2022"}],"curies":[{"name":"wp","href":"https:\/\/api.w.org\/{rel}","templated":true}]}}