{"id":2020,"date":"2026-03-06T15:12:22","date_gmt":"2026-03-06T15:12:22","guid":{"rendered":"https:\/\/pinoy-grocery.com\/?post_type=product&#038;p=2020"},"modified":"2026-05-01T08:43:12","modified_gmt":"2026-05-01T08:43:12","slug":"ligo-sardines-in-tomato-and-chilli-sauce-155-gr","status":"publish","type":"product","link":"https:\/\/pinoy-grocery.com\/en\/produit\/ligo-sardines-a-la-sauce-tomate-et-au-piment-155-gr\/","title":{"rendered":"Ligo - Sardines in tomato and chilli sauce 155 gr"},"content":{"rendered":"<p data-start=\"172\" data-end=\"514\">Ligo Sardines in Tomato Sauce &amp; Chilli (Hot) are Filipino sardines in chilli tomato sauce, much appreciated for their rich, slightly spicy flavour. Prepared with a tasty sauce made from tomato, chilli, water, salt and pepper, they offer a perfect balance between the sweetness of the tomato and the intensity of the chilli.<\/p>\n<p data-start=\"516\" data-end=\"847\">These Ligo tinned sardines are ideal for preparing a wide range of dishes quickly: stir-fried noodles, woks, rice dishes or fish recipes. They can also be eaten simply with hot rice, as is often done in the Philippines, for a quick, authentic meal full of flavour.<\/p>\n<p data-start=\"849\" data-end=\"1045\">Practical and easy to use, Ligo sardines in tomato and chilli sauce are a versatile ingredient or a tasty snack, perfect for discovering Filipino cuisine.<\/p>","protected":false},"excerpt":{"rendered":"<p>Tasty Ligo sardines in tomato and chilli sauce, prepared with a lightly spiced sauce that adds character and flavour. Ready to eat, they are ideal with rice, noodles or in stir-fried dishes, for a quick meal full of flavours inspired by Filipino cuisine.<\/p>","protected":false},"featured_media":2021,"comment_status":"open","ping_status":"closed","template":"","meta":[],"product_brand":[],"product_cat":[27],"product_tag":[],"class_list":{"0":"post-2020","1":"product","2":"type-product","3":"status-publish","4":"has-post-thumbnail","6":"product_cat-conserves","8":"first","9":"instock","10":"shipping-taxable","11":"purchasable","12":"product-type-simple"},"yoast_head":"<!-- This site is optimized with the Yoast SEO plugin v27.4 - https:\/\/yoast.com\/product\/yoast-seo-wordpress\/ -->\n<title>Ligo - Sardines \u00e0 la sauce tomate et au piment 155 gr - Delmi Mart Pinoy Grocery<\/title>\n<meta name=\"robots\" content=\"index, follow, max-snippet:-1, max-image-preview:large, max-video-preview:-1\" \/>\n<link rel=\"canonical\" href=\"https:\/\/pinoy-grocery.com\/en\/product\/ligo-sardines-in-tomato-and-chilli-sauce-155-gr\/\" \/>\n<meta property=\"og:locale\" content=\"en_GB\" \/>\n<meta property=\"og:type\" content=\"article\" \/>\n<meta property=\"og:title\" content=\"Ligo - Sardines \u00e0 la sauce tomate et au piment 155 gr - Delmi Mart Pinoy Grocery\" \/>\n<meta property=\"og:description\" content=\"Savoureuses sardines Ligo \u00e0 la sauce tomate et au piment, pr\u00e9par\u00e9es avec une sauce l\u00e9g\u00e8rement relev\u00e9e qui apporte caract\u00e8re et gourmandise. Pr\u00eates \u00e0 d\u00e9guster, elles sont id\u00e9ales avec du riz, des nouilles ou dans des plats saut\u00e9s, pour un repas rapide et plein de saveurs inspir\u00e9es de la cuisine philippine.\" \/>\n<meta property=\"og:url\" content=\"https:\/\/pinoy-grocery.com\/en\/product\/ligo-sardines-in-tomato-and-chilli-sauce-155-gr\/\" \/>\n<meta property=\"og:site_name\" content=\"Delmi Mart Pinoy Grocery\" \/>\n<meta property=\"article:publisher\" content=\"https:\/\/www.facebook.com\/profile.php?id=61573001502527\" \/>\n<meta property=\"article:modified_time\" content=\"2026-05-01T08:43:12+00:00\" \/>\n<meta property=\"og:image\" content=\"https:\/\/pinoy-grocery.com\/wp-content\/uploads\/2026\/03\/Sardines-in-chili-tomato-sauce-155-g-Ligo.webp\" \/>\n\t<meta property=\"og:image:width\" content=\"802\" \/>\n\t<meta property=\"og:image:height\" content=\"802\" \/>\n\t<meta property=\"og:image:type\" content=\"image\/webp\" \/>\n<meta name=\"twitter:card\" content=\"summary_large_image\" \/>\n<meta name=\"twitter:label1\" content=\"Estimated reading time\" \/>\n\t<meta name=\"twitter:data1\" content=\"1 minute\" \/>\n<script type=\"application\/ld+json\" class=\"yoast-schema-graph\">{\"@context\":\"https:\\\/\\\/schema.org\",\"@graph\":[{\"@type\":\"WebPage\",\"@id\":\"https:\\\/\\\/pinoy-grocery.com\\\/produit\\\/ligo-sardines-a-la-sauce-tomate-et-au-piment-155-gr\\\/\",\"url\":\"https:\\\/\\\/pinoy-grocery.com\\\/produit\\\/ligo-sardines-a-la-sauce-tomate-et-au-piment-155-gr\\\/\",\"name\":\"Ligo - Sardines \u00e0 la sauce tomate et au piment 155 gr - Delmi Mart Pinoy Grocery\",\"isPartOf\":{\"@id\":\"https:\\\/\\\/pinoy-grocery.com\\\/#website\"},\"primaryImageOfPage\":{\"@id\":\"https:\\\/\\\/pinoy-grocery.com\\\/produit\\\/ligo-sardines-a-la-sauce-tomate-et-au-piment-155-gr\\\/#primaryimage\"},\"image\":{\"@id\":\"https:\\\/\\\/pinoy-grocery.com\\\/produit\\\/ligo-sardines-a-la-sauce-tomate-et-au-piment-155-gr\\\/#primaryimage\"},\"thumbnailUrl\":\"https:\\\/\\\/pinoy-grocery.com\\\/wp-content\\\/uploads\\\/2026\\\/03\\\/Sardines-in-chili-tomato-sauce-155-g-Ligo.webp\",\"datePublished\":\"2026-03-06T15:12:22+00:00\",\"dateModified\":\"2026-05-01T08:43:12+00:00\",\"breadcrumb\":{\"@id\":\"https:\\\/\\\/pinoy-grocery.com\\\/produit\\\/ligo-sardines-a-la-sauce-tomate-et-au-piment-155-gr\\\/#breadcrumb\"},\"inLanguage\":\"en-GB\",\"potentialAction\":[{\"@type\":\"ReadAction\",\"target\":[\"https:\\\/\\\/pinoy-grocery.com\\\/produit\\\/ligo-sardines-a-la-sauce-tomate-et-au-piment-155-gr\\\/\"]}]},{\"@type\":\"ImageObject\",\"inLanguage\":\"en-GB\",\"@id\":\"https:\\\/\\\/pinoy-grocery.com\\\/produit\\\/ligo-sardines-a-la-sauce-tomate-et-au-piment-155-gr\\\/#primaryimage\",\"url\":\"https:\\\/\\\/pinoy-grocery.com\\\/wp-content\\\/uploads\\\/2026\\\/03\\\/Sardines-in-chili-tomato-sauce-155-g-Ligo.webp\",\"contentUrl\":\"https:\\\/\\\/pinoy-grocery.com\\\/wp-content\\\/uploads\\\/2026\\\/03\\\/Sardines-in-chili-tomato-sauce-155-g-Ligo.webp\",\"width\":802,\"height\":802,\"caption\":\"Sardines in chili tomato sauce 155 g - Ligo\"},{\"@type\":\"BreadcrumbList\",\"@id\":\"https:\\\/\\\/pinoy-grocery.com\\\/produit\\\/ligo-sardines-a-la-sauce-tomate-et-au-piment-155-gr\\\/#breadcrumb\",\"itemListElement\":[{\"@type\":\"ListItem\",\"position\":1,\"name\":\"Accueil\",\"item\":\"https:\\\/\\\/pinoy-grocery.com\\\/\"},{\"@type\":\"ListItem\",\"position\":2,\"name\":\"Boutique\",\"item\":\"https:\\\/\\\/pinoy-grocery.com\\\/boutique\\\/\"},{\"@type\":\"ListItem\",\"position\":3,\"name\":\"Ligo &#8211; Sardines \u00e0 la sauce tomate et au piment 155 gr\"}]},{\"@type\":\"WebSite\",\"@id\":\"https:\\\/\\\/pinoy-grocery.com\\\/#website\",\"url\":\"https:\\\/\\\/pinoy-grocery.com\\\/\",\"name\":\"Delmi Mart Pinoy Grocery\",\"description\":\"Votre \u00e9picerie de produits philippins\",\"publisher\":{\"@id\":\"https:\\\/\\\/pinoy-grocery.com\\\/#organization\"},\"potentialAction\":[{\"@type\":\"SearchAction\",\"target\":{\"@type\":\"EntryPoint\",\"urlTemplate\":\"https:\\\/\\\/pinoy-grocery.com\\\/?s={search_term_string}\"},\"query-input\":{\"@type\":\"PropertyValueSpecification\",\"valueRequired\":true,\"valueName\":\"search_term_string\"}}],\"inLanguage\":\"en-GB\"},{\"@type\":\"Organization\",\"@id\":\"https:\\\/\\\/pinoy-grocery.com\\\/#organization\",\"name\":\"Delmi Mart Pinoy Grocery\",\"url\":\"https:\\\/\\\/pinoy-grocery.com\\\/\",\"logo\":{\"@type\":\"ImageObject\",\"inLanguage\":\"en-GB\",\"@id\":\"https:\\\/\\\/pinoy-grocery.com\\\/#\\\/schema\\\/logo\\\/image\\\/\",\"url\":\"https:\\\/\\\/pinoy-grocery.com\\\/wp-content\\\/uploads\\\/2025\\\/11\\\/LOGO-DELMI-MART-Pinoy-Grocery-shop-600x600-1.webp\",\"contentUrl\":\"https:\\\/\\\/pinoy-grocery.com\\\/wp-content\\\/uploads\\\/2025\\\/11\\\/LOGO-DELMI-MART-Pinoy-Grocery-shop-600x600-1.webp\",\"width\":600,\"height\":600,\"caption\":\"Delmi Mart Pinoy Grocery\"},\"image\":{\"@id\":\"https:\\\/\\\/pinoy-grocery.com\\\/#\\\/schema\\\/logo\\\/image\\\/\"},\"sameAs\":[\"https:\\\/\\\/www.facebook.com\\\/profile.php?id=61573001502527\"]}]}<\/script>\n<!-- \/ Yoast SEO plugin. -->","yoast_head_json":{"title":"Ligo - Sardines in tomato and chilli sauce 155 gr - Delmi Mart Pinoy Grocery","robots":{"index":"index","follow":"follow","max-snippet":"max-snippet:-1","max-image-preview":"max-image-preview:large","max-video-preview":"max-video-preview:-1"},"canonical":"https:\/\/pinoy-grocery.com\/en\/product\/ligo-sardines-in-tomato-and-chilli-sauce-155-gr\/","og_locale":"en_GB","og_type":"article","og_title":"Ligo - Sardines \u00e0 la sauce tomate et au piment 155 gr - Delmi Mart Pinoy Grocery","og_description":"Savoureuses sardines Ligo \u00e0 la sauce tomate et au piment, pr\u00e9par\u00e9es avec une sauce l\u00e9g\u00e8rement relev\u00e9e qui apporte caract\u00e8re et gourmandise. Pr\u00eates \u00e0 d\u00e9guster, elles sont id\u00e9ales avec du riz, des nouilles ou dans des plats saut\u00e9s, pour un repas rapide et plein de saveurs inspir\u00e9es de la cuisine philippine.","og_url":"https:\/\/pinoy-grocery.com\/en\/product\/ligo-sardines-in-tomato-and-chilli-sauce-155-gr\/","og_site_name":"Delmi Mart Pinoy Grocery","article_publisher":"https:\/\/www.facebook.com\/profile.php?id=61573001502527","article_modified_time":"2026-05-01T08:43:12+00:00","og_image":[{"width":802,"height":802,"url":"https:\/\/pinoy-grocery.com\/wp-content\/uploads\/2026\/03\/Sardines-in-chili-tomato-sauce-155-g-Ligo.webp","type":"image\/webp"}],"twitter_card":"summary_large_image","twitter_misc":{"Estimated reading time":"1 minute"},"schema":{"@context":"https:\/\/schema.org","@graph":[{"@type":"WebPage","@id":"https:\/\/pinoy-grocery.com\/produit\/ligo-sardines-a-la-sauce-tomate-et-au-piment-155-gr\/","url":"https:\/\/pinoy-grocery.com\/produit\/ligo-sardines-a-la-sauce-tomate-et-au-piment-155-gr\/","name":"Ligo - Sardines in tomato and chilli sauce 155 gr - Delmi Mart Pinoy Grocery","isPartOf":{"@id":"https:\/\/pinoy-grocery.com\/#website"},"primaryImageOfPage":{"@id":"https:\/\/pinoy-grocery.com\/produit\/ligo-sardines-a-la-sauce-tomate-et-au-piment-155-gr\/#primaryimage"},"image":{"@id":"https:\/\/pinoy-grocery.com\/produit\/ligo-sardines-a-la-sauce-tomate-et-au-piment-155-gr\/#primaryimage"},"thumbnailUrl":"https:\/\/pinoy-grocery.com\/wp-content\/uploads\/2026\/03\/Sardines-in-chili-tomato-sauce-155-g-Ligo.webp","datePublished":"2026-03-06T15:12:22+00:00","dateModified":"2026-05-01T08:43:12+00:00","breadcrumb":{"@id":"https:\/\/pinoy-grocery.com\/produit\/ligo-sardines-a-la-sauce-tomate-et-au-piment-155-gr\/#breadcrumb"},"inLanguage":"en-GB","potentialAction":[{"@type":"ReadAction","target":["https:\/\/pinoy-grocery.com\/produit\/ligo-sardines-a-la-sauce-tomate-et-au-piment-155-gr\/"]}]},{"@type":"ImageObject","inLanguage":"en-GB","@id":"https:\/\/pinoy-grocery.com\/produit\/ligo-sardines-a-la-sauce-tomate-et-au-piment-155-gr\/#primaryimage","url":"https:\/\/pinoy-grocery.com\/wp-content\/uploads\/2026\/03\/Sardines-in-chili-tomato-sauce-155-g-Ligo.webp","contentUrl":"https:\/\/pinoy-grocery.com\/wp-content\/uploads\/2026\/03\/Sardines-in-chili-tomato-sauce-155-g-Ligo.webp","width":802,"height":802,"caption":"Sardines in chili tomato sauce 155 g - Ligo"},{"@type":"BreadcrumbList","@id":"https:\/\/pinoy-grocery.com\/produit\/ligo-sardines-a-la-sauce-tomate-et-au-piment-155-gr\/#breadcrumb","itemListElement":[{"@type":"ListItem","position":1,"name":"Accueil","item":"https:\/\/pinoy-grocery.com\/"},{"@type":"ListItem","position":2,"name":"Boutique","item":"https:\/\/pinoy-grocery.com\/boutique\/"},{"@type":"ListItem","position":3,"name":"Ligo &#8211; Sardines \u00e0 la sauce tomate et au piment 155 gr"}]},{"@type":"WebSite","@id":"https:\/\/pinoy-grocery.com\/#website","url":"https:\/\/pinoy-grocery.com\/","name":"Delmi Mart Pinoy Grocery","description":"Your grocery shop for Filipino products","publisher":{"@id":"https:\/\/pinoy-grocery.com\/#organization"},"potentialAction":[{"@type":"SearchAction","target":{"@type":"EntryPoint","urlTemplate":"https:\/\/pinoy-grocery.com\/?s={search_term_string}"},"query-input":{"@type":"PropertyValueSpecification","valueRequired":true,"valueName":"search_term_string"}}],"inLanguage":"en-GB"},{"@type":"Organization","@id":"https:\/\/pinoy-grocery.com\/#organization","name":"Delmi Mart Pinoy Grocery","url":"https:\/\/pinoy-grocery.com\/","logo":{"@type":"ImageObject","inLanguage":"en-GB","@id":"https:\/\/pinoy-grocery.com\/#\/schema\/logo\/image\/","url":"https:\/\/pinoy-grocery.com\/wp-content\/uploads\/2025\/11\/LOGO-DELMI-MART-Pinoy-Grocery-shop-600x600-1.webp","contentUrl":"https:\/\/pinoy-grocery.com\/wp-content\/uploads\/2025\/11\/LOGO-DELMI-MART-Pinoy-Grocery-shop-600x600-1.webp","width":600,"height":600,"caption":"Delmi Mart Pinoy Grocery"},"image":{"@id":"https:\/\/pinoy-grocery.com\/#\/schema\/logo\/image\/"},"sameAs":["https:\/\/www.facebook.com\/profile.php?id=61573001502527"]}]}},"_links":{"self":[{"href":"https:\/\/pinoy-grocery.com\/en\/wp-json\/wp\/v2\/product\/2020","targetHints":{"allow":["GET"]}}],"collection":[{"href":"https:\/\/pinoy-grocery.com\/en\/wp-json\/wp\/v2\/product"}],"about":[{"href":"https:\/\/pinoy-grocery.com\/en\/wp-json\/wp\/v2\/types\/product"}],"replies":[{"embeddable":true,"href":"https:\/\/pinoy-grocery.com\/en\/wp-json\/wp\/v2\/comments?post=2020"}],"wp:featuredmedia":[{"embeddable":true,"href":"https:\/\/pinoy-grocery.com\/en\/wp-json\/wp\/v2\/media\/2021"}],"wp:attachment":[{"href":"https:\/\/pinoy-grocery.com\/en\/wp-json\/wp\/v2\/media?parent=2020"}],"wp:term":[{"taxonomy":"product_brand","embeddable":true,"href":"https:\/\/pinoy-grocery.com\/en\/wp-json\/wp\/v2\/product_brand?post=2020"},{"taxonomy":"product_cat","embeddable":true,"href":"https:\/\/pinoy-grocery.com\/en\/wp-json\/wp\/v2\/product_cat?post=2020"},{"taxonomy":"product_tag","embeddable":true,"href":"https:\/\/pinoy-grocery.com\/en\/wp-json\/wp\/v2\/product_tag?post=2020"}],"curies":[{"name":"wp","href":"https:\/\/api.w.org\/{rel}","templated":true}]}}