{"id":2017,"date":"2026-03-06T14:59:49","date_gmt":"2026-03-06T14:59:49","guid":{"rendered":"https:\/\/pinoy-grocery.com\/?post_type=product&#038;p=2017"},"modified":"2026-03-26T19:06:31","modified_gmt":"2026-03-26T19:06:31","slug":"suncrest-suncrest-fudge-cake-barr-assorted-flavours-415gr","status":"publish","type":"product","link":"https:\/\/pinoy-grocery.com\/en\/produit\/suncrest-suncrest-gateau-fudgee-barr-assortiment-de-saveurs-415gr\/","title":{"rendered":"SUNCREST - Fudgee Barr cake assorted flavours 415gr"},"content":{"rendered":"<p data-start=\"232\" data-end=\"521\">Suncrest's Fudgee Bar Flavor Mix is an assortment of moist Filipino filled cakes, very popular in the Philippines. This iconic Filipino snack combines the light texture of a sponge cake with a fudge-like melt-in-your-mouth centre, for a gourmet and comforting break.<\/p>\n<p data-start=\"523\" data-end=\"819\">This discovery pack lets you enjoy several flavours: chocolate, milk, vanilla, and sometimes durian, the exotic fruit emblematic of South-East Asia (depending on the composition of the mix). An excellent way to discover different variations of this much-loved filled cake.<\/p>\n<p data-start=\"821\" data-end=\"1022\">Each Fudgee Bar is individually wrapped, guaranteeing freshness and convenience. Easy to take away, they're perfect for a sweet break at school, in the office, on a trip or with a coffee.<\/p>\n<p data-start=\"1024\" data-end=\"1142\">A practical, delicious dessert that provides energy and sweetness in an individual format that's ideal for everyday use.<\/p>","protected":false},"excerpt":{"rendered":"<p>An assortment of soft Fudgee Bar Suncrest cakes, filled with melting cream and available in a range of gourmet flavours. Each cake is individually wrapped, ideal for a sweet break at any time of day. An iconic Filipino snack, perfect to take to school, work or with a coffee.<\/p>","protected":false},"featured_media":2018,"comment_status":"open","ping_status":"closed","template":"","meta":[],"product_brand":[],"product_cat":[34],"product_tag":[],"class_list":{"0":"post-2017","1":"product","2":"type-product","3":"status-publish","4":"has-post-thumbnail","6":"product_cat-snacks-biscuits","8":"first","9":"instock","10":"shipping-taxable","11":"purchasable","12":"product-type-simple"},"yoast_head":"<!-- This site is optimized with the Yoast SEO plugin v27.4 - https:\/\/yoast.com\/product\/yoast-seo-wordpress\/ -->\n<title>SUNCREST - G\u00e2teau Fudgee Barr assortiment de saveurs 415gr - Delmi Mart Pinoy Grocery<\/title>\n<meta name=\"robots\" content=\"index, follow, max-snippet:-1, max-image-preview:large, max-video-preview:-1\" \/>\n<link rel=\"canonical\" href=\"https:\/\/pinoy-grocery.com\/en\/product\/suncrest-suncrest-fudge-cake-barr-assorted-flavours-415gr\/\" \/>\n<meta property=\"og:locale\" content=\"en_GB\" \/>\n<meta property=\"og:type\" content=\"article\" \/>\n<meta property=\"og:title\" content=\"SUNCREST - G\u00e2teau Fudgee Barr assortiment de saveurs 415gr - Delmi Mart Pinoy Grocery\" \/>\n<meta property=\"og:description\" content=\"Assortiment de g\u00e2teaux moelleux Fudgee Bar Suncrest, fourr\u00e9s d\u2019une cr\u00e8me fondante et propos\u00e9s en plusieurs saveurs gourmandes. Chaque g\u00e2teau est emball\u00e9 individuellement, id\u00e9al pour une pause sucr\u00e9e \u00e0 tout moment de la journ\u00e9e. Un snack philippin iconique, parfait \u00e0 emporter \u00e0 l\u2019\u00e9cole, au travail ou pour accompagner un caf\u00e9.\" \/>\n<meta property=\"og:url\" content=\"https:\/\/pinoy-grocery.com\/en\/product\/suncrest-suncrest-fudge-cake-barr-assorted-flavours-415gr\/\" \/>\n<meta property=\"og:site_name\" content=\"Delmi Mart Pinoy Grocery\" \/>\n<meta property=\"article:publisher\" content=\"https:\/\/www.facebook.com\/profile.php?id=61573001502527\" \/>\n<meta property=\"article:modified_time\" content=\"2026-03-26T19:06:31+00:00\" \/>\n<meta property=\"og:image\" content=\"https:\/\/pinoy-grocery.com\/wp-content\/uploads\/2026\/03\/SUNCREST-Fudgee-barr-combo-flavour-415gr.webp\" \/>\n\t<meta property=\"og:image:width\" content=\"802\" \/>\n\t<meta property=\"og:image:height\" content=\"802\" \/>\n\t<meta property=\"og:image:type\" content=\"image\/webp\" \/>\n<meta name=\"twitter:card\" content=\"summary_large_image\" \/>\n<meta name=\"twitter:label1\" content=\"Estimated reading time\" \/>\n\t<meta name=\"twitter:data1\" content=\"1 minute\" \/>\n<script type=\"application\/ld+json\" class=\"yoast-schema-graph\">{\"@context\":\"https:\\\/\\\/schema.org\",\"@graph\":[{\"@type\":\"WebPage\",\"@id\":\"https:\\\/\\\/pinoy-grocery.com\\\/produit\\\/suncrest-suncrest-gateau-fudgee-barr-assortiment-de-saveurs-415gr\\\/\",\"url\":\"https:\\\/\\\/pinoy-grocery.com\\\/produit\\\/suncrest-suncrest-gateau-fudgee-barr-assortiment-de-saveurs-415gr\\\/\",\"name\":\"SUNCREST - G\u00e2teau Fudgee Barr assortiment de saveurs 415gr - Delmi Mart Pinoy Grocery\",\"isPartOf\":{\"@id\":\"https:\\\/\\\/pinoy-grocery.com\\\/#website\"},\"primaryImageOfPage\":{\"@id\":\"https:\\\/\\\/pinoy-grocery.com\\\/produit\\\/suncrest-suncrest-gateau-fudgee-barr-assortiment-de-saveurs-415gr\\\/#primaryimage\"},\"image\":{\"@id\":\"https:\\\/\\\/pinoy-grocery.com\\\/produit\\\/suncrest-suncrest-gateau-fudgee-barr-assortiment-de-saveurs-415gr\\\/#primaryimage\"},\"thumbnailUrl\":\"https:\\\/\\\/pinoy-grocery.com\\\/wp-content\\\/uploads\\\/2026\\\/03\\\/SUNCREST-Fudgee-barr-combo-flavour-415gr.webp\",\"datePublished\":\"2026-03-06T14:59:49+00:00\",\"dateModified\":\"2026-03-26T19:06:31+00:00\",\"breadcrumb\":{\"@id\":\"https:\\\/\\\/pinoy-grocery.com\\\/produit\\\/suncrest-suncrest-gateau-fudgee-barr-assortiment-de-saveurs-415gr\\\/#breadcrumb\"},\"inLanguage\":\"en-GB\",\"potentialAction\":[{\"@type\":\"ReadAction\",\"target\":[\"https:\\\/\\\/pinoy-grocery.com\\\/produit\\\/suncrest-suncrest-gateau-fudgee-barr-assortiment-de-saveurs-415gr\\\/\"]}]},{\"@type\":\"ImageObject\",\"inLanguage\":\"en-GB\",\"@id\":\"https:\\\/\\\/pinoy-grocery.com\\\/produit\\\/suncrest-suncrest-gateau-fudgee-barr-assortiment-de-saveurs-415gr\\\/#primaryimage\",\"url\":\"https:\\\/\\\/pinoy-grocery.com\\\/wp-content\\\/uploads\\\/2026\\\/03\\\/SUNCREST-Fudgee-barr-combo-flavour-415gr.webp\",\"contentUrl\":\"https:\\\/\\\/pinoy-grocery.com\\\/wp-content\\\/uploads\\\/2026\\\/03\\\/SUNCREST-Fudgee-barr-combo-flavour-415gr.webp\",\"width\":802,\"height\":802,\"caption\":\"SUNCREST - Fudgee barr combo flavour 415gr\"},{\"@type\":\"BreadcrumbList\",\"@id\":\"https:\\\/\\\/pinoy-grocery.com\\\/produit\\\/suncrest-suncrest-gateau-fudgee-barr-assortiment-de-saveurs-415gr\\\/#breadcrumb\",\"itemListElement\":[{\"@type\":\"ListItem\",\"position\":1,\"name\":\"Accueil\",\"item\":\"https:\\\/\\\/pinoy-grocery.com\\\/\"},{\"@type\":\"ListItem\",\"position\":2,\"name\":\"Boutique\",\"item\":\"https:\\\/\\\/pinoy-grocery.com\\\/boutique\\\/\"},{\"@type\":\"ListItem\",\"position\":3,\"name\":\"SUNCREST &#8211; G\u00e2teau Fudgee Barr assortiment de saveurs 415gr\"}]},{\"@type\":\"WebSite\",\"@id\":\"https:\\\/\\\/pinoy-grocery.com\\\/#website\",\"url\":\"https:\\\/\\\/pinoy-grocery.com\\\/\",\"name\":\"Delmi Mart Pinoy Grocery\",\"description\":\"Votre \u00e9picerie de produits philippins\",\"publisher\":{\"@id\":\"https:\\\/\\\/pinoy-grocery.com\\\/#organization\"},\"potentialAction\":[{\"@type\":\"SearchAction\",\"target\":{\"@type\":\"EntryPoint\",\"urlTemplate\":\"https:\\\/\\\/pinoy-grocery.com\\\/?s={search_term_string}\"},\"query-input\":{\"@type\":\"PropertyValueSpecification\",\"valueRequired\":true,\"valueName\":\"search_term_string\"}}],\"inLanguage\":\"en-GB\"},{\"@type\":\"Organization\",\"@id\":\"https:\\\/\\\/pinoy-grocery.com\\\/#organization\",\"name\":\"Delmi Mart Pinoy Grocery\",\"url\":\"https:\\\/\\\/pinoy-grocery.com\\\/\",\"logo\":{\"@type\":\"ImageObject\",\"inLanguage\":\"en-GB\",\"@id\":\"https:\\\/\\\/pinoy-grocery.com\\\/#\\\/schema\\\/logo\\\/image\\\/\",\"url\":\"https:\\\/\\\/pinoy-grocery.com\\\/wp-content\\\/uploads\\\/2025\\\/11\\\/LOGO-DELMI-MART-Pinoy-Grocery-shop-600x600-1.webp\",\"contentUrl\":\"https:\\\/\\\/pinoy-grocery.com\\\/wp-content\\\/uploads\\\/2025\\\/11\\\/LOGO-DELMI-MART-Pinoy-Grocery-shop-600x600-1.webp\",\"width\":600,\"height\":600,\"caption\":\"Delmi Mart Pinoy Grocery\"},\"image\":{\"@id\":\"https:\\\/\\\/pinoy-grocery.com\\\/#\\\/schema\\\/logo\\\/image\\\/\"},\"sameAs\":[\"https:\\\/\\\/www.facebook.com\\\/profile.php?id=61573001502527\"]}]}<\/script>\n<!-- \/ Yoast SEO plugin. -->","yoast_head_json":{"title":"SUNCREST - Fudgee Barr cake assorted flavours 415gr - Delmi Mart Pinoy Grocery","robots":{"index":"index","follow":"follow","max-snippet":"max-snippet:-1","max-image-preview":"max-image-preview:large","max-video-preview":"max-video-preview:-1"},"canonical":"https:\/\/pinoy-grocery.com\/en\/product\/suncrest-suncrest-fudge-cake-barr-assorted-flavours-415gr\/","og_locale":"en_GB","og_type":"article","og_title":"SUNCREST - G\u00e2teau Fudgee Barr assortiment de saveurs 415gr - Delmi Mart Pinoy Grocery","og_description":"Assortiment de g\u00e2teaux moelleux Fudgee Bar Suncrest, fourr\u00e9s d\u2019une cr\u00e8me fondante et propos\u00e9s en plusieurs saveurs gourmandes. Chaque g\u00e2teau est emball\u00e9 individuellement, id\u00e9al pour une pause sucr\u00e9e \u00e0 tout moment de la journ\u00e9e. Un snack philippin iconique, parfait \u00e0 emporter \u00e0 l\u2019\u00e9cole, au travail ou pour accompagner un caf\u00e9.","og_url":"https:\/\/pinoy-grocery.com\/en\/product\/suncrest-suncrest-fudge-cake-barr-assorted-flavours-415gr\/","og_site_name":"Delmi Mart Pinoy Grocery","article_publisher":"https:\/\/www.facebook.com\/profile.php?id=61573001502527","article_modified_time":"2026-03-26T19:06:31+00:00","og_image":[{"width":802,"height":802,"url":"https:\/\/pinoy-grocery.com\/wp-content\/uploads\/2026\/03\/SUNCREST-Fudgee-barr-combo-flavour-415gr.webp","type":"image\/webp"}],"twitter_card":"summary_large_image","twitter_misc":{"Estimated reading time":"1 minute"},"schema":{"@context":"https:\/\/schema.org","@graph":[{"@type":"WebPage","@id":"https:\/\/pinoy-grocery.com\/produit\/suncrest-suncrest-gateau-fudgee-barr-assortiment-de-saveurs-415gr\/","url":"https:\/\/pinoy-grocery.com\/produit\/suncrest-suncrest-gateau-fudgee-barr-assortiment-de-saveurs-415gr\/","name":"SUNCREST - Fudgee Barr cake assorted flavours 415gr - Delmi Mart Pinoy Grocery","isPartOf":{"@id":"https:\/\/pinoy-grocery.com\/#website"},"primaryImageOfPage":{"@id":"https:\/\/pinoy-grocery.com\/produit\/suncrest-suncrest-gateau-fudgee-barr-assortiment-de-saveurs-415gr\/#primaryimage"},"image":{"@id":"https:\/\/pinoy-grocery.com\/produit\/suncrest-suncrest-gateau-fudgee-barr-assortiment-de-saveurs-415gr\/#primaryimage"},"thumbnailUrl":"https:\/\/pinoy-grocery.com\/wp-content\/uploads\/2026\/03\/SUNCREST-Fudgee-barr-combo-flavour-415gr.webp","datePublished":"2026-03-06T14:59:49+00:00","dateModified":"2026-03-26T19:06:31+00:00","breadcrumb":{"@id":"https:\/\/pinoy-grocery.com\/produit\/suncrest-suncrest-gateau-fudgee-barr-assortiment-de-saveurs-415gr\/#breadcrumb"},"inLanguage":"en-GB","potentialAction":[{"@type":"ReadAction","target":["https:\/\/pinoy-grocery.com\/produit\/suncrest-suncrest-gateau-fudgee-barr-assortiment-de-saveurs-415gr\/"]}]},{"@type":"ImageObject","inLanguage":"en-GB","@id":"https:\/\/pinoy-grocery.com\/produit\/suncrest-suncrest-gateau-fudgee-barr-assortiment-de-saveurs-415gr\/#primaryimage","url":"https:\/\/pinoy-grocery.com\/wp-content\/uploads\/2026\/03\/SUNCREST-Fudgee-barr-combo-flavour-415gr.webp","contentUrl":"https:\/\/pinoy-grocery.com\/wp-content\/uploads\/2026\/03\/SUNCREST-Fudgee-barr-combo-flavour-415gr.webp","width":802,"height":802,"caption":"SUNCREST - Fudgee barr combo flavour 415gr"},{"@type":"BreadcrumbList","@id":"https:\/\/pinoy-grocery.com\/produit\/suncrest-suncrest-gateau-fudgee-barr-assortiment-de-saveurs-415gr\/#breadcrumb","itemListElement":[{"@type":"ListItem","position":1,"name":"Accueil","item":"https:\/\/pinoy-grocery.com\/"},{"@type":"ListItem","position":2,"name":"Boutique","item":"https:\/\/pinoy-grocery.com\/boutique\/"},{"@type":"ListItem","position":3,"name":"SUNCREST &#8211; G\u00e2teau Fudgee Barr assortiment de saveurs 415gr"}]},{"@type":"WebSite","@id":"https:\/\/pinoy-grocery.com\/#website","url":"https:\/\/pinoy-grocery.com\/","name":"Delmi Mart Pinoy Grocery","description":"Your grocery shop for Filipino products","publisher":{"@id":"https:\/\/pinoy-grocery.com\/#organization"},"potentialAction":[{"@type":"SearchAction","target":{"@type":"EntryPoint","urlTemplate":"https:\/\/pinoy-grocery.com\/?s={search_term_string}"},"query-input":{"@type":"PropertyValueSpecification","valueRequired":true,"valueName":"search_term_string"}}],"inLanguage":"en-GB"},{"@type":"Organization","@id":"https:\/\/pinoy-grocery.com\/#organization","name":"Delmi Mart Pinoy Grocery","url":"https:\/\/pinoy-grocery.com\/","logo":{"@type":"ImageObject","inLanguage":"en-GB","@id":"https:\/\/pinoy-grocery.com\/#\/schema\/logo\/image\/","url":"https:\/\/pinoy-grocery.com\/wp-content\/uploads\/2025\/11\/LOGO-DELMI-MART-Pinoy-Grocery-shop-600x600-1.webp","contentUrl":"https:\/\/pinoy-grocery.com\/wp-content\/uploads\/2025\/11\/LOGO-DELMI-MART-Pinoy-Grocery-shop-600x600-1.webp","width":600,"height":600,"caption":"Delmi Mart Pinoy Grocery"},"image":{"@id":"https:\/\/pinoy-grocery.com\/#\/schema\/logo\/image\/"},"sameAs":["https:\/\/www.facebook.com\/profile.php?id=61573001502527"]}]}},"_links":{"self":[{"href":"https:\/\/pinoy-grocery.com\/en\/wp-json\/wp\/v2\/product\/2017","targetHints":{"allow":["GET"]}}],"collection":[{"href":"https:\/\/pinoy-grocery.com\/en\/wp-json\/wp\/v2\/product"}],"about":[{"href":"https:\/\/pinoy-grocery.com\/en\/wp-json\/wp\/v2\/types\/product"}],"replies":[{"embeddable":true,"href":"https:\/\/pinoy-grocery.com\/en\/wp-json\/wp\/v2\/comments?post=2017"}],"wp:featuredmedia":[{"embeddable":true,"href":"https:\/\/pinoy-grocery.com\/en\/wp-json\/wp\/v2\/media\/2018"}],"wp:attachment":[{"href":"https:\/\/pinoy-grocery.com\/en\/wp-json\/wp\/v2\/media?parent=2017"}],"wp:term":[{"taxonomy":"product_brand","embeddable":true,"href":"https:\/\/pinoy-grocery.com\/en\/wp-json\/wp\/v2\/product_brand?post=2017"},{"taxonomy":"product_cat","embeddable":true,"href":"https:\/\/pinoy-grocery.com\/en\/wp-json\/wp\/v2\/product_cat?post=2017"},{"taxonomy":"product_tag","embeddable":true,"href":"https:\/\/pinoy-grocery.com\/en\/wp-json\/wp\/v2\/product_tag?post=2017"}],"curies":[{"name":"wp","href":"https:\/\/api.w.org\/{rel}","templated":true}]}}