{"id":1555,"date":"2025-11-14T10:11:43","date_gmt":"2025-11-14T10:11:43","guid":{"rendered":"https:\/\/pinoy-grocery.com\/?post_type=product&#038;p=1555"},"modified":"2025-11-14T10:11:49","modified_gmt":"2025-11-14T10:11:49","slug":"sun-flower-cream-biscuit-with-strawberry-filling-190gr","status":"publish","type":"product","link":"https:\/\/pinoy-grocery.com\/en\/produit\/sun-flower-biscuit-a-la-creme-fourre-a-la-fraise-190gr\/","title":{"rendered":"Sun flower - Cream biscuit with strawberry filling - 190gr"},"content":{"rendered":"<p>Enjoy every bite of Croley Foods Strawberry Sunflower Crackers, a sweet and crunchy Filipino snack packed with the fruity flavour of strawberries. These light, flaky biscuits are individually wrapped for added convenience, making them an ideal choice for snacking (baon), or sharing with family and friends.<\/p>","protected":false},"excerpt":{"rendered":"<p>Cream biscuit with strawberry filling<\/p>","protected":false},"featured_media":1003,"comment_status":"open","ping_status":"closed","template":"","meta":[],"product_brand":[],"product_cat":[34],"product_tag":[],"class_list":{"0":"post-1555","1":"product","2":"type-product","3":"status-publish","4":"has-post-thumbnail","6":"product_cat-snacks-biscuits","8":"first","9":"outofstock","10":"shipping-taxable","11":"purchasable","12":"product-type-simple"},"yoast_head":"<!-- This site is optimized with the Yoast SEO plugin v27.4 - https:\/\/yoast.com\/product\/yoast-seo-wordpress\/ -->\n<title>Sun flower - Biscuit \u00e0 la cr\u00e8me fourr\u00e9 \u00e0 la fraise - 190gr - Delmi Mart Pinoy Grocery<\/title>\n<meta name=\"robots\" content=\"index, follow, max-snippet:-1, max-image-preview:large, max-video-preview:-1\" \/>\n<link rel=\"canonical\" href=\"https:\/\/pinoy-grocery.com\/en\/product\/sun-flower-cream-biscuit-with-strawberry-filling-190gr\/\" \/>\n<meta property=\"og:locale\" content=\"en_GB\" \/>\n<meta property=\"og:type\" content=\"article\" \/>\n<meta property=\"og:title\" content=\"Sun flower - Biscuit \u00e0 la cr\u00e8me fourr\u00e9 \u00e0 la fraise - 190gr - Delmi Mart Pinoy Grocery\" \/>\n<meta property=\"og:description\" content=\"Biscuit \u00e0 la cr\u00e8me fourr\u00e9 \u00e0 la fraise\" \/>\n<meta property=\"og:url\" content=\"https:\/\/pinoy-grocery.com\/en\/product\/sun-flower-cream-biscuit-with-strawberry-filling-190gr\/\" \/>\n<meta property=\"og:site_name\" content=\"Delmi Mart Pinoy Grocery\" \/>\n<meta property=\"article:publisher\" content=\"https:\/\/www.facebook.com\/profile.php?id=61573001502527\" \/>\n<meta property=\"article:modified_time\" content=\"2025-11-14T10:11:49+00:00\" \/>\n<meta property=\"og:image\" content=\"https:\/\/pinoy-grocery.com\/wp-content\/uploads\/2025\/11\/Sun-flower-Cream-sandwich-strawberry-flavor-1.webp\" \/>\n\t<meta property=\"og:image:width\" content=\"877\" \/>\n\t<meta property=\"og:image:height\" content=\"877\" \/>\n\t<meta property=\"og:image:type\" content=\"image\/webp\" \/>\n<meta name=\"twitter:card\" content=\"summary_large_image\" \/>\n<script type=\"application\/ld+json\" class=\"yoast-schema-graph\">{\"@context\":\"https:\\\/\\\/schema.org\",\"@graph\":[{\"@type\":\"WebPage\",\"@id\":\"https:\\\/\\\/pinoy-grocery.com\\\/produit\\\/sun-flower-biscuit-a-la-creme-fourre-a-la-fraise-190gr\\\/\",\"url\":\"https:\\\/\\\/pinoy-grocery.com\\\/produit\\\/sun-flower-biscuit-a-la-creme-fourre-a-la-fraise-190gr\\\/\",\"name\":\"Sun flower - Biscuit \u00e0 la cr\u00e8me fourr\u00e9 \u00e0 la fraise - 190gr - Delmi Mart Pinoy Grocery\",\"isPartOf\":{\"@id\":\"https:\\\/\\\/pinoy-grocery.com\\\/#website\"},\"primaryImageOfPage\":{\"@id\":\"https:\\\/\\\/pinoy-grocery.com\\\/produit\\\/sun-flower-biscuit-a-la-creme-fourre-a-la-fraise-190gr\\\/#primaryimage\"},\"image\":{\"@id\":\"https:\\\/\\\/pinoy-grocery.com\\\/produit\\\/sun-flower-biscuit-a-la-creme-fourre-a-la-fraise-190gr\\\/#primaryimage\"},\"thumbnailUrl\":\"https:\\\/\\\/pinoy-grocery.com\\\/wp-content\\\/uploads\\\/2025\\\/11\\\/Sun-flower-Cream-sandwich-strawberry-flavor-1.webp\",\"datePublished\":\"2025-11-14T10:11:43+00:00\",\"dateModified\":\"2025-11-14T10:11:49+00:00\",\"breadcrumb\":{\"@id\":\"https:\\\/\\\/pinoy-grocery.com\\\/produit\\\/sun-flower-biscuit-a-la-creme-fourre-a-la-fraise-190gr\\\/#breadcrumb\"},\"inLanguage\":\"en-GB\",\"potentialAction\":[{\"@type\":\"ReadAction\",\"target\":[\"https:\\\/\\\/pinoy-grocery.com\\\/produit\\\/sun-flower-biscuit-a-la-creme-fourre-a-la-fraise-190gr\\\/\"]}]},{\"@type\":\"ImageObject\",\"inLanguage\":\"en-GB\",\"@id\":\"https:\\\/\\\/pinoy-grocery.com\\\/produit\\\/sun-flower-biscuit-a-la-creme-fourre-a-la-fraise-190gr\\\/#primaryimage\",\"url\":\"https:\\\/\\\/pinoy-grocery.com\\\/wp-content\\\/uploads\\\/2025\\\/11\\\/Sun-flower-Cream-sandwich-strawberry-flavor-1.webp\",\"contentUrl\":\"https:\\\/\\\/pinoy-grocery.com\\\/wp-content\\\/uploads\\\/2025\\\/11\\\/Sun-flower-Cream-sandwich-strawberry-flavor-1.webp\",\"width\":877,\"height\":877,\"caption\":\"Sun-flower-Cream-sandwich-strawberry-flavor-1.webp\"},{\"@type\":\"BreadcrumbList\",\"@id\":\"https:\\\/\\\/pinoy-grocery.com\\\/produit\\\/sun-flower-biscuit-a-la-creme-fourre-a-la-fraise-190gr\\\/#breadcrumb\",\"itemListElement\":[{\"@type\":\"ListItem\",\"position\":1,\"name\":\"Accueil\",\"item\":\"https:\\\/\\\/pinoy-grocery.com\\\/\"},{\"@type\":\"ListItem\",\"position\":2,\"name\":\"Boutique\",\"item\":\"https:\\\/\\\/pinoy-grocery.com\\\/boutique\\\/\"},{\"@type\":\"ListItem\",\"position\":3,\"name\":\"Sun flower &#8211; Biscuit \u00e0 la cr\u00e8me fourr\u00e9 \u00e0 la fraise &#8211; 190gr\"}]},{\"@type\":\"WebSite\",\"@id\":\"https:\\\/\\\/pinoy-grocery.com\\\/#website\",\"url\":\"https:\\\/\\\/pinoy-grocery.com\\\/\",\"name\":\"Delmi Mart Pinoy Grocery\",\"description\":\"Votre \u00e9picerie de produits philippins\",\"publisher\":{\"@id\":\"https:\\\/\\\/pinoy-grocery.com\\\/#organization\"},\"potentialAction\":[{\"@type\":\"SearchAction\",\"target\":{\"@type\":\"EntryPoint\",\"urlTemplate\":\"https:\\\/\\\/pinoy-grocery.com\\\/?s={search_term_string}\"},\"query-input\":{\"@type\":\"PropertyValueSpecification\",\"valueRequired\":true,\"valueName\":\"search_term_string\"}}],\"inLanguage\":\"en-GB\"},{\"@type\":\"Organization\",\"@id\":\"https:\\\/\\\/pinoy-grocery.com\\\/#organization\",\"name\":\"Delmi Mart Pinoy Grocery\",\"url\":\"https:\\\/\\\/pinoy-grocery.com\\\/\",\"logo\":{\"@type\":\"ImageObject\",\"inLanguage\":\"en-GB\",\"@id\":\"https:\\\/\\\/pinoy-grocery.com\\\/#\\\/schema\\\/logo\\\/image\\\/\",\"url\":\"https:\\\/\\\/pinoy-grocery.com\\\/wp-content\\\/uploads\\\/2025\\\/11\\\/LOGO-DELMI-MART-Pinoy-Grocery-shop-600x600-1.webp\",\"contentUrl\":\"https:\\\/\\\/pinoy-grocery.com\\\/wp-content\\\/uploads\\\/2025\\\/11\\\/LOGO-DELMI-MART-Pinoy-Grocery-shop-600x600-1.webp\",\"width\":600,\"height\":600,\"caption\":\"Delmi Mart Pinoy Grocery\"},\"image\":{\"@id\":\"https:\\\/\\\/pinoy-grocery.com\\\/#\\\/schema\\\/logo\\\/image\\\/\"},\"sameAs\":[\"https:\\\/\\\/www.facebook.com\\\/profile.php?id=61573001502527\"]}]}<\/script>\n<!-- \/ Yoast SEO plugin. -->","yoast_head_json":{"title":"Sun flower - Cream biscuit with strawberry filling - 190gr - Delmi Mart Pinoy Grocery","robots":{"index":"index","follow":"follow","max-snippet":"max-snippet:-1","max-image-preview":"max-image-preview:large","max-video-preview":"max-video-preview:-1"},"canonical":"https:\/\/pinoy-grocery.com\/en\/product\/sun-flower-cream-biscuit-with-strawberry-filling-190gr\/","og_locale":"en_GB","og_type":"article","og_title":"Sun flower - Biscuit \u00e0 la cr\u00e8me fourr\u00e9 \u00e0 la fraise - 190gr - Delmi Mart Pinoy Grocery","og_description":"Biscuit \u00e0 la cr\u00e8me fourr\u00e9 \u00e0 la fraise","og_url":"https:\/\/pinoy-grocery.com\/en\/product\/sun-flower-cream-biscuit-with-strawberry-filling-190gr\/","og_site_name":"Delmi Mart Pinoy Grocery","article_publisher":"https:\/\/www.facebook.com\/profile.php?id=61573001502527","article_modified_time":"2025-11-14T10:11:49+00:00","og_image":[{"width":877,"height":877,"url":"https:\/\/pinoy-grocery.com\/wp-content\/uploads\/2025\/11\/Sun-flower-Cream-sandwich-strawberry-flavor-1.webp","type":"image\/webp"}],"twitter_card":"summary_large_image","schema":{"@context":"https:\/\/schema.org","@graph":[{"@type":"WebPage","@id":"https:\/\/pinoy-grocery.com\/produit\/sun-flower-biscuit-a-la-creme-fourre-a-la-fraise-190gr\/","url":"https:\/\/pinoy-grocery.com\/produit\/sun-flower-biscuit-a-la-creme-fourre-a-la-fraise-190gr\/","name":"Sun flower - Cream biscuit with strawberry filling - 190gr - Delmi Mart Pinoy Grocery","isPartOf":{"@id":"https:\/\/pinoy-grocery.com\/#website"},"primaryImageOfPage":{"@id":"https:\/\/pinoy-grocery.com\/produit\/sun-flower-biscuit-a-la-creme-fourre-a-la-fraise-190gr\/#primaryimage"},"image":{"@id":"https:\/\/pinoy-grocery.com\/produit\/sun-flower-biscuit-a-la-creme-fourre-a-la-fraise-190gr\/#primaryimage"},"thumbnailUrl":"https:\/\/pinoy-grocery.com\/wp-content\/uploads\/2025\/11\/Sun-flower-Cream-sandwich-strawberry-flavor-1.webp","datePublished":"2025-11-14T10:11:43+00:00","dateModified":"2025-11-14T10:11:49+00:00","breadcrumb":{"@id":"https:\/\/pinoy-grocery.com\/produit\/sun-flower-biscuit-a-la-creme-fourre-a-la-fraise-190gr\/#breadcrumb"},"inLanguage":"en-GB","potentialAction":[{"@type":"ReadAction","target":["https:\/\/pinoy-grocery.com\/produit\/sun-flower-biscuit-a-la-creme-fourre-a-la-fraise-190gr\/"]}]},{"@type":"ImageObject","inLanguage":"en-GB","@id":"https:\/\/pinoy-grocery.com\/produit\/sun-flower-biscuit-a-la-creme-fourre-a-la-fraise-190gr\/#primaryimage","url":"https:\/\/pinoy-grocery.com\/wp-content\/uploads\/2025\/11\/Sun-flower-Cream-sandwich-strawberry-flavor-1.webp","contentUrl":"https:\/\/pinoy-grocery.com\/wp-content\/uploads\/2025\/11\/Sun-flower-Cream-sandwich-strawberry-flavor-1.webp","width":877,"height":877,"caption":"Sun-flower-Cream-sandwich-strawberry-flavor-1.webp"},{"@type":"BreadcrumbList","@id":"https:\/\/pinoy-grocery.com\/produit\/sun-flower-biscuit-a-la-creme-fourre-a-la-fraise-190gr\/#breadcrumb","itemListElement":[{"@type":"ListItem","position":1,"name":"Accueil","item":"https:\/\/pinoy-grocery.com\/"},{"@type":"ListItem","position":2,"name":"Boutique","item":"https:\/\/pinoy-grocery.com\/boutique\/"},{"@type":"ListItem","position":3,"name":"Sun flower &#8211; Biscuit \u00e0 la cr\u00e8me fourr\u00e9 \u00e0 la fraise &#8211; 190gr"}]},{"@type":"WebSite","@id":"https:\/\/pinoy-grocery.com\/#website","url":"https:\/\/pinoy-grocery.com\/","name":"Delmi Mart Pinoy Grocery","description":"Your grocery shop for Filipino products","publisher":{"@id":"https:\/\/pinoy-grocery.com\/#organization"},"potentialAction":[{"@type":"SearchAction","target":{"@type":"EntryPoint","urlTemplate":"https:\/\/pinoy-grocery.com\/?s={search_term_string}"},"query-input":{"@type":"PropertyValueSpecification","valueRequired":true,"valueName":"search_term_string"}}],"inLanguage":"en-GB"},{"@type":"Organization","@id":"https:\/\/pinoy-grocery.com\/#organization","name":"Delmi Mart Pinoy Grocery","url":"https:\/\/pinoy-grocery.com\/","logo":{"@type":"ImageObject","inLanguage":"en-GB","@id":"https:\/\/pinoy-grocery.com\/#\/schema\/logo\/image\/","url":"https:\/\/pinoy-grocery.com\/wp-content\/uploads\/2025\/11\/LOGO-DELMI-MART-Pinoy-Grocery-shop-600x600-1.webp","contentUrl":"https:\/\/pinoy-grocery.com\/wp-content\/uploads\/2025\/11\/LOGO-DELMI-MART-Pinoy-Grocery-shop-600x600-1.webp","width":600,"height":600,"caption":"Delmi Mart Pinoy Grocery"},"image":{"@id":"https:\/\/pinoy-grocery.com\/#\/schema\/logo\/image\/"},"sameAs":["https:\/\/www.facebook.com\/profile.php?id=61573001502527"]}]}},"_links":{"self":[{"href":"https:\/\/pinoy-grocery.com\/en\/wp-json\/wp\/v2\/product\/1555","targetHints":{"allow":["GET"]}}],"collection":[{"href":"https:\/\/pinoy-grocery.com\/en\/wp-json\/wp\/v2\/product"}],"about":[{"href":"https:\/\/pinoy-grocery.com\/en\/wp-json\/wp\/v2\/types\/product"}],"replies":[{"embeddable":true,"href":"https:\/\/pinoy-grocery.com\/en\/wp-json\/wp\/v2\/comments?post=1555"}],"wp:featuredmedia":[{"embeddable":true,"href":"https:\/\/pinoy-grocery.com\/en\/wp-json\/wp\/v2\/media\/1003"}],"wp:attachment":[{"href":"https:\/\/pinoy-grocery.com\/en\/wp-json\/wp\/v2\/media?parent=1555"}],"wp:term":[{"taxonomy":"product_brand","embeddable":true,"href":"https:\/\/pinoy-grocery.com\/en\/wp-json\/wp\/v2\/product_brand?post=1555"},{"taxonomy":"product_cat","embeddable":true,"href":"https:\/\/pinoy-grocery.com\/en\/wp-json\/wp\/v2\/product_cat?post=1555"},{"taxonomy":"product_tag","embeddable":true,"href":"https:\/\/pinoy-grocery.com\/en\/wp-json\/wp\/v2\/product_tag?post=1555"}],"curies":[{"name":"wp","href":"https:\/\/api.w.org\/{rel}","templated":true}]}}