{"id":1527,"date":"2025-11-14T10:11:40","date_gmt":"2025-11-14T10:11:40","guid":{"rendered":"https:\/\/pinoy-grocery.com\/?post_type=product&#038;p=1527"},"modified":"2025-11-14T10:11:43","modified_gmt":"2025-11-14T10:11:43","slug":"jack-jill-crisps-v-cut-flavour-bbq-spice-60gr","status":"publish","type":"product","link":"https:\/\/pinoy-grocery.com\/en\/produit\/jack-jill-chips-de-pommes-de-terre-v-cut-saveur-bbq-epice-60gr\/","title":{"rendered":"Jack &amp; Jill - Spicy BBQ flavour V-cut crisps - 60gr"},"content":{"rendered":"<p>Enjoy a bold crunch with Jack \u2018n Jill Vcut Spicy Barbecue flavoured potato crisps. Thanks to their thick, wavy cut, these crisps offer an irresistible blend of smoky and spicy flavours, designed to tantalise your taste buds with every bite.<\/p>","protected":false},"excerpt":{"rendered":"<p>Spicy BBQ V-cut crisps<\/p>","protected":false},"featured_media":977,"comment_status":"open","ping_status":"closed","template":"","meta":[],"product_brand":[],"product_cat":[34],"product_tag":[],"class_list":{"0":"post-1527","1":"product","2":"type-product","3":"status-publish","4":"has-post-thumbnail","6":"product_cat-snacks-biscuits","8":"first","9":"outofstock","10":"shipping-taxable","11":"purchasable","12":"product-type-simple"},"yoast_head":"<!-- This site is optimized with the Yoast SEO plugin v27.4 - https:\/\/yoast.com\/product\/yoast-seo-wordpress\/ -->\n<title>Jack &amp; Jill - Chips de pommes de terre V-cut saveur BBQ \u00e9pic\u00e9 - 60gr - Delmi Mart Pinoy Grocery<\/title>\n<meta name=\"robots\" content=\"index, follow, max-snippet:-1, max-image-preview:large, max-video-preview:-1\" \/>\n<link rel=\"canonical\" href=\"https:\/\/pinoy-grocery.com\/en\/product\/jack-jill-crisps-v-cut-flavour-bbq-spice-60gr\/\" \/>\n<meta property=\"og:locale\" content=\"en_GB\" \/>\n<meta property=\"og:type\" content=\"article\" \/>\n<meta property=\"og:title\" content=\"Jack &amp; Jill - Chips de pommes de terre V-cut saveur BBQ \u00e9pic\u00e9 - 60gr - Delmi Mart Pinoy Grocery\" \/>\n<meta property=\"og:description\" content=\"Chips de pommes de terre coup\u00e9es en V saveur BBQ \u00e9pic\u00e9 V-cut\" \/>\n<meta property=\"og:url\" content=\"https:\/\/pinoy-grocery.com\/en\/product\/jack-jill-crisps-v-cut-flavour-bbq-spice-60gr\/\" \/>\n<meta property=\"og:site_name\" content=\"Delmi Mart Pinoy Grocery\" \/>\n<meta property=\"article:publisher\" content=\"https:\/\/www.facebook.com\/profile.php?id=61573001502527\" \/>\n<meta property=\"article:modified_time\" content=\"2025-11-14T10:11:43+00:00\" \/>\n<meta property=\"og:image\" content=\"https:\/\/pinoy-grocery.com\/wp-content\/uploads\/2025\/11\/Jack-Jill-V-cut-potato-chips-spicy-BBQ-1-1.webp\" \/>\n\t<meta property=\"og:image:width\" content=\"600\" \/>\n\t<meta property=\"og:image:height\" content=\"600\" \/>\n\t<meta property=\"og:image:type\" content=\"image\/webp\" \/>\n<meta name=\"twitter:card\" content=\"summary_large_image\" \/>\n<script type=\"application\/ld+json\" class=\"yoast-schema-graph\">{\"@context\":\"https:\\\/\\\/schema.org\",\"@graph\":[{\"@type\":\"WebPage\",\"@id\":\"https:\\\/\\\/pinoy-grocery.com\\\/produit\\\/jack-jill-chips-de-pommes-de-terre-v-cut-saveur-bbq-epice-60gr\\\/\",\"url\":\"https:\\\/\\\/pinoy-grocery.com\\\/produit\\\/jack-jill-chips-de-pommes-de-terre-v-cut-saveur-bbq-epice-60gr\\\/\",\"name\":\"Jack & Jill - Chips de pommes de terre V-cut saveur BBQ \u00e9pic\u00e9 - 60gr - Delmi Mart Pinoy Grocery\",\"isPartOf\":{\"@id\":\"https:\\\/\\\/pinoy-grocery.com\\\/#website\"},\"primaryImageOfPage\":{\"@id\":\"https:\\\/\\\/pinoy-grocery.com\\\/produit\\\/jack-jill-chips-de-pommes-de-terre-v-cut-saveur-bbq-epice-60gr\\\/#primaryimage\"},\"image\":{\"@id\":\"https:\\\/\\\/pinoy-grocery.com\\\/produit\\\/jack-jill-chips-de-pommes-de-terre-v-cut-saveur-bbq-epice-60gr\\\/#primaryimage\"},\"thumbnailUrl\":\"https:\\\/\\\/pinoy-grocery.com\\\/wp-content\\\/uploads\\\/2025\\\/11\\\/Jack-Jill-V-cut-potato-chips-spicy-BBQ-1-1.webp\",\"datePublished\":\"2025-11-14T10:11:40+00:00\",\"dateModified\":\"2025-11-14T10:11:43+00:00\",\"breadcrumb\":{\"@id\":\"https:\\\/\\\/pinoy-grocery.com\\\/produit\\\/jack-jill-chips-de-pommes-de-terre-v-cut-saveur-bbq-epice-60gr\\\/#breadcrumb\"},\"inLanguage\":\"en-GB\",\"potentialAction\":[{\"@type\":\"ReadAction\",\"target\":[\"https:\\\/\\\/pinoy-grocery.com\\\/produit\\\/jack-jill-chips-de-pommes-de-terre-v-cut-saveur-bbq-epice-60gr\\\/\"]}]},{\"@type\":\"ImageObject\",\"inLanguage\":\"en-GB\",\"@id\":\"https:\\\/\\\/pinoy-grocery.com\\\/produit\\\/jack-jill-chips-de-pommes-de-terre-v-cut-saveur-bbq-epice-60gr\\\/#primaryimage\",\"url\":\"https:\\\/\\\/pinoy-grocery.com\\\/wp-content\\\/uploads\\\/2025\\\/11\\\/Jack-Jill-V-cut-potato-chips-spicy-BBQ-1-1.webp\",\"contentUrl\":\"https:\\\/\\\/pinoy-grocery.com\\\/wp-content\\\/uploads\\\/2025\\\/11\\\/Jack-Jill-V-cut-potato-chips-spicy-BBQ-1-1.webp\",\"width\":600,\"height\":600,\"caption\":\"Jack-Jill-V-cut-potato-chips-spicy-BBQ-1-1.webp\"},{\"@type\":\"BreadcrumbList\",\"@id\":\"https:\\\/\\\/pinoy-grocery.com\\\/produit\\\/jack-jill-chips-de-pommes-de-terre-v-cut-saveur-bbq-epice-60gr\\\/#breadcrumb\",\"itemListElement\":[{\"@type\":\"ListItem\",\"position\":1,\"name\":\"Accueil\",\"item\":\"https:\\\/\\\/pinoy-grocery.com\\\/\"},{\"@type\":\"ListItem\",\"position\":2,\"name\":\"Boutique\",\"item\":\"https:\\\/\\\/pinoy-grocery.com\\\/boutique\\\/\"},{\"@type\":\"ListItem\",\"position\":3,\"name\":\"Jack &#038; Jill &#8211; Chips de pommes de terre V-cut saveur BBQ \u00e9pic\u00e9 &#8211; 60gr\"}]},{\"@type\":\"WebSite\",\"@id\":\"https:\\\/\\\/pinoy-grocery.com\\\/#website\",\"url\":\"https:\\\/\\\/pinoy-grocery.com\\\/\",\"name\":\"Delmi Mart Pinoy Grocery\",\"description\":\"Votre \u00e9picerie de produits philippins\",\"publisher\":{\"@id\":\"https:\\\/\\\/pinoy-grocery.com\\\/#organization\"},\"potentialAction\":[{\"@type\":\"SearchAction\",\"target\":{\"@type\":\"EntryPoint\",\"urlTemplate\":\"https:\\\/\\\/pinoy-grocery.com\\\/?s={search_term_string}\"},\"query-input\":{\"@type\":\"PropertyValueSpecification\",\"valueRequired\":true,\"valueName\":\"search_term_string\"}}],\"inLanguage\":\"en-GB\"},{\"@type\":\"Organization\",\"@id\":\"https:\\\/\\\/pinoy-grocery.com\\\/#organization\",\"name\":\"Delmi Mart Pinoy Grocery\",\"url\":\"https:\\\/\\\/pinoy-grocery.com\\\/\",\"logo\":{\"@type\":\"ImageObject\",\"inLanguage\":\"en-GB\",\"@id\":\"https:\\\/\\\/pinoy-grocery.com\\\/#\\\/schema\\\/logo\\\/image\\\/\",\"url\":\"https:\\\/\\\/pinoy-grocery.com\\\/wp-content\\\/uploads\\\/2025\\\/11\\\/LOGO-DELMI-MART-Pinoy-Grocery-shop-600x600-1.webp\",\"contentUrl\":\"https:\\\/\\\/pinoy-grocery.com\\\/wp-content\\\/uploads\\\/2025\\\/11\\\/LOGO-DELMI-MART-Pinoy-Grocery-shop-600x600-1.webp\",\"width\":600,\"height\":600,\"caption\":\"Delmi Mart Pinoy Grocery\"},\"image\":{\"@id\":\"https:\\\/\\\/pinoy-grocery.com\\\/#\\\/schema\\\/logo\\\/image\\\/\"},\"sameAs\":[\"https:\\\/\\\/www.facebook.com\\\/profile.php?id=61573001502527\"]}]}<\/script>\n<!-- \/ Yoast SEO plugin. -->","yoast_head_json":{"title":"Jack &amp; Jill - Spicy BBQ flavour V-cut crisps - 60gr - Delmi Mart Pinoy Grocery","robots":{"index":"index","follow":"follow","max-snippet":"max-snippet:-1","max-image-preview":"max-image-preview:large","max-video-preview":"max-video-preview:-1"},"canonical":"https:\/\/pinoy-grocery.com\/en\/product\/jack-jill-crisps-v-cut-flavour-bbq-spice-60gr\/","og_locale":"en_GB","og_type":"article","og_title":"Jack & Jill - Chips de pommes de terre V-cut saveur BBQ \u00e9pic\u00e9 - 60gr - Delmi Mart Pinoy Grocery","og_description":"Chips de pommes de terre coup\u00e9es en V saveur BBQ \u00e9pic\u00e9 V-cut","og_url":"https:\/\/pinoy-grocery.com\/en\/product\/jack-jill-crisps-v-cut-flavour-bbq-spice-60gr\/","og_site_name":"Delmi Mart Pinoy Grocery","article_publisher":"https:\/\/www.facebook.com\/profile.php?id=61573001502527","article_modified_time":"2025-11-14T10:11:43+00:00","og_image":[{"width":600,"height":600,"url":"https:\/\/pinoy-grocery.com\/wp-content\/uploads\/2025\/11\/Jack-Jill-V-cut-potato-chips-spicy-BBQ-1-1.webp","type":"image\/webp"}],"twitter_card":"summary_large_image","schema":{"@context":"https:\/\/schema.org","@graph":[{"@type":"WebPage","@id":"https:\/\/pinoy-grocery.com\/produit\/jack-jill-chips-de-pommes-de-terre-v-cut-saveur-bbq-epice-60gr\/","url":"https:\/\/pinoy-grocery.com\/produit\/jack-jill-chips-de-pommes-de-terre-v-cut-saveur-bbq-epice-60gr\/","name":"Jack &amp; Jill - Spicy BBQ flavour V-cut crisps - 60gr - Delmi Mart Pinoy Grocery","isPartOf":{"@id":"https:\/\/pinoy-grocery.com\/#website"},"primaryImageOfPage":{"@id":"https:\/\/pinoy-grocery.com\/produit\/jack-jill-chips-de-pommes-de-terre-v-cut-saveur-bbq-epice-60gr\/#primaryimage"},"image":{"@id":"https:\/\/pinoy-grocery.com\/produit\/jack-jill-chips-de-pommes-de-terre-v-cut-saveur-bbq-epice-60gr\/#primaryimage"},"thumbnailUrl":"https:\/\/pinoy-grocery.com\/wp-content\/uploads\/2025\/11\/Jack-Jill-V-cut-potato-chips-spicy-BBQ-1-1.webp","datePublished":"2025-11-14T10:11:40+00:00","dateModified":"2025-11-14T10:11:43+00:00","breadcrumb":{"@id":"https:\/\/pinoy-grocery.com\/produit\/jack-jill-chips-de-pommes-de-terre-v-cut-saveur-bbq-epice-60gr\/#breadcrumb"},"inLanguage":"en-GB","potentialAction":[{"@type":"ReadAction","target":["https:\/\/pinoy-grocery.com\/produit\/jack-jill-chips-de-pommes-de-terre-v-cut-saveur-bbq-epice-60gr\/"]}]},{"@type":"ImageObject","inLanguage":"en-GB","@id":"https:\/\/pinoy-grocery.com\/produit\/jack-jill-chips-de-pommes-de-terre-v-cut-saveur-bbq-epice-60gr\/#primaryimage","url":"https:\/\/pinoy-grocery.com\/wp-content\/uploads\/2025\/11\/Jack-Jill-V-cut-potato-chips-spicy-BBQ-1-1.webp","contentUrl":"https:\/\/pinoy-grocery.com\/wp-content\/uploads\/2025\/11\/Jack-Jill-V-cut-potato-chips-spicy-BBQ-1-1.webp","width":600,"height":600,"caption":"Jack-Jill-V-cut-potato-chips-spicy-BBQ-1-1.webp"},{"@type":"BreadcrumbList","@id":"https:\/\/pinoy-grocery.com\/produit\/jack-jill-chips-de-pommes-de-terre-v-cut-saveur-bbq-epice-60gr\/#breadcrumb","itemListElement":[{"@type":"ListItem","position":1,"name":"Accueil","item":"https:\/\/pinoy-grocery.com\/"},{"@type":"ListItem","position":2,"name":"Boutique","item":"https:\/\/pinoy-grocery.com\/boutique\/"},{"@type":"ListItem","position":3,"name":"Jack &#038; Jill &#8211; Chips de pommes de terre V-cut saveur BBQ \u00e9pic\u00e9 &#8211; 60gr"}]},{"@type":"WebSite","@id":"https:\/\/pinoy-grocery.com\/#website","url":"https:\/\/pinoy-grocery.com\/","name":"Delmi Mart Pinoy Grocery","description":"Your grocery shop for Filipino products","publisher":{"@id":"https:\/\/pinoy-grocery.com\/#organization"},"potentialAction":[{"@type":"SearchAction","target":{"@type":"EntryPoint","urlTemplate":"https:\/\/pinoy-grocery.com\/?s={search_term_string}"},"query-input":{"@type":"PropertyValueSpecification","valueRequired":true,"valueName":"search_term_string"}}],"inLanguage":"en-GB"},{"@type":"Organization","@id":"https:\/\/pinoy-grocery.com\/#organization","name":"Delmi Mart Pinoy Grocery","url":"https:\/\/pinoy-grocery.com\/","logo":{"@type":"ImageObject","inLanguage":"en-GB","@id":"https:\/\/pinoy-grocery.com\/#\/schema\/logo\/image\/","url":"https:\/\/pinoy-grocery.com\/wp-content\/uploads\/2025\/11\/LOGO-DELMI-MART-Pinoy-Grocery-shop-600x600-1.webp","contentUrl":"https:\/\/pinoy-grocery.com\/wp-content\/uploads\/2025\/11\/LOGO-DELMI-MART-Pinoy-Grocery-shop-600x600-1.webp","width":600,"height":600,"caption":"Delmi Mart Pinoy Grocery"},"image":{"@id":"https:\/\/pinoy-grocery.com\/#\/schema\/logo\/image\/"},"sameAs":["https:\/\/www.facebook.com\/profile.php?id=61573001502527"]}]}},"_links":{"self":[{"href":"https:\/\/pinoy-grocery.com\/en\/wp-json\/wp\/v2\/product\/1527","targetHints":{"allow":["GET"]}}],"collection":[{"href":"https:\/\/pinoy-grocery.com\/en\/wp-json\/wp\/v2\/product"}],"about":[{"href":"https:\/\/pinoy-grocery.com\/en\/wp-json\/wp\/v2\/types\/product"}],"replies":[{"embeddable":true,"href":"https:\/\/pinoy-grocery.com\/en\/wp-json\/wp\/v2\/comments?post=1527"}],"wp:featuredmedia":[{"embeddable":true,"href":"https:\/\/pinoy-grocery.com\/en\/wp-json\/wp\/v2\/media\/977"}],"wp:attachment":[{"href":"https:\/\/pinoy-grocery.com\/en\/wp-json\/wp\/v2\/media?parent=1527"}],"wp:term":[{"taxonomy":"product_brand","embeddable":true,"href":"https:\/\/pinoy-grocery.com\/en\/wp-json\/wp\/v2\/product_brand?post=1527"},{"taxonomy":"product_cat","embeddable":true,"href":"https:\/\/pinoy-grocery.com\/en\/wp-json\/wp\/v2\/product_cat?post=1527"},{"taxonomy":"product_tag","embeddable":true,"href":"https:\/\/pinoy-grocery.com\/en\/wp-json\/wp\/v2\/product_tag?post=1527"}],"curies":[{"name":"wp","href":"https:\/\/api.w.org\/{rel}","templated":true}]}}