{"id":1498,"date":"2025-11-14T10:11:31","date_gmt":"2025-11-14T10:11:31","guid":{"rendered":"https:\/\/pinoy-grocery.com\/?post_type=product&#038;p=1498"},"modified":"2025-11-14T10:11:34","modified_gmt":"2025-11-14T10:11:34","slug":"mama-sitas-seasoning-mix-for-bitter-ragout-40-gr","status":"publish","type":"product","link":"https:\/\/pinoy-grocery.com\/en\/produit\/mama-sitas-melange-dassaisonnement-pour-ragout-amer-40-gr\/","title":{"rendered":"Mama Sita's - Seasoning mix for bitter stews - 40 gr"},"content":{"rendered":"<p>Fancy exploring some unusual flavours? Let yourself be tempted by Pinapaitan, a traditional Filipino stew with a distinctive bitterness that many find... simply irresistible. Designed for curious foodies and fans of the benefits of bitter foods, Mama Sita's Pinapaitan mix lets you recreate this unique dish in no time.<\/p>\n<p>Don't believe us? Try it for yourself and find out why so many gourmets come back for more.<\/p>","protected":false},"excerpt":{"rendered":"<p>Seasoning mix for bitter stew<\/p>","protected":false},"featured_media":920,"comment_status":"open","ping_status":"closed","template":"","meta":[],"product_brand":[],"product_cat":[33],"product_tag":[],"class_list":{"0":"post-1498","1":"product","2":"type-product","3":"status-publish","4":"has-post-thumbnail","6":"product_cat-epices","8":"first","9":"outofstock","10":"shipping-taxable","11":"purchasable","12":"product-type-simple"},"yoast_head":"<!-- This site is optimized with the Yoast SEO plugin v27.4 - https:\/\/yoast.com\/product\/yoast-seo-wordpress\/ -->\n<title>Mama Sita&#039;s - M\u00e9lange d&#039;assaisonnement pour rago\u00fbt amer - 40 gr - Delmi Mart Pinoy Grocery<\/title>\n<meta name=\"robots\" content=\"index, follow, max-snippet:-1, max-image-preview:large, max-video-preview:-1\" \/>\n<link rel=\"canonical\" href=\"https:\/\/pinoy-grocery.com\/en\/product\/mama-sitas-seasoning-mix-for-bitter-ragout-40-gr\/\" \/>\n<meta property=\"og:locale\" content=\"en_GB\" \/>\n<meta property=\"og:type\" content=\"article\" \/>\n<meta property=\"og:title\" content=\"Mama Sita&#039;s - M\u00e9lange d&#039;assaisonnement pour rago\u00fbt amer - 40 gr - Delmi Mart Pinoy Grocery\" \/>\n<meta property=\"og:description\" content=\"M\u00e9lange dassaisonnement pour rago\u00fbt amer\" \/>\n<meta property=\"og:url\" content=\"https:\/\/pinoy-grocery.com\/en\/product\/mama-sitas-seasoning-mix-for-bitter-ragout-40-gr\/\" \/>\n<meta property=\"og:site_name\" content=\"Delmi Mart Pinoy Grocery\" \/>\n<meta property=\"article:publisher\" content=\"https:\/\/www.facebook.com\/profile.php?id=61573001502527\" \/>\n<meta property=\"article:modified_time\" content=\"2025-11-14T10:11:34+00:00\" \/>\n<meta property=\"og:image\" content=\"https:\/\/pinoy-grocery.com\/wp-content\/uploads\/2025\/11\/Mama-Sitas-Seasoning-mix-for-bitter-stew-1.webp\" \/>\n\t<meta property=\"og:image:width\" content=\"500\" \/>\n\t<meta property=\"og:image:height\" content=\"500\" \/>\n\t<meta property=\"og:image:type\" content=\"image\/webp\" \/>\n<meta name=\"twitter:card\" content=\"summary_large_image\" \/>\n<script type=\"application\/ld+json\" class=\"yoast-schema-graph\">{\"@context\":\"https:\\\/\\\/schema.org\",\"@graph\":[{\"@type\":\"WebPage\",\"@id\":\"https:\\\/\\\/pinoy-grocery.com\\\/produit\\\/mama-sitas-melange-dassaisonnement-pour-ragout-amer-40-gr\\\/\",\"url\":\"https:\\\/\\\/pinoy-grocery.com\\\/produit\\\/mama-sitas-melange-dassaisonnement-pour-ragout-amer-40-gr\\\/\",\"name\":\"Mama Sita's - M\u00e9lange d'assaisonnement pour rago\u00fbt amer - 40 gr - Delmi Mart Pinoy Grocery\",\"isPartOf\":{\"@id\":\"https:\\\/\\\/pinoy-grocery.com\\\/#website\"},\"primaryImageOfPage\":{\"@id\":\"https:\\\/\\\/pinoy-grocery.com\\\/produit\\\/mama-sitas-melange-dassaisonnement-pour-ragout-amer-40-gr\\\/#primaryimage\"},\"image\":{\"@id\":\"https:\\\/\\\/pinoy-grocery.com\\\/produit\\\/mama-sitas-melange-dassaisonnement-pour-ragout-amer-40-gr\\\/#primaryimage\"},\"thumbnailUrl\":\"https:\\\/\\\/pinoy-grocery.com\\\/wp-content\\\/uploads\\\/2025\\\/11\\\/Mama-Sitas-Seasoning-mix-for-bitter-stew-1.webp\",\"datePublished\":\"2025-11-14T10:11:31+00:00\",\"dateModified\":\"2025-11-14T10:11:34+00:00\",\"breadcrumb\":{\"@id\":\"https:\\\/\\\/pinoy-grocery.com\\\/produit\\\/mama-sitas-melange-dassaisonnement-pour-ragout-amer-40-gr\\\/#breadcrumb\"},\"inLanguage\":\"en-GB\",\"potentialAction\":[{\"@type\":\"ReadAction\",\"target\":[\"https:\\\/\\\/pinoy-grocery.com\\\/produit\\\/mama-sitas-melange-dassaisonnement-pour-ragout-amer-40-gr\\\/\"]}]},{\"@type\":\"ImageObject\",\"inLanguage\":\"en-GB\",\"@id\":\"https:\\\/\\\/pinoy-grocery.com\\\/produit\\\/mama-sitas-melange-dassaisonnement-pour-ragout-amer-40-gr\\\/#primaryimage\",\"url\":\"https:\\\/\\\/pinoy-grocery.com\\\/wp-content\\\/uploads\\\/2025\\\/11\\\/Mama-Sitas-Seasoning-mix-for-bitter-stew-1.webp\",\"contentUrl\":\"https:\\\/\\\/pinoy-grocery.com\\\/wp-content\\\/uploads\\\/2025\\\/11\\\/Mama-Sitas-Seasoning-mix-for-bitter-stew-1.webp\",\"width\":500,\"height\":500,\"caption\":\"Mama-Sitas-Seasoning-mix-for-bitter-stew-1.webp\"},{\"@type\":\"BreadcrumbList\",\"@id\":\"https:\\\/\\\/pinoy-grocery.com\\\/produit\\\/mama-sitas-melange-dassaisonnement-pour-ragout-amer-40-gr\\\/#breadcrumb\",\"itemListElement\":[{\"@type\":\"ListItem\",\"position\":1,\"name\":\"Accueil\",\"item\":\"https:\\\/\\\/pinoy-grocery.com\\\/\"},{\"@type\":\"ListItem\",\"position\":2,\"name\":\"Boutique\",\"item\":\"https:\\\/\\\/pinoy-grocery.com\\\/boutique\\\/\"},{\"@type\":\"ListItem\",\"position\":3,\"name\":\"Mama Sita&rsquo;s &#8211; M\u00e9lange d&rsquo;assaisonnement pour rago\u00fbt amer &#8211; 40 gr\"}]},{\"@type\":\"WebSite\",\"@id\":\"https:\\\/\\\/pinoy-grocery.com\\\/#website\",\"url\":\"https:\\\/\\\/pinoy-grocery.com\\\/\",\"name\":\"Delmi Mart Pinoy Grocery\",\"description\":\"Votre \u00e9picerie de produits philippins\",\"publisher\":{\"@id\":\"https:\\\/\\\/pinoy-grocery.com\\\/#organization\"},\"potentialAction\":[{\"@type\":\"SearchAction\",\"target\":{\"@type\":\"EntryPoint\",\"urlTemplate\":\"https:\\\/\\\/pinoy-grocery.com\\\/?s={search_term_string}\"},\"query-input\":{\"@type\":\"PropertyValueSpecification\",\"valueRequired\":true,\"valueName\":\"search_term_string\"}}],\"inLanguage\":\"en-GB\"},{\"@type\":\"Organization\",\"@id\":\"https:\\\/\\\/pinoy-grocery.com\\\/#organization\",\"name\":\"Delmi Mart Pinoy Grocery\",\"url\":\"https:\\\/\\\/pinoy-grocery.com\\\/\",\"logo\":{\"@type\":\"ImageObject\",\"inLanguage\":\"en-GB\",\"@id\":\"https:\\\/\\\/pinoy-grocery.com\\\/#\\\/schema\\\/logo\\\/image\\\/\",\"url\":\"https:\\\/\\\/pinoy-grocery.com\\\/wp-content\\\/uploads\\\/2025\\\/11\\\/LOGO-DELMI-MART-Pinoy-Grocery-shop-600x600-1.webp\",\"contentUrl\":\"https:\\\/\\\/pinoy-grocery.com\\\/wp-content\\\/uploads\\\/2025\\\/11\\\/LOGO-DELMI-MART-Pinoy-Grocery-shop-600x600-1.webp\",\"width\":600,\"height\":600,\"caption\":\"Delmi Mart Pinoy Grocery\"},\"image\":{\"@id\":\"https:\\\/\\\/pinoy-grocery.com\\\/#\\\/schema\\\/logo\\\/image\\\/\"},\"sameAs\":[\"https:\\\/\\\/www.facebook.com\\\/profile.php?id=61573001502527\"]}]}<\/script>\n<!-- \/ Yoast SEO plugin. -->","yoast_head_json":{"title":"Mama Sita's - Seasoning mix for bitter stew - 40 gr - Delmi Mart Pinoy Grocery","robots":{"index":"index","follow":"follow","max-snippet":"max-snippet:-1","max-image-preview":"max-image-preview:large","max-video-preview":"max-video-preview:-1"},"canonical":"https:\/\/pinoy-grocery.com\/en\/product\/mama-sitas-seasoning-mix-for-bitter-ragout-40-gr\/","og_locale":"en_GB","og_type":"article","og_title":"Mama Sita's - M\u00e9lange d'assaisonnement pour rago\u00fbt amer - 40 gr - Delmi Mart Pinoy Grocery","og_description":"M\u00e9lange dassaisonnement pour rago\u00fbt amer","og_url":"https:\/\/pinoy-grocery.com\/en\/product\/mama-sitas-seasoning-mix-for-bitter-ragout-40-gr\/","og_site_name":"Delmi Mart Pinoy Grocery","article_publisher":"https:\/\/www.facebook.com\/profile.php?id=61573001502527","article_modified_time":"2025-11-14T10:11:34+00:00","og_image":[{"width":500,"height":500,"url":"https:\/\/pinoy-grocery.com\/wp-content\/uploads\/2025\/11\/Mama-Sitas-Seasoning-mix-for-bitter-stew-1.webp","type":"image\/webp"}],"twitter_card":"summary_large_image","schema":{"@context":"https:\/\/schema.org","@graph":[{"@type":"WebPage","@id":"https:\/\/pinoy-grocery.com\/produit\/mama-sitas-melange-dassaisonnement-pour-ragout-amer-40-gr\/","url":"https:\/\/pinoy-grocery.com\/produit\/mama-sitas-melange-dassaisonnement-pour-ragout-amer-40-gr\/","name":"Mama Sita's - Seasoning mix for bitter stew - 40 gr - Delmi Mart Pinoy Grocery","isPartOf":{"@id":"https:\/\/pinoy-grocery.com\/#website"},"primaryImageOfPage":{"@id":"https:\/\/pinoy-grocery.com\/produit\/mama-sitas-melange-dassaisonnement-pour-ragout-amer-40-gr\/#primaryimage"},"image":{"@id":"https:\/\/pinoy-grocery.com\/produit\/mama-sitas-melange-dassaisonnement-pour-ragout-amer-40-gr\/#primaryimage"},"thumbnailUrl":"https:\/\/pinoy-grocery.com\/wp-content\/uploads\/2025\/11\/Mama-Sitas-Seasoning-mix-for-bitter-stew-1.webp","datePublished":"2025-11-14T10:11:31+00:00","dateModified":"2025-11-14T10:11:34+00:00","breadcrumb":{"@id":"https:\/\/pinoy-grocery.com\/produit\/mama-sitas-melange-dassaisonnement-pour-ragout-amer-40-gr\/#breadcrumb"},"inLanguage":"en-GB","potentialAction":[{"@type":"ReadAction","target":["https:\/\/pinoy-grocery.com\/produit\/mama-sitas-melange-dassaisonnement-pour-ragout-amer-40-gr\/"]}]},{"@type":"ImageObject","inLanguage":"en-GB","@id":"https:\/\/pinoy-grocery.com\/produit\/mama-sitas-melange-dassaisonnement-pour-ragout-amer-40-gr\/#primaryimage","url":"https:\/\/pinoy-grocery.com\/wp-content\/uploads\/2025\/11\/Mama-Sitas-Seasoning-mix-for-bitter-stew-1.webp","contentUrl":"https:\/\/pinoy-grocery.com\/wp-content\/uploads\/2025\/11\/Mama-Sitas-Seasoning-mix-for-bitter-stew-1.webp","width":500,"height":500,"caption":"Mama-Sitas-Seasoning-mix-for-bitter-stew-1.webp"},{"@type":"BreadcrumbList","@id":"https:\/\/pinoy-grocery.com\/produit\/mama-sitas-melange-dassaisonnement-pour-ragout-amer-40-gr\/#breadcrumb","itemListElement":[{"@type":"ListItem","position":1,"name":"Accueil","item":"https:\/\/pinoy-grocery.com\/"},{"@type":"ListItem","position":2,"name":"Boutique","item":"https:\/\/pinoy-grocery.com\/boutique\/"},{"@type":"ListItem","position":3,"name":"Mama Sita&rsquo;s &#8211; M\u00e9lange d&rsquo;assaisonnement pour rago\u00fbt amer &#8211; 40 gr"}]},{"@type":"WebSite","@id":"https:\/\/pinoy-grocery.com\/#website","url":"https:\/\/pinoy-grocery.com\/","name":"Delmi Mart Pinoy Grocery","description":"Your grocery shop for Filipino products","publisher":{"@id":"https:\/\/pinoy-grocery.com\/#organization"},"potentialAction":[{"@type":"SearchAction","target":{"@type":"EntryPoint","urlTemplate":"https:\/\/pinoy-grocery.com\/?s={search_term_string}"},"query-input":{"@type":"PropertyValueSpecification","valueRequired":true,"valueName":"search_term_string"}}],"inLanguage":"en-GB"},{"@type":"Organization","@id":"https:\/\/pinoy-grocery.com\/#organization","name":"Delmi Mart Pinoy Grocery","url":"https:\/\/pinoy-grocery.com\/","logo":{"@type":"ImageObject","inLanguage":"en-GB","@id":"https:\/\/pinoy-grocery.com\/#\/schema\/logo\/image\/","url":"https:\/\/pinoy-grocery.com\/wp-content\/uploads\/2025\/11\/LOGO-DELMI-MART-Pinoy-Grocery-shop-600x600-1.webp","contentUrl":"https:\/\/pinoy-grocery.com\/wp-content\/uploads\/2025\/11\/LOGO-DELMI-MART-Pinoy-Grocery-shop-600x600-1.webp","width":600,"height":600,"caption":"Delmi Mart Pinoy Grocery"},"image":{"@id":"https:\/\/pinoy-grocery.com\/#\/schema\/logo\/image\/"},"sameAs":["https:\/\/www.facebook.com\/profile.php?id=61573001502527"]}]}},"_links":{"self":[{"href":"https:\/\/pinoy-grocery.com\/en\/wp-json\/wp\/v2\/product\/1498","targetHints":{"allow":["GET"]}}],"collection":[{"href":"https:\/\/pinoy-grocery.com\/en\/wp-json\/wp\/v2\/product"}],"about":[{"href":"https:\/\/pinoy-grocery.com\/en\/wp-json\/wp\/v2\/types\/product"}],"replies":[{"embeddable":true,"href":"https:\/\/pinoy-grocery.com\/en\/wp-json\/wp\/v2\/comments?post=1498"}],"wp:featuredmedia":[{"embeddable":true,"href":"https:\/\/pinoy-grocery.com\/en\/wp-json\/wp\/v2\/media\/920"}],"wp:attachment":[{"href":"https:\/\/pinoy-grocery.com\/en\/wp-json\/wp\/v2\/media?parent=1498"}],"wp:term":[{"taxonomy":"product_brand","embeddable":true,"href":"https:\/\/pinoy-grocery.com\/en\/wp-json\/wp\/v2\/product_brand?post=1498"},{"taxonomy":"product_cat","embeddable":true,"href":"https:\/\/pinoy-grocery.com\/en\/wp-json\/wp\/v2\/product_cat?post=1498"},{"taxonomy":"product_tag","embeddable":true,"href":"https:\/\/pinoy-grocery.com\/en\/wp-json\/wp\/v2\/product_tag?post=1498"}],"curies":[{"name":"wp","href":"https:\/\/api.w.org\/{rel}","templated":true}]}}