{"id":1460,"date":"2025-11-14T10:11:13","date_gmt":"2025-11-14T10:11:13","guid":{"rendered":"https:\/\/pinoy-grocery.com\/?post_type=product&#038;p=1460"},"modified":"2025-11-14T10:11:18","modified_gmt":"2025-11-14T10:11:18","slug":"alaska-sweetened-concentrated-cream-lube-macapuno-flavoured","status":"publish","type":"product","link":"https:\/\/pinoy-grocery.com\/en\/produit\/alaska-creme-concentree-sucree-aromatisee-a-lube-macapuno\/","title":{"rendered":"Alaska - Sweetened concentrated cream flavoured with Ube Macapuno -"},"content":{"rendered":"<p>The Secret Ingredient of Homemade Sweets. Turn your favourite Filipino desserts into real family delights with Alaska Condensada. This smooth, sweet cream brings classics like leche flan, ube halaya and halo-halo to life, making it a delicious treat to share with the whole family. Easy to use and irresistibly tasty. Alaska Condensada is the taste of tradition in every spoonful.<\/p>","protected":false},"excerpt":{"rendered":"<p>Macapuno lUbe-flavoured sweetened condensed cream<\/p>","protected":false},"featured_media":828,"comment_status":"open","ping_status":"closed","template":"","meta":[],"product_brand":[],"product_cat":[32],"product_tag":[],"class_list":{"0":"post-1460","1":"product","2":"type-product","3":"status-publish","4":"has-post-thumbnail","6":"product_cat-sauces","8":"first","9":"outofstock","10":"shipping-taxable","11":"purchasable","12":"product-type-simple"},"yoast_head":"<!-- This site is optimized with the Yoast SEO plugin v27.4 - https:\/\/yoast.com\/product\/yoast-seo-wordpress\/ -->\n<title>Alaska - Cr\u00e8me concentr\u00e9e sucr\u00e9e aromatis\u00e9e \u00e0 l&#039;Ube Macapuno - Delmi Mart Pinoy Grocery<\/title>\n<meta name=\"robots\" content=\"index, follow, max-snippet:-1, max-image-preview:large, max-video-preview:-1\" \/>\n<link rel=\"canonical\" href=\"https:\/\/pinoy-grocery.com\/en\/product\/alaska-sweetened-concentrated-cream-lube-macapuno-flavoured\/\" \/>\n<meta property=\"og:locale\" content=\"en_GB\" \/>\n<meta property=\"og:type\" content=\"article\" \/>\n<meta property=\"og:title\" content=\"Alaska - Cr\u00e8me concentr\u00e9e sucr\u00e9e aromatis\u00e9e \u00e0 l&#039;Ube Macapuno - Delmi Mart Pinoy Grocery\" \/>\n<meta property=\"og:description\" content=\"Cr\u00e8me concentr\u00e9e sucr\u00e9e aromatis\u00e9e \u00e0 lUbe Macapuno\" \/>\n<meta property=\"og:url\" content=\"https:\/\/pinoy-grocery.com\/en\/product\/alaska-sweetened-concentrated-cream-lube-macapuno-flavoured\/\" \/>\n<meta property=\"og:site_name\" content=\"Delmi Mart Pinoy Grocery\" \/>\n<meta property=\"article:publisher\" content=\"https:\/\/www.facebook.com\/profile.php?id=61573001502527\" \/>\n<meta property=\"article:modified_time\" content=\"2025-11-14T10:11:18+00:00\" \/>\n<meta property=\"og:image\" content=\"https:\/\/pinoy-grocery.com\/wp-content\/uploads\/2025\/11\/Alaska-Ube-Macapuno-flavored-sweetened-condensed-creamer-1.webp\" \/>\n\t<meta property=\"og:image:width\" content=\"800\" \/>\n\t<meta property=\"og:image:height\" content=\"800\" \/>\n\t<meta property=\"og:image:type\" content=\"image\/webp\" \/>\n<meta name=\"twitter:card\" content=\"summary_large_image\" \/>\n<script type=\"application\/ld+json\" class=\"yoast-schema-graph\">{\"@context\":\"https:\\\/\\\/schema.org\",\"@graph\":[{\"@type\":\"WebPage\",\"@id\":\"https:\\\/\\\/pinoy-grocery.com\\\/produit\\\/alaska-creme-concentree-sucree-aromatisee-a-lube-macapuno\\\/\",\"url\":\"https:\\\/\\\/pinoy-grocery.com\\\/produit\\\/alaska-creme-concentree-sucree-aromatisee-a-lube-macapuno\\\/\",\"name\":\"Alaska - Cr\u00e8me concentr\u00e9e sucr\u00e9e aromatis\u00e9e \u00e0 l'Ube Macapuno - Delmi Mart Pinoy Grocery\",\"isPartOf\":{\"@id\":\"https:\\\/\\\/pinoy-grocery.com\\\/#website\"},\"primaryImageOfPage\":{\"@id\":\"https:\\\/\\\/pinoy-grocery.com\\\/produit\\\/alaska-creme-concentree-sucree-aromatisee-a-lube-macapuno\\\/#primaryimage\"},\"image\":{\"@id\":\"https:\\\/\\\/pinoy-grocery.com\\\/produit\\\/alaska-creme-concentree-sucree-aromatisee-a-lube-macapuno\\\/#primaryimage\"},\"thumbnailUrl\":\"https:\\\/\\\/pinoy-grocery.com\\\/wp-content\\\/uploads\\\/2025\\\/11\\\/Alaska-Ube-Macapuno-flavored-sweetened-condensed-creamer-1.webp\",\"datePublished\":\"2025-11-14T10:11:13+00:00\",\"dateModified\":\"2025-11-14T10:11:18+00:00\",\"breadcrumb\":{\"@id\":\"https:\\\/\\\/pinoy-grocery.com\\\/produit\\\/alaska-creme-concentree-sucree-aromatisee-a-lube-macapuno\\\/#breadcrumb\"},\"inLanguage\":\"en-GB\",\"potentialAction\":[{\"@type\":\"ReadAction\",\"target\":[\"https:\\\/\\\/pinoy-grocery.com\\\/produit\\\/alaska-creme-concentree-sucree-aromatisee-a-lube-macapuno\\\/\"]}]},{\"@type\":\"ImageObject\",\"inLanguage\":\"en-GB\",\"@id\":\"https:\\\/\\\/pinoy-grocery.com\\\/produit\\\/alaska-creme-concentree-sucree-aromatisee-a-lube-macapuno\\\/#primaryimage\",\"url\":\"https:\\\/\\\/pinoy-grocery.com\\\/wp-content\\\/uploads\\\/2025\\\/11\\\/Alaska-Ube-Macapuno-flavored-sweetened-condensed-creamer-1.webp\",\"contentUrl\":\"https:\\\/\\\/pinoy-grocery.com\\\/wp-content\\\/uploads\\\/2025\\\/11\\\/Alaska-Ube-Macapuno-flavored-sweetened-condensed-creamer-1.webp\",\"width\":800,\"height\":800,\"caption\":\"Alaska-Ube-Macapuno-flavored-sweetened-condensed-creamer-1.webp\"},{\"@type\":\"BreadcrumbList\",\"@id\":\"https:\\\/\\\/pinoy-grocery.com\\\/produit\\\/alaska-creme-concentree-sucree-aromatisee-a-lube-macapuno\\\/#breadcrumb\",\"itemListElement\":[{\"@type\":\"ListItem\",\"position\":1,\"name\":\"Accueil\",\"item\":\"https:\\\/\\\/pinoy-grocery.com\\\/\"},{\"@type\":\"ListItem\",\"position\":2,\"name\":\"Boutique\",\"item\":\"https:\\\/\\\/pinoy-grocery.com\\\/boutique\\\/\"},{\"@type\":\"ListItem\",\"position\":3,\"name\":\"Alaska &#8211; Cr\u00e8me concentr\u00e9e sucr\u00e9e aromatis\u00e9e \u00e0 l&rsquo;Ube Macapuno &#8211;\"}]},{\"@type\":\"WebSite\",\"@id\":\"https:\\\/\\\/pinoy-grocery.com\\\/#website\",\"url\":\"https:\\\/\\\/pinoy-grocery.com\\\/\",\"name\":\"Delmi Mart Pinoy Grocery\",\"description\":\"Votre \u00e9picerie de produits philippins\",\"publisher\":{\"@id\":\"https:\\\/\\\/pinoy-grocery.com\\\/#organization\"},\"potentialAction\":[{\"@type\":\"SearchAction\",\"target\":{\"@type\":\"EntryPoint\",\"urlTemplate\":\"https:\\\/\\\/pinoy-grocery.com\\\/?s={search_term_string}\"},\"query-input\":{\"@type\":\"PropertyValueSpecification\",\"valueRequired\":true,\"valueName\":\"search_term_string\"}}],\"inLanguage\":\"en-GB\"},{\"@type\":\"Organization\",\"@id\":\"https:\\\/\\\/pinoy-grocery.com\\\/#organization\",\"name\":\"Delmi Mart Pinoy Grocery\",\"url\":\"https:\\\/\\\/pinoy-grocery.com\\\/\",\"logo\":{\"@type\":\"ImageObject\",\"inLanguage\":\"en-GB\",\"@id\":\"https:\\\/\\\/pinoy-grocery.com\\\/#\\\/schema\\\/logo\\\/image\\\/\",\"url\":\"https:\\\/\\\/pinoy-grocery.com\\\/wp-content\\\/uploads\\\/2025\\\/11\\\/LOGO-DELMI-MART-Pinoy-Grocery-shop-600x600-1.webp\",\"contentUrl\":\"https:\\\/\\\/pinoy-grocery.com\\\/wp-content\\\/uploads\\\/2025\\\/11\\\/LOGO-DELMI-MART-Pinoy-Grocery-shop-600x600-1.webp\",\"width\":600,\"height\":600,\"caption\":\"Delmi Mart Pinoy Grocery\"},\"image\":{\"@id\":\"https:\\\/\\\/pinoy-grocery.com\\\/#\\\/schema\\\/logo\\\/image\\\/\"},\"sameAs\":[\"https:\\\/\\\/www.facebook.com\\\/profile.php?id=61573001502527\"]}]}<\/script>\n<!-- \/ Yoast SEO plugin. -->","yoast_head_json":{"title":"Alaska - Ube Macapuno sweetened condensed cream - Delmi Mart Pinoy Grocery","robots":{"index":"index","follow":"follow","max-snippet":"max-snippet:-1","max-image-preview":"max-image-preview:large","max-video-preview":"max-video-preview:-1"},"canonical":"https:\/\/pinoy-grocery.com\/en\/product\/alaska-sweetened-concentrated-cream-lube-macapuno-flavoured\/","og_locale":"en_GB","og_type":"article","og_title":"Alaska - Cr\u00e8me concentr\u00e9e sucr\u00e9e aromatis\u00e9e \u00e0 l'Ube Macapuno - Delmi Mart Pinoy Grocery","og_description":"Cr\u00e8me concentr\u00e9e sucr\u00e9e aromatis\u00e9e \u00e0 lUbe Macapuno","og_url":"https:\/\/pinoy-grocery.com\/en\/product\/alaska-sweetened-concentrated-cream-lube-macapuno-flavoured\/","og_site_name":"Delmi Mart Pinoy Grocery","article_publisher":"https:\/\/www.facebook.com\/profile.php?id=61573001502527","article_modified_time":"2025-11-14T10:11:18+00:00","og_image":[{"width":800,"height":800,"url":"https:\/\/pinoy-grocery.com\/wp-content\/uploads\/2025\/11\/Alaska-Ube-Macapuno-flavored-sweetened-condensed-creamer-1.webp","type":"image\/webp"}],"twitter_card":"summary_large_image","schema":{"@context":"https:\/\/schema.org","@graph":[{"@type":"WebPage","@id":"https:\/\/pinoy-grocery.com\/produit\/alaska-creme-concentree-sucree-aromatisee-a-lube-macapuno\/","url":"https:\/\/pinoy-grocery.com\/produit\/alaska-creme-concentree-sucree-aromatisee-a-lube-macapuno\/","name":"Alaska - Ube Macapuno sweetened condensed cream - Delmi Mart Pinoy Grocery","isPartOf":{"@id":"https:\/\/pinoy-grocery.com\/#website"},"primaryImageOfPage":{"@id":"https:\/\/pinoy-grocery.com\/produit\/alaska-creme-concentree-sucree-aromatisee-a-lube-macapuno\/#primaryimage"},"image":{"@id":"https:\/\/pinoy-grocery.com\/produit\/alaska-creme-concentree-sucree-aromatisee-a-lube-macapuno\/#primaryimage"},"thumbnailUrl":"https:\/\/pinoy-grocery.com\/wp-content\/uploads\/2025\/11\/Alaska-Ube-Macapuno-flavored-sweetened-condensed-creamer-1.webp","datePublished":"2025-11-14T10:11:13+00:00","dateModified":"2025-11-14T10:11:18+00:00","breadcrumb":{"@id":"https:\/\/pinoy-grocery.com\/produit\/alaska-creme-concentree-sucree-aromatisee-a-lube-macapuno\/#breadcrumb"},"inLanguage":"en-GB","potentialAction":[{"@type":"ReadAction","target":["https:\/\/pinoy-grocery.com\/produit\/alaska-creme-concentree-sucree-aromatisee-a-lube-macapuno\/"]}]},{"@type":"ImageObject","inLanguage":"en-GB","@id":"https:\/\/pinoy-grocery.com\/produit\/alaska-creme-concentree-sucree-aromatisee-a-lube-macapuno\/#primaryimage","url":"https:\/\/pinoy-grocery.com\/wp-content\/uploads\/2025\/11\/Alaska-Ube-Macapuno-flavored-sweetened-condensed-creamer-1.webp","contentUrl":"https:\/\/pinoy-grocery.com\/wp-content\/uploads\/2025\/11\/Alaska-Ube-Macapuno-flavored-sweetened-condensed-creamer-1.webp","width":800,"height":800,"caption":"Alaska-Ube-Macapuno-flavored-sweetened-condensed-creamer-1.webp"},{"@type":"BreadcrumbList","@id":"https:\/\/pinoy-grocery.com\/produit\/alaska-creme-concentree-sucree-aromatisee-a-lube-macapuno\/#breadcrumb","itemListElement":[{"@type":"ListItem","position":1,"name":"Accueil","item":"https:\/\/pinoy-grocery.com\/"},{"@type":"ListItem","position":2,"name":"Boutique","item":"https:\/\/pinoy-grocery.com\/boutique\/"},{"@type":"ListItem","position":3,"name":"Alaska &#8211; Cr\u00e8me concentr\u00e9e sucr\u00e9e aromatis\u00e9e \u00e0 l&rsquo;Ube Macapuno &#8211;"}]},{"@type":"WebSite","@id":"https:\/\/pinoy-grocery.com\/#website","url":"https:\/\/pinoy-grocery.com\/","name":"Delmi Mart Pinoy Grocery","description":"Your grocery shop for Filipino products","publisher":{"@id":"https:\/\/pinoy-grocery.com\/#organization"},"potentialAction":[{"@type":"SearchAction","target":{"@type":"EntryPoint","urlTemplate":"https:\/\/pinoy-grocery.com\/?s={search_term_string}"},"query-input":{"@type":"PropertyValueSpecification","valueRequired":true,"valueName":"search_term_string"}}],"inLanguage":"en-GB"},{"@type":"Organization","@id":"https:\/\/pinoy-grocery.com\/#organization","name":"Delmi Mart Pinoy Grocery","url":"https:\/\/pinoy-grocery.com\/","logo":{"@type":"ImageObject","inLanguage":"en-GB","@id":"https:\/\/pinoy-grocery.com\/#\/schema\/logo\/image\/","url":"https:\/\/pinoy-grocery.com\/wp-content\/uploads\/2025\/11\/LOGO-DELMI-MART-Pinoy-Grocery-shop-600x600-1.webp","contentUrl":"https:\/\/pinoy-grocery.com\/wp-content\/uploads\/2025\/11\/LOGO-DELMI-MART-Pinoy-Grocery-shop-600x600-1.webp","width":600,"height":600,"caption":"Delmi Mart Pinoy Grocery"},"image":{"@id":"https:\/\/pinoy-grocery.com\/#\/schema\/logo\/image\/"},"sameAs":["https:\/\/www.facebook.com\/profile.php?id=61573001502527"]}]}},"_links":{"self":[{"href":"https:\/\/pinoy-grocery.com\/en\/wp-json\/wp\/v2\/product\/1460","targetHints":{"allow":["GET"]}}],"collection":[{"href":"https:\/\/pinoy-grocery.com\/en\/wp-json\/wp\/v2\/product"}],"about":[{"href":"https:\/\/pinoy-grocery.com\/en\/wp-json\/wp\/v2\/types\/product"}],"replies":[{"embeddable":true,"href":"https:\/\/pinoy-grocery.com\/en\/wp-json\/wp\/v2\/comments?post=1460"}],"wp:featuredmedia":[{"embeddable":true,"href":"https:\/\/pinoy-grocery.com\/en\/wp-json\/wp\/v2\/media\/828"}],"wp:attachment":[{"href":"https:\/\/pinoy-grocery.com\/en\/wp-json\/wp\/v2\/media?parent=1460"}],"wp:term":[{"taxonomy":"product_brand","embeddable":true,"href":"https:\/\/pinoy-grocery.com\/en\/wp-json\/wp\/v2\/product_brand?post=1460"},{"taxonomy":"product_cat","embeddable":true,"href":"https:\/\/pinoy-grocery.com\/en\/wp-json\/wp\/v2\/product_cat?post=1460"},{"taxonomy":"product_tag","embeddable":true,"href":"https:\/\/pinoy-grocery.com\/en\/wp-json\/wp\/v2\/product_tag?post=1460"}],"curies":[{"name":"wp","href":"https:\/\/api.w.org\/{rel}","templated":true}]}}