{"id":1436,"date":"2025-11-14T10:11:04","date_gmt":"2025-11-14T10:11:04","guid":{"rendered":"https:\/\/pinoy-grocery.com\/?post_type=product&#038;p=1436"},"modified":"2025-11-14T10:11:10","modified_gmt":"2025-11-14T10:11:10","slug":"lucky-me-instant-beef-noodles-70gr","status":"publish","type":"product","link":"https:\/\/pinoy-grocery.com\/en\/produit\/lucky-me-nouilles-instantanees-au-boeuf-70gr\/","title":{"rendered":"Lucky me - Instant beef noodles - 70gr"},"content":{"rendered":"<p>Savour the richness of Lucky Me Beef Flavour Noodles, the iconic instant noodles of the Philippines. Offering a delicious flavour of savoury beef, they're ready in a flash: just add hot water and your favourite toppings. Ideal for a quick meal or a comforting snack, these noodles appeal to palates of all ages. A family favourite!<\/p>","protected":false},"excerpt":{"rendered":"<p>Instant beef noodles<\/p>","protected":false},"featured_media":1403,"comment_status":"open","ping_status":"closed","template":"","meta":[],"product_brand":[],"product_cat":[30],"product_tag":[],"class_list":{"0":"post-1436","1":"product","2":"type-product","3":"status-publish","4":"has-post-thumbnail","6":"product_cat-nouilles","8":"first","9":"outofstock","10":"shipping-taxable","11":"purchasable","12":"product-type-simple"},"yoast_head":"<!-- This site is optimized with the Yoast SEO plugin v27.4 - https:\/\/yoast.com\/product\/yoast-seo-wordpress\/ -->\n<title>Lucky me - Nouilles instantan\u00e9es au b\u0153uf - 70gr - Delmi Mart Pinoy Grocery<\/title>\n<meta name=\"robots\" content=\"index, follow, max-snippet:-1, max-image-preview:large, max-video-preview:-1\" \/>\n<link rel=\"canonical\" href=\"https:\/\/pinoy-grocery.com\/en\/product\/lucky-me-instant-beef-noodles-70gr\/\" \/>\n<meta property=\"og:locale\" content=\"en_GB\" \/>\n<meta property=\"og:type\" content=\"article\" \/>\n<meta property=\"og:title\" content=\"Lucky me - Nouilles instantan\u00e9es au b\u0153uf - 70gr - Delmi Mart Pinoy Grocery\" \/>\n<meta property=\"og:description\" content=\"Nouilles instantan\u00e9es au b\u0153uf\" \/>\n<meta property=\"og:url\" content=\"https:\/\/pinoy-grocery.com\/en\/product\/lucky-me-instant-beef-noodles-70gr\/\" \/>\n<meta property=\"og:site_name\" content=\"Delmi Mart Pinoy Grocery\" \/>\n<meta property=\"article:publisher\" content=\"https:\/\/www.facebook.com\/profile.php?id=61573001502527\" \/>\n<meta property=\"article:modified_time\" content=\"2025-11-14T10:11:10+00:00\" \/>\n<meta property=\"og:image\" content=\"https:\/\/pinoy-grocery.com\/wp-content\/uploads\/2025\/11\/Lucky-me-Instant-noodles-beef-mami.webp\" \/>\n\t<meta property=\"og:image:width\" content=\"500\" \/>\n\t<meta property=\"og:image:height\" content=\"500\" \/>\n\t<meta property=\"og:image:type\" content=\"image\/webp\" \/>\n<meta name=\"twitter:card\" content=\"summary_large_image\" \/>\n<script type=\"application\/ld+json\" class=\"yoast-schema-graph\">{\"@context\":\"https:\\\/\\\/schema.org\",\"@graph\":[{\"@type\":\"WebPage\",\"@id\":\"https:\\\/\\\/pinoy-grocery.com\\\/produit\\\/lucky-me-nouilles-instantanees-au-boeuf-70gr\\\/\",\"url\":\"https:\\\/\\\/pinoy-grocery.com\\\/produit\\\/lucky-me-nouilles-instantanees-au-boeuf-70gr\\\/\",\"name\":\"Lucky me - Nouilles instantan\u00e9es au b\u0153uf - 70gr - Delmi Mart Pinoy Grocery\",\"isPartOf\":{\"@id\":\"https:\\\/\\\/pinoy-grocery.com\\\/#website\"},\"primaryImageOfPage\":{\"@id\":\"https:\\\/\\\/pinoy-grocery.com\\\/produit\\\/lucky-me-nouilles-instantanees-au-boeuf-70gr\\\/#primaryimage\"},\"image\":{\"@id\":\"https:\\\/\\\/pinoy-grocery.com\\\/produit\\\/lucky-me-nouilles-instantanees-au-boeuf-70gr\\\/#primaryimage\"},\"thumbnailUrl\":\"https:\\\/\\\/pinoy-grocery.com\\\/wp-content\\\/uploads\\\/2025\\\/11\\\/Lucky-me-Instant-noodles-beef-mami.webp\",\"datePublished\":\"2025-11-14T10:11:04+00:00\",\"dateModified\":\"2025-11-14T10:11:10+00:00\",\"breadcrumb\":{\"@id\":\"https:\\\/\\\/pinoy-grocery.com\\\/produit\\\/lucky-me-nouilles-instantanees-au-boeuf-70gr\\\/#breadcrumb\"},\"inLanguage\":\"en-GB\",\"potentialAction\":[{\"@type\":\"ReadAction\",\"target\":[\"https:\\\/\\\/pinoy-grocery.com\\\/produit\\\/lucky-me-nouilles-instantanees-au-boeuf-70gr\\\/\"]}]},{\"@type\":\"ImageObject\",\"inLanguage\":\"en-GB\",\"@id\":\"https:\\\/\\\/pinoy-grocery.com\\\/produit\\\/lucky-me-nouilles-instantanees-au-boeuf-70gr\\\/#primaryimage\",\"url\":\"https:\\\/\\\/pinoy-grocery.com\\\/wp-content\\\/uploads\\\/2025\\\/11\\\/Lucky-me-Instant-noodles-beef-mami.webp\",\"contentUrl\":\"https:\\\/\\\/pinoy-grocery.com\\\/wp-content\\\/uploads\\\/2025\\\/11\\\/Lucky-me-Instant-noodles-beef-mami.webp\",\"width\":500,\"height\":500,\"caption\":\"Lucky me - Instant noodles beef mami\"},{\"@type\":\"BreadcrumbList\",\"@id\":\"https:\\\/\\\/pinoy-grocery.com\\\/produit\\\/lucky-me-nouilles-instantanees-au-boeuf-70gr\\\/#breadcrumb\",\"itemListElement\":[{\"@type\":\"ListItem\",\"position\":1,\"name\":\"Accueil\",\"item\":\"https:\\\/\\\/pinoy-grocery.com\\\/\"},{\"@type\":\"ListItem\",\"position\":2,\"name\":\"Boutique\",\"item\":\"https:\\\/\\\/pinoy-grocery.com\\\/boutique\\\/\"},{\"@type\":\"ListItem\",\"position\":3,\"name\":\"Lucky me &#8211; Nouilles instantan\u00e9es au b\u0153uf &#8211; 70gr\"}]},{\"@type\":\"WebSite\",\"@id\":\"https:\\\/\\\/pinoy-grocery.com\\\/#website\",\"url\":\"https:\\\/\\\/pinoy-grocery.com\\\/\",\"name\":\"Delmi Mart Pinoy Grocery\",\"description\":\"Votre \u00e9picerie de produits philippins\",\"publisher\":{\"@id\":\"https:\\\/\\\/pinoy-grocery.com\\\/#organization\"},\"potentialAction\":[{\"@type\":\"SearchAction\",\"target\":{\"@type\":\"EntryPoint\",\"urlTemplate\":\"https:\\\/\\\/pinoy-grocery.com\\\/?s={search_term_string}\"},\"query-input\":{\"@type\":\"PropertyValueSpecification\",\"valueRequired\":true,\"valueName\":\"search_term_string\"}}],\"inLanguage\":\"en-GB\"},{\"@type\":\"Organization\",\"@id\":\"https:\\\/\\\/pinoy-grocery.com\\\/#organization\",\"name\":\"Delmi Mart Pinoy Grocery\",\"url\":\"https:\\\/\\\/pinoy-grocery.com\\\/\",\"logo\":{\"@type\":\"ImageObject\",\"inLanguage\":\"en-GB\",\"@id\":\"https:\\\/\\\/pinoy-grocery.com\\\/#\\\/schema\\\/logo\\\/image\\\/\",\"url\":\"https:\\\/\\\/pinoy-grocery.com\\\/wp-content\\\/uploads\\\/2025\\\/11\\\/LOGO-DELMI-MART-Pinoy-Grocery-shop-600x600-1.webp\",\"contentUrl\":\"https:\\\/\\\/pinoy-grocery.com\\\/wp-content\\\/uploads\\\/2025\\\/11\\\/LOGO-DELMI-MART-Pinoy-Grocery-shop-600x600-1.webp\",\"width\":600,\"height\":600,\"caption\":\"Delmi Mart Pinoy Grocery\"},\"image\":{\"@id\":\"https:\\\/\\\/pinoy-grocery.com\\\/#\\\/schema\\\/logo\\\/image\\\/\"},\"sameAs\":[\"https:\\\/\\\/www.facebook.com\\\/profile.php?id=61573001502527\"]}]}<\/script>\n<!-- \/ Yoast SEO plugin. -->","yoast_head_json":{"title":"Lucky me - Instant beef noodles - 70gr - Delmi Mart Pinoy Grocery","robots":{"index":"index","follow":"follow","max-snippet":"max-snippet:-1","max-image-preview":"max-image-preview:large","max-video-preview":"max-video-preview:-1"},"canonical":"https:\/\/pinoy-grocery.com\/en\/product\/lucky-me-instant-beef-noodles-70gr\/","og_locale":"en_GB","og_type":"article","og_title":"Lucky me - Nouilles instantan\u00e9es au b\u0153uf - 70gr - Delmi Mart Pinoy Grocery","og_description":"Nouilles instantan\u00e9es au b\u0153uf","og_url":"https:\/\/pinoy-grocery.com\/en\/product\/lucky-me-instant-beef-noodles-70gr\/","og_site_name":"Delmi Mart Pinoy Grocery","article_publisher":"https:\/\/www.facebook.com\/profile.php?id=61573001502527","article_modified_time":"2025-11-14T10:11:10+00:00","og_image":[{"width":500,"height":500,"url":"https:\/\/pinoy-grocery.com\/wp-content\/uploads\/2025\/11\/Lucky-me-Instant-noodles-beef-mami.webp","type":"image\/webp"}],"twitter_card":"summary_large_image","schema":{"@context":"https:\/\/schema.org","@graph":[{"@type":"WebPage","@id":"https:\/\/pinoy-grocery.com\/produit\/lucky-me-nouilles-instantanees-au-boeuf-70gr\/","url":"https:\/\/pinoy-grocery.com\/produit\/lucky-me-nouilles-instantanees-au-boeuf-70gr\/","name":"Lucky me - Instant beef noodles - 70gr - Delmi Mart Pinoy Grocery","isPartOf":{"@id":"https:\/\/pinoy-grocery.com\/#website"},"primaryImageOfPage":{"@id":"https:\/\/pinoy-grocery.com\/produit\/lucky-me-nouilles-instantanees-au-boeuf-70gr\/#primaryimage"},"image":{"@id":"https:\/\/pinoy-grocery.com\/produit\/lucky-me-nouilles-instantanees-au-boeuf-70gr\/#primaryimage"},"thumbnailUrl":"https:\/\/pinoy-grocery.com\/wp-content\/uploads\/2025\/11\/Lucky-me-Instant-noodles-beef-mami.webp","datePublished":"2025-11-14T10:11:04+00:00","dateModified":"2025-11-14T10:11:10+00:00","breadcrumb":{"@id":"https:\/\/pinoy-grocery.com\/produit\/lucky-me-nouilles-instantanees-au-boeuf-70gr\/#breadcrumb"},"inLanguage":"en-GB","potentialAction":[{"@type":"ReadAction","target":["https:\/\/pinoy-grocery.com\/produit\/lucky-me-nouilles-instantanees-au-boeuf-70gr\/"]}]},{"@type":"ImageObject","inLanguage":"en-GB","@id":"https:\/\/pinoy-grocery.com\/produit\/lucky-me-nouilles-instantanees-au-boeuf-70gr\/#primaryimage","url":"https:\/\/pinoy-grocery.com\/wp-content\/uploads\/2025\/11\/Lucky-me-Instant-noodles-beef-mami.webp","contentUrl":"https:\/\/pinoy-grocery.com\/wp-content\/uploads\/2025\/11\/Lucky-me-Instant-noodles-beef-mami.webp","width":500,"height":500,"caption":"Lucky me - Instant noodles beef mami"},{"@type":"BreadcrumbList","@id":"https:\/\/pinoy-grocery.com\/produit\/lucky-me-nouilles-instantanees-au-boeuf-70gr\/#breadcrumb","itemListElement":[{"@type":"ListItem","position":1,"name":"Accueil","item":"https:\/\/pinoy-grocery.com\/"},{"@type":"ListItem","position":2,"name":"Boutique","item":"https:\/\/pinoy-grocery.com\/boutique\/"},{"@type":"ListItem","position":3,"name":"Lucky me &#8211; Nouilles instantan\u00e9es au b\u0153uf &#8211; 70gr"}]},{"@type":"WebSite","@id":"https:\/\/pinoy-grocery.com\/#website","url":"https:\/\/pinoy-grocery.com\/","name":"Delmi Mart Pinoy Grocery","description":"Your grocery shop for Filipino products","publisher":{"@id":"https:\/\/pinoy-grocery.com\/#organization"},"potentialAction":[{"@type":"SearchAction","target":{"@type":"EntryPoint","urlTemplate":"https:\/\/pinoy-grocery.com\/?s={search_term_string}"},"query-input":{"@type":"PropertyValueSpecification","valueRequired":true,"valueName":"search_term_string"}}],"inLanguage":"en-GB"},{"@type":"Organization","@id":"https:\/\/pinoy-grocery.com\/#organization","name":"Delmi Mart Pinoy Grocery","url":"https:\/\/pinoy-grocery.com\/","logo":{"@type":"ImageObject","inLanguage":"en-GB","@id":"https:\/\/pinoy-grocery.com\/#\/schema\/logo\/image\/","url":"https:\/\/pinoy-grocery.com\/wp-content\/uploads\/2025\/11\/LOGO-DELMI-MART-Pinoy-Grocery-shop-600x600-1.webp","contentUrl":"https:\/\/pinoy-grocery.com\/wp-content\/uploads\/2025\/11\/LOGO-DELMI-MART-Pinoy-Grocery-shop-600x600-1.webp","width":600,"height":600,"caption":"Delmi Mart Pinoy Grocery"},"image":{"@id":"https:\/\/pinoy-grocery.com\/#\/schema\/logo\/image\/"},"sameAs":["https:\/\/www.facebook.com\/profile.php?id=61573001502527"]}]}},"_links":{"self":[{"href":"https:\/\/pinoy-grocery.com\/en\/wp-json\/wp\/v2\/product\/1436","targetHints":{"allow":["GET"]}}],"collection":[{"href":"https:\/\/pinoy-grocery.com\/en\/wp-json\/wp\/v2\/product"}],"about":[{"href":"https:\/\/pinoy-grocery.com\/en\/wp-json\/wp\/v2\/types\/product"}],"replies":[{"embeddable":true,"href":"https:\/\/pinoy-grocery.com\/en\/wp-json\/wp\/v2\/comments?post=1436"}],"wp:featuredmedia":[{"embeddable":true,"href":"https:\/\/pinoy-grocery.com\/en\/wp-json\/wp\/v2\/media\/1403"}],"wp:attachment":[{"href":"https:\/\/pinoy-grocery.com\/en\/wp-json\/wp\/v2\/media?parent=1436"}],"wp:term":[{"taxonomy":"product_brand","embeddable":true,"href":"https:\/\/pinoy-grocery.com\/en\/wp-json\/wp\/v2\/product_brand?post=1436"},{"taxonomy":"product_cat","embeddable":true,"href":"https:\/\/pinoy-grocery.com\/en\/wp-json\/wp\/v2\/product_cat?post=1436"},{"taxonomy":"product_tag","embeddable":true,"href":"https:\/\/pinoy-grocery.com\/en\/wp-json\/wp\/v2\/product_tag?post=1436"}],"curies":[{"name":"wp","href":"https:\/\/api.w.org\/{rel}","templated":true}]}}