{"id":558,"date":"2025-11-12T16:30:17","date_gmt":"2025-11-12T16:30:17","guid":{"rendered":"https:\/\/pinoy-grocery.com\/?page_id=558"},"modified":"2025-11-17T10:24:17","modified_gmt":"2025-11-17T10:24:17","slug":"legal-information","status":"publish","type":"page","link":"https:\/\/pinoy-grocery.com\/en\/mentions-legales\/","title":{"rendered":"Legal information"},"content":{"rendered":"<div data-elementor-type=\"wp-page\" data-elementor-id=\"558\" class=\"elementor elementor-558\" data-elementor-post-type=\"page\">\n\t\t\t\t<div class=\"elementor-element elementor-element-2ecdecf3 e-con-full e-flex elementor-invisible e-con e-parent\" data-id=\"2ecdecf3\" data-element_type=\"container\" data-e-type=\"container\" data-settings=\"{&quot;background_background&quot;:&quot;classic&quot;,&quot;animation&quot;:&quot;fadeIn&quot;}\">\n\t\t<div class=\"elementor-element elementor-element-111e8901 e-con-full e-flex e-con e-child\" data-id=\"111e8901\" data-element_type=\"container\" data-e-type=\"container\" data-settings=\"{&quot;background_background&quot;:&quot;classic&quot;}\">\n\t\t\t\t<div class=\"elementor-element elementor-element-9e7559d elementor-widget elementor-widget-heading\" data-id=\"9e7559d\" data-element_type=\"widget\" data-e-type=\"widget\" data-widget_type=\"heading.default\">\n\t\t\t\t\t<h1 class=\"elementor-heading-title elementor-size-default\">Legal information<\/h1>\t\t\t\t<\/div>\n\t\t\t\t<\/div>\n\t\t<div class=\"elementor-element elementor-element-72dde785 e-flex e-con-boxed e-con e-child\" data-id=\"72dde785\" data-element_type=\"container\" data-e-type=\"container\">\n\t\t\t\t\t<div class=\"e-con-inner\">\n\t\t\t\t<div class=\"elementor-element elementor-element-2b420c08 elementor-widget elementor-widget-heading\" data-id=\"2b420c08\" data-element_type=\"widget\" data-e-type=\"widget\" data-widget_type=\"heading.default\">\n\t\t\t\t\t<h2 class=\"elementor-heading-title elementor-size-default\">Publisher \/ Owner :<\/h2>\t\t\t\t<\/div>\n\t\t\t\t<div class=\"elementor-element elementor-element-431f1a16 elementor-widget elementor-widget-text-editor\" data-id=\"431f1a16\" data-element_type=\"widget\" data-e-type=\"widget\" data-widget_type=\"text-editor.default\">\n\t\t\t\t\t\t\t\t\t<p>The Delmi Mart website can be accessed at the following address: <a style=\"font-family: -apple-system, BlinkMacSystemFont, 'Segoe UI', Roboto, 'Helvetica Neue', Arial, 'Noto Sans', sans-serif, 'Apple Color Emoji', 'Segoe UI Emoji', 'Segoe UI Symbol', 'Noto Color Emoji'; font-size: 16px;\" href=\"https:\/\/sas-gbm.com\/\">https:\/\/pinoy-grocery.com<\/a><\/p><div data-id=\"19313d73\" data-element_type=\"widget\" data-widget_type=\"text-editor.default\"><div>\u00a0<\/div><div><p>Company name: Delmi Mart<\/p><p>Registered office address: 2 bis square Ren\u00e9 Bertaudeau<\/p><p>Registration number: 940 394 927 Registered with the R.C.S ANGERS<\/p><p>NAF Code: 4791A - Distance selling from general catalogues<\/p><p>Telephone : <a href=\"tel:+33673523046\">+33 (0)6 73 52 30 46<\/a><\/p><p>Email : <a href=\"mailto:delmi@pinoy-grocery.com\">delmi@pinoy-grocery.com<\/a><\/p><p>Legal form: Sole proprietorship<\/p><p>Manager: Edelmira DAYRIT<\/p><p>Director of publication: Edelmira DAYRIT. All elements of the website <a href=\"https:\/\/pinoy-grocery.com\/en\/\">www.pinoy-grocery.com<\/a> are the exclusive property of Delmi Mart and are protected by French and international intellectual property laws. Any use, reproduction, exploitation or redistribution, for any purpose whatsoever and in particular for advertising purposes, even partial, of these elements of the website whatsoever (software, visual, sound) is strictly prohibited. The creation or insertion of any hyperlink whatsoever (simple hypertext link, deep hypertext link, etc.) that refers or points to any of the pages of the website is strictly prohibited. <a href=\"https:\/\/pinoy-grocery.com\/en\/\">www.pinoy-grocery.com<\/a> is strictly forbidden without the prior written consent of Delmi Mart.<\/p><\/div><\/div>\t\t\t\t\t\t\t\t<\/div>\n\t\t\t\t\t<\/div>\n\t\t\t\t<\/div>\n\t\t<div class=\"elementor-element elementor-element-ee9806 e-flex e-con-boxed e-con e-child\" data-id=\"ee9806\" data-element_type=\"container\" data-e-type=\"container\" data-settings=\"{&quot;background_background&quot;:&quot;classic&quot;}\">\n\t\t\t\t\t<div class=\"e-con-inner\">\n\t\t\t\t<div class=\"elementor-element elementor-element-6da919b3 elementor-widget elementor-widget-heading\" data-id=\"6da919b3\" data-element_type=\"widget\" data-e-type=\"widget\" data-widget_type=\"heading.default\">\n\t\t\t\t\t<h2 class=\"elementor-heading-title elementor-size-default\">Host<\/h2>\t\t\t\t<\/div>\n\t\t\t\t<div class=\"elementor-element elementor-element-60b53767 elementor-widget elementor-widget-text-editor\" data-id=\"60b53767\" data-element_type=\"widget\" data-e-type=\"widget\" data-widget_type=\"text-editor.default\">\n\t\t\t\t\t\t\t\t\t<div class=\"elementor-element elementor-element-6ca09c7 elementor-widget elementor-widget-heading\" data-id=\"6ca09c7\" data-element_type=\"widget\" data-widget_type=\"heading.default\">Infomaniak Network SA<\/div><div data-id=\"6ca09c7\" data-element_type=\"widget\" data-widget_type=\"heading.default\">\u00a0<\/div><div class=\"elementor-element elementor-element-77110a9 elementor-widget elementor-widget-heading\" data-id=\"77110a9\" data-element_type=\"widget\" data-widget_type=\"heading.default\"><div class=\"elementor-widget-container\"><p>Rue Eug\u00e8ne Marziano 25<\/p><p>1227 Les Acacias (GE)<\/p><p>\u00a0<\/p><p>Company headquarters<\/p><p>Les Acacias, Geneva, Switzerland<\/p><p>Commercial register of the canton of Geneva<\/p><p>CH-660.0.059.996-1<\/p><p>IDE number<\/p><p>CHE-103.167.648<\/p><p>VAT number<\/p><p>CHE-103.167.648<\/p><\/div><\/div>\t\t\t\t\t\t\t\t<\/div>\n\t\t\t\t\t<\/div>\n\t\t\t\t<\/div>\n\t\t<div class=\"elementor-element elementor-element-2937d3ef e-flex e-con-boxed e-con e-child\" data-id=\"2937d3ef\" data-element_type=\"container\" data-e-type=\"container\" data-settings=\"{&quot;background_background&quot;:&quot;classic&quot;}\">\n\t\t\t\t\t<div class=\"e-con-inner\">\n\t\t\t\t<div class=\"elementor-element elementor-element-60cce3c3 elementor-widget elementor-widget-heading\" data-id=\"60cce3c3\" data-element_type=\"widget\" data-e-type=\"widget\" data-widget_type=\"heading.default\">\n\t\t\t\t\t<h2 class=\"elementor-heading-title elementor-size-default\">Creation<\/h2>\t\t\t\t<\/div>\n\t\t\t\t<div class=\"elementor-element elementor-element-20b92fe0 elementor-widget elementor-widget-text-editor\" data-id=\"20b92fe0\" data-element_type=\"widget\" data-e-type=\"widget\" data-widget_type=\"text-editor.default\">\n\t\t\t\t\t\t\t\t\t<p>The sas-gbm.com website was created by :<\/p><p>Epic &amp; Com &amp; Gram agency, based in Les Sables d'Olonne<br \/>E-mail :\u00a0<a href=\"mailto:pierre@epiccomgram.com\">pierre@epiccomgram.com<\/a><\/p>\t\t\t\t\t\t\t\t<\/div>\n\t\t\t\t\t<\/div>\n\t\t\t\t<\/div>\n\t\t\t\t<\/div>\n\t\t\t\t<\/div>","protected":false},"excerpt":{"rendered":"<p>Mentions l\u00e9gales Editeur \/ Propri\u00e9taire : Le site de l\u2019entreprise Delmi Mart est accessible \u00e0 l\u2019adresse suivante : https:\/\/pinoy-grocery.com \u00a0 Raison sociale : Delmi Mart Adresse du si\u00e8ge social : 2 bis square Ren\u00e9 Bertaudeau Immatriculation : 940 394 927 Inscrite au R.C.S ANGERS Code NAF : 4791A &#8211; Vente \u00e0 distance sur catalogue g\u00e9n\u00e9ral [&hellip;]<\/p>\n","protected":false},"author":1,"featured_media":355,"parent":0,"menu_order":0,"comment_status":"closed","ping_status":"closed","template":"","meta":{"footnotes":""},"class_list":["post-558","page","type-page","status-publish","has-post-thumbnail","hentry"],"yoast_head":"<!-- This site is optimized with the Yoast SEO plugin v27.4 - https:\/\/yoast.com\/product\/yoast-seo-wordpress\/ -->\n<title>Mentions l\u00e9gales \u2013 Delmi Mart, \u00e9picerie philippine en ligne<\/title>\n<meta name=\"description\" content=\"Les mentions l\u00e9gales de Delmi Mart, votre \u00e9picerie philippine en ligne. Informations juridiques, coordonn\u00e9es et obligations l\u00e9gales.\" \/>\n<meta name=\"robots\" content=\"index, follow, max-snippet:-1, max-image-preview:large, max-video-preview:-1\" \/>\n<link rel=\"canonical\" href=\"https:\/\/pinoy-grocery.com\/en\/legal-information\/\" \/>\n<meta property=\"og:locale\" content=\"en_GB\" \/>\n<meta property=\"og:type\" content=\"article\" \/>\n<meta property=\"og:title\" content=\"Mentions l\u00e9gales \u2013 Delmi Mart, \u00e9picerie philippine en ligne\" \/>\n<meta property=\"og:description\" content=\"Les mentions l\u00e9gales de Delmi Mart, votre \u00e9picerie philippine en ligne. Informations juridiques, coordonn\u00e9es et obligations l\u00e9gales.\" \/>\n<meta property=\"og:url\" content=\"https:\/\/pinoy-grocery.com\/en\/legal-information\/\" \/>\n<meta property=\"og:site_name\" content=\"Delmi Mart Pinoy Grocery\" \/>\n<meta property=\"article:publisher\" content=\"https:\/\/www.facebook.com\/profile.php?id=61573001502527\" \/>\n<meta property=\"article:modified_time\" content=\"2025-11-17T10:24:17+00:00\" \/>\n<meta property=\"og:image\" content=\"https:\/\/pinoy-grocery.com\/wp-content\/uploads\/2025\/11\/Contact-Delmi-Mart-Pinoy-Grocery-1.webp\" \/>\n\t<meta property=\"og:image:width\" content=\"1200\" \/>\n\t<meta property=\"og:image:height\" content=\"675\" \/>\n\t<meta property=\"og:image:type\" content=\"image\/webp\" \/>\n<meta name=\"twitter:card\" content=\"summary_large_image\" \/>\n<meta name=\"twitter:label1\" content=\"Estimated reading time\" \/>\n\t<meta name=\"twitter:data1\" content=\"2 minutes\" \/>\n<script type=\"application\/ld+json\" class=\"yoast-schema-graph\">{\"@context\":\"https:\\\/\\\/schema.org\",\"@graph\":[{\"@type\":\"WebPage\",\"@id\":\"https:\\\/\\\/pinoy-grocery.com\\\/mentions-legales\\\/\",\"url\":\"https:\\\/\\\/pinoy-grocery.com\\\/mentions-legales\\\/\",\"name\":\"Mentions l\u00e9gales \u2013 Delmi Mart, \u00e9picerie philippine en ligne\",\"isPartOf\":{\"@id\":\"https:\\\/\\\/pinoy-grocery.com\\\/#website\"},\"primaryImageOfPage\":{\"@id\":\"https:\\\/\\\/pinoy-grocery.com\\\/mentions-legales\\\/#primaryimage\"},\"image\":{\"@id\":\"https:\\\/\\\/pinoy-grocery.com\\\/mentions-legales\\\/#primaryimage\"},\"thumbnailUrl\":\"https:\\\/\\\/pinoy-grocery.com\\\/wp-content\\\/uploads\\\/2025\\\/11\\\/Contact-Delmi-Mart-Pinoy-Grocery-1.webp\",\"datePublished\":\"2025-11-12T16:30:17+00:00\",\"dateModified\":\"2025-11-17T10:24:17+00:00\",\"description\":\"Les mentions l\u00e9gales de Delmi Mart, votre \u00e9picerie philippine en ligne. Informations juridiques, coordonn\u00e9es et obligations l\u00e9gales.\",\"breadcrumb\":{\"@id\":\"https:\\\/\\\/pinoy-grocery.com\\\/mentions-legales\\\/#breadcrumb\"},\"inLanguage\":\"en-GB\",\"potentialAction\":[{\"@type\":\"ReadAction\",\"target\":[\"https:\\\/\\\/pinoy-grocery.com\\\/mentions-legales\\\/\"]}]},{\"@type\":\"ImageObject\",\"inLanguage\":\"en-GB\",\"@id\":\"https:\\\/\\\/pinoy-grocery.com\\\/mentions-legales\\\/#primaryimage\",\"url\":\"https:\\\/\\\/pinoy-grocery.com\\\/wp-content\\\/uploads\\\/2025\\\/11\\\/Contact-Delmi-Mart-Pinoy-Grocery-1.webp\",\"contentUrl\":\"https:\\\/\\\/pinoy-grocery.com\\\/wp-content\\\/uploads\\\/2025\\\/11\\\/Contact-Delmi-Mart-Pinoy-Grocery-1.webp\",\"width\":1200,\"height\":675,\"caption\":\"Contact Delmi Mart Pinoy Grocery\"},{\"@type\":\"BreadcrumbList\",\"@id\":\"https:\\\/\\\/pinoy-grocery.com\\\/mentions-legales\\\/#breadcrumb\",\"itemListElement\":[{\"@type\":\"ListItem\",\"position\":1,\"name\":\"Accueil\",\"item\":\"https:\\\/\\\/pinoy-grocery.com\\\/\"},{\"@type\":\"ListItem\",\"position\":2,\"name\":\"Mentions l\u00e9gales\"}]},{\"@type\":\"WebSite\",\"@id\":\"https:\\\/\\\/pinoy-grocery.com\\\/#website\",\"url\":\"https:\\\/\\\/pinoy-grocery.com\\\/\",\"name\":\"Delmi Mart Pinoy Grocery\",\"description\":\"Votre \u00e9picerie de produits philippins\",\"publisher\":{\"@id\":\"https:\\\/\\\/pinoy-grocery.com\\\/#organization\"},\"potentialAction\":[{\"@type\":\"SearchAction\",\"target\":{\"@type\":\"EntryPoint\",\"urlTemplate\":\"https:\\\/\\\/pinoy-grocery.com\\\/?s={search_term_string}\"},\"query-input\":{\"@type\":\"PropertyValueSpecification\",\"valueRequired\":true,\"valueName\":\"search_term_string\"}}],\"inLanguage\":\"en-GB\"},{\"@type\":\"Organization\",\"@id\":\"https:\\\/\\\/pinoy-grocery.com\\\/#organization\",\"name\":\"Delmi Mart Pinoy Grocery\",\"url\":\"https:\\\/\\\/pinoy-grocery.com\\\/\",\"logo\":{\"@type\":\"ImageObject\",\"inLanguage\":\"en-GB\",\"@id\":\"https:\\\/\\\/pinoy-grocery.com\\\/#\\\/schema\\\/logo\\\/image\\\/\",\"url\":\"https:\\\/\\\/pinoy-grocery.com\\\/wp-content\\\/uploads\\\/2025\\\/11\\\/LOGO-DELMI-MART-Pinoy-Grocery-shop-600x600-1.webp\",\"contentUrl\":\"https:\\\/\\\/pinoy-grocery.com\\\/wp-content\\\/uploads\\\/2025\\\/11\\\/LOGO-DELMI-MART-Pinoy-Grocery-shop-600x600-1.webp\",\"width\":600,\"height\":600,\"caption\":\"Delmi Mart Pinoy Grocery\"},\"image\":{\"@id\":\"https:\\\/\\\/pinoy-grocery.com\\\/#\\\/schema\\\/logo\\\/image\\\/\"},\"sameAs\":[\"https:\\\/\\\/www.facebook.com\\\/profile.php?id=61573001502527\"]}]}<\/script>\n<!-- \/ Yoast SEO plugin. -->","yoast_head_json":{"title":"Legal information - Delmi Mart, online Filipino grocery shop","description":"Legal information for Delmi Mart, your online Filipino grocer. Legal information, contact details and legal obligations.","robots":{"index":"index","follow":"follow","max-snippet":"max-snippet:-1","max-image-preview":"max-image-preview:large","max-video-preview":"max-video-preview:-1"},"canonical":"https:\/\/pinoy-grocery.com\/en\/legal-information\/","og_locale":"en_GB","og_type":"article","og_title":"Mentions l\u00e9gales \u2013 Delmi Mart, \u00e9picerie philippine en ligne","og_description":"Les mentions l\u00e9gales de Delmi Mart, votre \u00e9picerie philippine en ligne. Informations juridiques, coordonn\u00e9es et obligations l\u00e9gales.","og_url":"https:\/\/pinoy-grocery.com\/en\/legal-information\/","og_site_name":"Delmi Mart Pinoy Grocery","article_publisher":"https:\/\/www.facebook.com\/profile.php?id=61573001502527","article_modified_time":"2025-11-17T10:24:17+00:00","og_image":[{"width":1200,"height":675,"url":"https:\/\/pinoy-grocery.com\/wp-content\/uploads\/2025\/11\/Contact-Delmi-Mart-Pinoy-Grocery-1.webp","type":"image\/webp"}],"twitter_card":"summary_large_image","twitter_misc":{"Estimated reading time":"2 minutes"},"schema":{"@context":"https:\/\/schema.org","@graph":[{"@type":"WebPage","@id":"https:\/\/pinoy-grocery.com\/mentions-legales\/","url":"https:\/\/pinoy-grocery.com\/mentions-legales\/","name":"Legal information - Delmi Mart, online Filipino grocery shop","isPartOf":{"@id":"https:\/\/pinoy-grocery.com\/#website"},"primaryImageOfPage":{"@id":"https:\/\/pinoy-grocery.com\/mentions-legales\/#primaryimage"},"image":{"@id":"https:\/\/pinoy-grocery.com\/mentions-legales\/#primaryimage"},"thumbnailUrl":"https:\/\/pinoy-grocery.com\/wp-content\/uploads\/2025\/11\/Contact-Delmi-Mart-Pinoy-Grocery-1.webp","datePublished":"2025-11-12T16:30:17+00:00","dateModified":"2025-11-17T10:24:17+00:00","description":"Legal information for Delmi Mart, your online Filipino grocer. Legal information, contact details and legal obligations.","breadcrumb":{"@id":"https:\/\/pinoy-grocery.com\/mentions-legales\/#breadcrumb"},"inLanguage":"en-GB","potentialAction":[{"@type":"ReadAction","target":["https:\/\/pinoy-grocery.com\/mentions-legales\/"]}]},{"@type":"ImageObject","inLanguage":"en-GB","@id":"https:\/\/pinoy-grocery.com\/mentions-legales\/#primaryimage","url":"https:\/\/pinoy-grocery.com\/wp-content\/uploads\/2025\/11\/Contact-Delmi-Mart-Pinoy-Grocery-1.webp","contentUrl":"https:\/\/pinoy-grocery.com\/wp-content\/uploads\/2025\/11\/Contact-Delmi-Mart-Pinoy-Grocery-1.webp","width":1200,"height":675,"caption":"Contact Delmi Mart Pinoy Grocery"},{"@type":"BreadcrumbList","@id":"https:\/\/pinoy-grocery.com\/mentions-legales\/#breadcrumb","itemListElement":[{"@type":"ListItem","position":1,"name":"Accueil","item":"https:\/\/pinoy-grocery.com\/"},{"@type":"ListItem","position":2,"name":"Mentions l\u00e9gales"}]},{"@type":"WebSite","@id":"https:\/\/pinoy-grocery.com\/#website","url":"https:\/\/pinoy-grocery.com\/","name":"Delmi Mart Pinoy Grocery","description":"Your grocery shop for Filipino products","publisher":{"@id":"https:\/\/pinoy-grocery.com\/#organization"},"potentialAction":[{"@type":"SearchAction","target":{"@type":"EntryPoint","urlTemplate":"https:\/\/pinoy-grocery.com\/?s={search_term_string}"},"query-input":{"@type":"PropertyValueSpecification","valueRequired":true,"valueName":"search_term_string"}}],"inLanguage":"en-GB"},{"@type":"Organization","@id":"https:\/\/pinoy-grocery.com\/#organization","name":"Delmi Mart Pinoy Grocery","url":"https:\/\/pinoy-grocery.com\/","logo":{"@type":"ImageObject","inLanguage":"en-GB","@id":"https:\/\/pinoy-grocery.com\/#\/schema\/logo\/image\/","url":"https:\/\/pinoy-grocery.com\/wp-content\/uploads\/2025\/11\/LOGO-DELMI-MART-Pinoy-Grocery-shop-600x600-1.webp","contentUrl":"https:\/\/pinoy-grocery.com\/wp-content\/uploads\/2025\/11\/LOGO-DELMI-MART-Pinoy-Grocery-shop-600x600-1.webp","width":600,"height":600,"caption":"Delmi Mart Pinoy Grocery"},"image":{"@id":"https:\/\/pinoy-grocery.com\/#\/schema\/logo\/image\/"},"sameAs":["https:\/\/www.facebook.com\/profile.php?id=61573001502527"]}]}},"_links":{"self":[{"href":"https:\/\/pinoy-grocery.com\/en\/wp-json\/wp\/v2\/pages\/558","targetHints":{"allow":["GET"]}}],"collection":[{"href":"https:\/\/pinoy-grocery.com\/en\/wp-json\/wp\/v2\/pages"}],"about":[{"href":"https:\/\/pinoy-grocery.com\/en\/wp-json\/wp\/v2\/types\/page"}],"author":[{"embeddable":true,"href":"https:\/\/pinoy-grocery.com\/en\/wp-json\/wp\/v2\/users\/1"}],"replies":[{"embeddable":true,"href":"https:\/\/pinoy-grocery.com\/en\/wp-json\/wp\/v2\/comments?post=558"}],"version-history":[{"count":0,"href":"https:\/\/pinoy-grocery.com\/en\/wp-json\/wp\/v2\/pages\/558\/revisions"}],"wp:featuredmedia":[{"embeddable":true,"href":"https:\/\/pinoy-grocery.com\/en\/wp-json\/wp\/v2\/media\/355"}],"wp:attachment":[{"href":"https:\/\/pinoy-grocery.com\/en\/wp-json\/wp\/v2\/media?parent=558"}],"curies":[{"name":"wp","href":"https:\/\/api.w.org\/{rel}","templated":true}]}}