{"id":549,"date":"2025-11-12T16:27:40","date_gmt":"2025-11-12T16:27:40","guid":{"rendered":"https:\/\/pinoy-grocery.com\/?page_id=549"},"modified":"2025-12-08T15:39:12","modified_gmt":"2025-12-08T15:39:12","slug":"general-terms-and-conditions-of-sale","status":"publish","type":"page","link":"https:\/\/pinoy-grocery.com\/en\/conditions-generales-de-vente\/","title":{"rendered":"General terms and conditions of sale"},"content":{"rendered":"<div data-elementor-type=\"wp-page\" data-elementor-id=\"549\" class=\"elementor elementor-549\" data-elementor-post-type=\"page\">\n\t\t\t\t<div class=\"elementor-element elementor-element-76eb0d18 e-con-full e-flex elementor-invisible e-con e-parent\" data-id=\"76eb0d18\" data-element_type=\"container\" data-e-type=\"container\" data-settings=\"{&quot;background_background&quot;:&quot;classic&quot;,&quot;animation&quot;:&quot;fadeIn&quot;}\">\n\t\t<div class=\"elementor-element elementor-element-3d3dac38 e-con-full e-flex e-con e-child\" data-id=\"3d3dac38\" data-element_type=\"container\" data-e-type=\"container\" data-settings=\"{&quot;background_background&quot;:&quot;classic&quot;}\">\n\t\t\t\t<div class=\"elementor-element elementor-element-5bf20a27 elementor-widget elementor-widget-heading\" data-id=\"5bf20a27\" data-element_type=\"widget\" data-e-type=\"widget\" data-widget_type=\"heading.default\">\n\t\t\t\t\t<h1 class=\"elementor-heading-title elementor-size-default\">General terms and conditions of sale and use<\/h1>\t\t\t\t<\/div>\n\t\t\t\t<\/div>\n\t\t<div class=\"elementor-element elementor-element-30f1165 e-flex e-con-boxed e-con e-child\" data-id=\"30f1165\" data-element_type=\"container\" data-e-type=\"container\">\n\t\t\t\t\t<div class=\"e-con-inner\">\n\t\t\t\t<div class=\"elementor-element elementor-element-2d5e1212 elementor-widget elementor-widget-text-editor\" data-id=\"2d5e1212\" data-element_type=\"widget\" data-e-type=\"widget\" data-widget_type=\"text-editor.default\">\n\t\t\t\t\t\t\t\t\t<h2 data-start=\"1765\" data-end=\"1780\"><strong data-start=\"1768\" data-end=\"1780\">1. Subject<\/strong><\/h2><p data-start=\"1781\" data-end=\"1937\">These General Terms and Conditions of Sale (hereinafter referred to as the \u00abGTCS\u00bb) govern the sale of products by Delmi Mart via its website. <a class=\"decorated-link\" href=\"https:\/\/pinoy-grocery.com\/en\/\" target=\"_new\" rel=\"noopener\" data-start=\"1915\" data-end=\"1936\">www.pinoy-grocery.com<\/a>.<\/p><h2 data-start=\"1939\" data-end=\"1968\"><strong data-start=\"1942\" data-end=\"1968\">2. Acceptance of the GTCS<\/strong><\/h2><p data-start=\"1969\" data-end=\"2137\">Any order placed on the site implies unreserved acceptance of these GTC. The customer acknowledges having read them before validating the order.<\/p><h2 data-start=\"2139\" data-end=\"2157\"><strong data-start=\"2142\" data-end=\"2157\">3. Products<\/strong><\/h2><p data-start=\"2158\" data-end=\"2397\">The products sold are foodstuffs <strong data-start=\"2208\" data-end=\"2218\">dry<\/strong>, No cold chain required. Descriptions and photos are non-contractual but representative. Products are offered while stocks last.<\/p><p data-start=\"2399\" data-end=\"2517\">If a product is unavailable after an order has been placed, Delmi Mart will contact the customer to offer an exchange or refund.<\/p><h2 data-start=\"2519\" data-end=\"2533\"><strong data-start=\"2522\" data-end=\"2533\">4. Awards<\/strong><\/h2><p data-start=\"2534\" data-end=\"2753\">All prices are in Euros and include VAT. Delmi Mart reserves the right to modify prices at any time, but products will be invoiced on the basis of the price list in force at the time the order is placed.<\/p><h2 data-start=\"2755\" data-end=\"2773\"><strong data-start=\"2758\" data-end=\"2773\">5. Control<\/strong><\/h2><p data-start=\"2774\" data-end=\"2927\">The customer selects the products, validates their basket and then confirms their order after checking. A confirmation e-mail is sent automatically.<\/p><p data-start=\"2929\" data-end=\"3010\">Delmi Mart reserves the right to refuse any abnormal or fraudulent order.<\/p><h2 data-start=\"3012\" data-end=\"3030\"><strong data-start=\"3015\" data-end=\"3030\">6. Payment<\/strong><\/h2><p data-start=\"3031\" data-end=\"3069\">The means of payment accepted are :<\/p><ul data-start=\"3071\" data-end=\"3247\"><li data-start=\"3071\" data-end=\"3124\"><p data-start=\"3073\" data-end=\"3124\"><strong data-start=\"3073\" data-end=\"3122\">Credit card via Stripe (secure payment)<\/strong><\/p><\/li><li data-start=\"3125\" data-end=\"3139\"><p data-start=\"3127\" data-end=\"3139\"><strong data-start=\"3127\" data-end=\"3137\">PayPal<\/strong><\/p><\/li><li data-start=\"3140\" data-end=\"3165\"><p data-start=\"3142\" data-end=\"3165\"><strong data-start=\"3142\" data-end=\"3163\">Bank transfer<\/strong><\/p><\/li><li data-start=\"3166\" data-end=\"3247\"><p data-start=\"3168\" data-end=\"3247\"><strong data-start=\"3168\" data-end=\"3217\">Cash payment on collection<\/strong> (not available for delivery)<\/p><\/li><\/ul><p data-start=\"3249\" data-end=\"3354\">Online payments are completely secure and no bank details are stored by Delmi Mart.<\/p><h2 data-start=\"3356\" data-end=\"3375\"><strong data-start=\"3359\" data-end=\"3375\">7. Delivery<\/strong><\/h2><p data-start=\"3376\" data-end=\"3458\">Deliveries are made by <strong data-start=\"3409\" data-end=\"3416\">DPD<\/strong> to the address given when the order was placed.<\/p><h3 data-start=\"3460\" data-end=\"3472\">Deadlines :<\/h3><p data-start=\"3473\" data-end=\"3559\">Indicative delivery times are 2 to 5 working days, and may vary depending on the destination.<\/p><h3 data-start=\"3561\" data-end=\"3572\">Follow-up:<\/h3><p data-start=\"3573\" data-end=\"3634\">A tracking number will be sent to the customer upon dispatch.<\/p><h3 data-start=\"3636\" data-end=\"3660\">Receipt of parcel :<\/h3><p data-start=\"3661\" data-end=\"3836\">The customer must check the condition of the parcel on delivery.<br data-start=\"3716\" data-end=\"3719\" \/>In the event of a damaged parcel, the customer must make a reservation with the carrier and contact Delmi Mart within 48 hours.<\/p><p data-start=\"3838\" data-end=\"3930\">Delmi Mart cannot be held responsible for any errors in the address provided by the customer.<\/p><h2 data-start=\"3932\" data-end=\"3959\"><strong data-start=\"3935\" data-end=\"3959\">8. On-site collection<\/strong><\/h2><p data-start=\"3960\" data-end=\"4062\">Customers may collect their order free of charge from the address indicated when choosing the collection method.<\/p><p data-start=\"4064\" data-end=\"4126\">Payment in cash is <strong data-start=\"4091\" data-end=\"4125\">can only be set back<\/strong>.<\/p><h2 data-start=\"4128\" data-end=\"4159\"><strong data-start=\"4131\" data-end=\"4159\">9. Right of withdrawal<\/strong><\/h2><p data-start=\"4160\" data-end=\"4297\">In accordance with the French Consumer Code, the customer has a period of 14 days in which to exercise his right of withdrawal, with the exception of :<\/p><ul data-start=\"4299\" data-end=\"4410\"><li data-start=\"4299\" data-end=\"4341\"><p data-start=\"4301\" data-end=\"4341\">products unsealed after delivery<\/p><\/li><li data-start=\"4342\" data-end=\"4410\"><p data-start=\"4344\" data-end=\"4410\">products whose preservation or hygiene can no longer be guaranteed<\/p><\/li><\/ul><p data-start=\"4412\" data-end=\"4495\">The cost of returning the goods is the responsibility of the customer, unless an error has been made by Delmi Mart.<\/p><h2 data-start=\"4497\" data-end=\"4532\"><strong data-start=\"4500\" data-end=\"4532\">10. Returns &amp; Refunds<\/strong><\/h2><p data-start=\"4533\" data-end=\"4622\">The product must be returned in its original packaging, unopened and in perfect condition.<\/p><p data-start=\"4624\" data-end=\"4729\">After receipt and verification, Delmi Mart will proceed with the refund within a maximum of 14 days.<\/p><h2 data-start=\"4731\" data-end=\"4750\"><strong data-start=\"4734\" data-end=\"4750\">11. Guarantee<\/strong><\/h2><p data-start=\"4751\" data-end=\"4945\">The products sold are covered by the legal guarantees of conformity and hidden defects. In the event of a defective or non-compliant product, the customer may request a replacement or a refund.<\/p><h2 data-start=\"4947\" data-end=\"4978\"><strong data-start=\"4950\" data-end=\"4978\">12. Personal data<\/strong><\/h2><p data-start=\"4979\" data-end=\"5216\">Personal data is used to manage orders. It is processed in accordance with the confidentiality policy available on the site.<br data-start=\"5140\" data-end=\"5143\" \/>The customer has a right of access, rectification and deletion.<\/p><h2 data-start=\"5218\" data-end=\"5253\"><strong data-start=\"5221\" data-end=\"5253\">13. Intellectual property rights<\/strong><\/h2><p data-start=\"5254\" data-end=\"5386\">All elements of the site are protected by intellectual property law. Any unauthorised reproduction is prohibited.<\/p><h2 data-start=\"5388\" data-end=\"5419\"><strong data-start=\"5391\" data-end=\"5419\">14. Reservation of ownership<\/strong><\/h2><p data-start=\"5420\" data-end=\"5505\">The products remain the property of Delmi Mart until full payment has been received.<\/p><h2 data-start=\"5507\" data-end=\"5531\"><strong data-start=\"5510\" data-end=\"5531\">15. Force majeure<\/strong><\/h2><p data-start=\"5532\" data-end=\"5657\">Delmi Mart cannot be held responsible in the event of unforeseeable and irresistible events preventing the execution of the contract.<\/p><h2 data-start=\"5659\" data-end=\"5686\"><strong data-start=\"5662\" data-end=\"5686\">16. Applicable law<\/strong><\/h2><p data-start=\"5687\" data-end=\"5825\">These GCS are governed by French law. Any dispute will be submitted to the competent courts after an attempt at amicable resolution.<\/p><h2 data-start=\"5827\" data-end=\"5858\"><strong data-start=\"5830\" data-end=\"5858\">17. Modification of the GTCS<\/strong><\/h2><p data-start=\"5859\" data-end=\"6003\">Delmi Mart reserves the right to modify these GTC at any time. The applicable version is that in force at the time of the order.<\/p>\t\t\t\t\t\t\t\t<\/div>\n\t\t\t\t\t<\/div>\n\t\t\t\t<\/div>\n\t\t\t\t<\/div>\n\t\t\t\t<\/div>","protected":false},"excerpt":{"rendered":"<p>Conditions g\u00e9n\u00e9rales de vente et d&rsquo;utilisation 1. Objet Les pr\u00e9sentes Conditions G\u00e9n\u00e9rales de Vente (ci-apr\u00e8s \u00ab CGV \u00bb) r\u00e9gissent les ventes de produits r\u00e9alis\u00e9es par Delmi Mart via son site www.pinoy-grocery.com. 2. Acceptation des CGV Toute commande pass\u00e9e sur le site implique l\u2019acceptation sans r\u00e9serve des pr\u00e9sentes CGV. Le client reconna\u00eet en avoir pris connaissance [&hellip;]<\/p>\n","protected":false},"author":1,"featured_media":355,"parent":0,"menu_order":0,"comment_status":"closed","ping_status":"closed","template":"","meta":{"footnotes":""},"class_list":["post-549","page","type-page","status-publish","has-post-thumbnail","hentry"],"yoast_head":"<!-- This site is optimized with the Yoast SEO plugin v27.4 - https:\/\/yoast.com\/product\/yoast-seo-wordpress\/ -->\n<title>Conditions g\u00e9n\u00e9rales de vente \u2013 Delmi Mart<\/title>\n<meta name=\"description\" content=\"Consultez nos conditions g\u00e9n\u00e9rales de vente : commandes, prix, livraison, paiements et garanties. Informations l\u00e9gales applicables.\" \/>\n<meta name=\"robots\" content=\"index, follow, max-snippet:-1, max-image-preview:large, max-video-preview:-1\" \/>\n<link rel=\"canonical\" href=\"https:\/\/pinoy-grocery.com\/en\/general-terms-and-conditions-of-sale\/\" \/>\n<meta property=\"og:locale\" content=\"en_GB\" \/>\n<meta property=\"og:type\" content=\"article\" \/>\n<meta property=\"og:title\" content=\"Conditions g\u00e9n\u00e9rales de vente \u2013 Delmi Mart\" \/>\n<meta property=\"og:description\" content=\"Consultez nos conditions g\u00e9n\u00e9rales de vente : commandes, prix, livraison, paiements et garanties. Informations l\u00e9gales applicables.\" \/>\n<meta property=\"og:url\" content=\"https:\/\/pinoy-grocery.com\/en\/general-terms-and-conditions-of-sale\/\" \/>\n<meta property=\"og:site_name\" content=\"Delmi Mart Pinoy Grocery\" \/>\n<meta property=\"article:publisher\" content=\"https:\/\/www.facebook.com\/profile.php?id=61573001502527\" \/>\n<meta property=\"article:modified_time\" content=\"2025-12-08T15:39:12+00:00\" \/>\n<meta property=\"og:image\" content=\"https:\/\/pinoy-grocery.com\/wp-content\/uploads\/2025\/11\/Contact-Delmi-Mart-Pinoy-Grocery-1.webp\" \/>\n\t<meta property=\"og:image:width\" content=\"1200\" \/>\n\t<meta property=\"og:image:height\" content=\"675\" \/>\n\t<meta property=\"og:image:type\" content=\"image\/webp\" \/>\n<meta name=\"twitter:card\" content=\"summary_large_image\" \/>\n<meta name=\"twitter:label1\" content=\"Estimated reading time\" \/>\n\t<meta name=\"twitter:data1\" content=\"4 minutes\" \/>\n<script type=\"application\/ld+json\" class=\"yoast-schema-graph\">{\"@context\":\"https:\\\/\\\/schema.org\",\"@graph\":[{\"@type\":\"WebPage\",\"@id\":\"https:\\\/\\\/pinoy-grocery.com\\\/conditions-generales-de-vente\\\/\",\"url\":\"https:\\\/\\\/pinoy-grocery.com\\\/conditions-generales-de-vente\\\/\",\"name\":\"Conditions g\u00e9n\u00e9rales de vente \u2013 Delmi Mart\",\"isPartOf\":{\"@id\":\"https:\\\/\\\/pinoy-grocery.com\\\/#website\"},\"primaryImageOfPage\":{\"@id\":\"https:\\\/\\\/pinoy-grocery.com\\\/conditions-generales-de-vente\\\/#primaryimage\"},\"image\":{\"@id\":\"https:\\\/\\\/pinoy-grocery.com\\\/conditions-generales-de-vente\\\/#primaryimage\"},\"thumbnailUrl\":\"https:\\\/\\\/pinoy-grocery.com\\\/wp-content\\\/uploads\\\/2025\\\/11\\\/Contact-Delmi-Mart-Pinoy-Grocery-1.webp\",\"datePublished\":\"2025-11-12T16:27:40+00:00\",\"dateModified\":\"2025-12-08T15:39:12+00:00\",\"description\":\"Consultez nos conditions g\u00e9n\u00e9rales de vente : commandes, prix, livraison, paiements et garanties. Informations l\u00e9gales applicables.\",\"breadcrumb\":{\"@id\":\"https:\\\/\\\/pinoy-grocery.com\\\/conditions-generales-de-vente\\\/#breadcrumb\"},\"inLanguage\":\"en-GB\",\"potentialAction\":[{\"@type\":\"ReadAction\",\"target\":[\"https:\\\/\\\/pinoy-grocery.com\\\/conditions-generales-de-vente\\\/\"]}]},{\"@type\":\"ImageObject\",\"inLanguage\":\"en-GB\",\"@id\":\"https:\\\/\\\/pinoy-grocery.com\\\/conditions-generales-de-vente\\\/#primaryimage\",\"url\":\"https:\\\/\\\/pinoy-grocery.com\\\/wp-content\\\/uploads\\\/2025\\\/11\\\/Contact-Delmi-Mart-Pinoy-Grocery-1.webp\",\"contentUrl\":\"https:\\\/\\\/pinoy-grocery.com\\\/wp-content\\\/uploads\\\/2025\\\/11\\\/Contact-Delmi-Mart-Pinoy-Grocery-1.webp\",\"width\":1200,\"height\":675,\"caption\":\"Contact Delmi Mart Pinoy Grocery\"},{\"@type\":\"BreadcrumbList\",\"@id\":\"https:\\\/\\\/pinoy-grocery.com\\\/conditions-generales-de-vente\\\/#breadcrumb\",\"itemListElement\":[{\"@type\":\"ListItem\",\"position\":1,\"name\":\"Accueil\",\"item\":\"https:\\\/\\\/pinoy-grocery.com\\\/\"},{\"@type\":\"ListItem\",\"position\":2,\"name\":\"Conditions g\u00e9n\u00e9rales de vente\"}]},{\"@type\":\"WebSite\",\"@id\":\"https:\\\/\\\/pinoy-grocery.com\\\/#website\",\"url\":\"https:\\\/\\\/pinoy-grocery.com\\\/\",\"name\":\"Delmi Mart Pinoy Grocery\",\"description\":\"Votre \u00e9picerie de produits philippins\",\"publisher\":{\"@id\":\"https:\\\/\\\/pinoy-grocery.com\\\/#organization\"},\"potentialAction\":[{\"@type\":\"SearchAction\",\"target\":{\"@type\":\"EntryPoint\",\"urlTemplate\":\"https:\\\/\\\/pinoy-grocery.com\\\/?s={search_term_string}\"},\"query-input\":{\"@type\":\"PropertyValueSpecification\",\"valueRequired\":true,\"valueName\":\"search_term_string\"}}],\"inLanguage\":\"en-GB\"},{\"@type\":\"Organization\",\"@id\":\"https:\\\/\\\/pinoy-grocery.com\\\/#organization\",\"name\":\"Delmi Mart Pinoy Grocery\",\"url\":\"https:\\\/\\\/pinoy-grocery.com\\\/\",\"logo\":{\"@type\":\"ImageObject\",\"inLanguage\":\"en-GB\",\"@id\":\"https:\\\/\\\/pinoy-grocery.com\\\/#\\\/schema\\\/logo\\\/image\\\/\",\"url\":\"https:\\\/\\\/pinoy-grocery.com\\\/wp-content\\\/uploads\\\/2025\\\/11\\\/LOGO-DELMI-MART-Pinoy-Grocery-shop-600x600-1.webp\",\"contentUrl\":\"https:\\\/\\\/pinoy-grocery.com\\\/wp-content\\\/uploads\\\/2025\\\/11\\\/LOGO-DELMI-MART-Pinoy-Grocery-shop-600x600-1.webp\",\"width\":600,\"height\":600,\"caption\":\"Delmi Mart Pinoy Grocery\"},\"image\":{\"@id\":\"https:\\\/\\\/pinoy-grocery.com\\\/#\\\/schema\\\/logo\\\/image\\\/\"},\"sameAs\":[\"https:\\\/\\\/www.facebook.com\\\/profile.php?id=61573001502527\"]}]}<\/script>\n<!-- \/ Yoast SEO plugin. -->","yoast_head_json":{"title":"General terms and conditions - Delmi Mart","description":"Consult our general terms and conditions of sale: orders, prices, delivery, payments and guarantees. Applicable legal information.","robots":{"index":"index","follow":"follow","max-snippet":"max-snippet:-1","max-image-preview":"max-image-preview:large","max-video-preview":"max-video-preview:-1"},"canonical":"https:\/\/pinoy-grocery.com\/en\/general-terms-and-conditions-of-sale\/","og_locale":"en_GB","og_type":"article","og_title":"Conditions g\u00e9n\u00e9rales de vente \u2013 Delmi Mart","og_description":"Consultez nos conditions g\u00e9n\u00e9rales de vente : commandes, prix, livraison, paiements et garanties. Informations l\u00e9gales applicables.","og_url":"https:\/\/pinoy-grocery.com\/en\/general-terms-and-conditions-of-sale\/","og_site_name":"Delmi Mart Pinoy Grocery","article_publisher":"https:\/\/www.facebook.com\/profile.php?id=61573001502527","article_modified_time":"2025-12-08T15:39:12+00:00","og_image":[{"width":1200,"height":675,"url":"https:\/\/pinoy-grocery.com\/wp-content\/uploads\/2025\/11\/Contact-Delmi-Mart-Pinoy-Grocery-1.webp","type":"image\/webp"}],"twitter_card":"summary_large_image","twitter_misc":{"Estimated reading time":"4 minutes"},"schema":{"@context":"https:\/\/schema.org","@graph":[{"@type":"WebPage","@id":"https:\/\/pinoy-grocery.com\/conditions-generales-de-vente\/","url":"https:\/\/pinoy-grocery.com\/conditions-generales-de-vente\/","name":"General terms and conditions - Delmi Mart","isPartOf":{"@id":"https:\/\/pinoy-grocery.com\/#website"},"primaryImageOfPage":{"@id":"https:\/\/pinoy-grocery.com\/conditions-generales-de-vente\/#primaryimage"},"image":{"@id":"https:\/\/pinoy-grocery.com\/conditions-generales-de-vente\/#primaryimage"},"thumbnailUrl":"https:\/\/pinoy-grocery.com\/wp-content\/uploads\/2025\/11\/Contact-Delmi-Mart-Pinoy-Grocery-1.webp","datePublished":"2025-11-12T16:27:40+00:00","dateModified":"2025-12-08T15:39:12+00:00","description":"Consult our general terms and conditions of sale: orders, prices, delivery, payments and guarantees. Applicable legal information.","breadcrumb":{"@id":"https:\/\/pinoy-grocery.com\/conditions-generales-de-vente\/#breadcrumb"},"inLanguage":"en-GB","potentialAction":[{"@type":"ReadAction","target":["https:\/\/pinoy-grocery.com\/conditions-generales-de-vente\/"]}]},{"@type":"ImageObject","inLanguage":"en-GB","@id":"https:\/\/pinoy-grocery.com\/conditions-generales-de-vente\/#primaryimage","url":"https:\/\/pinoy-grocery.com\/wp-content\/uploads\/2025\/11\/Contact-Delmi-Mart-Pinoy-Grocery-1.webp","contentUrl":"https:\/\/pinoy-grocery.com\/wp-content\/uploads\/2025\/11\/Contact-Delmi-Mart-Pinoy-Grocery-1.webp","width":1200,"height":675,"caption":"Contact Delmi Mart Pinoy Grocery"},{"@type":"BreadcrumbList","@id":"https:\/\/pinoy-grocery.com\/conditions-generales-de-vente\/#breadcrumb","itemListElement":[{"@type":"ListItem","position":1,"name":"Accueil","item":"https:\/\/pinoy-grocery.com\/"},{"@type":"ListItem","position":2,"name":"Conditions g\u00e9n\u00e9rales de vente"}]},{"@type":"WebSite","@id":"https:\/\/pinoy-grocery.com\/#website","url":"https:\/\/pinoy-grocery.com\/","name":"Delmi Mart Pinoy Grocery","description":"Your grocery shop for Filipino products","publisher":{"@id":"https:\/\/pinoy-grocery.com\/#organization"},"potentialAction":[{"@type":"SearchAction","target":{"@type":"EntryPoint","urlTemplate":"https:\/\/pinoy-grocery.com\/?s={search_term_string}"},"query-input":{"@type":"PropertyValueSpecification","valueRequired":true,"valueName":"search_term_string"}}],"inLanguage":"en-GB"},{"@type":"Organization","@id":"https:\/\/pinoy-grocery.com\/#organization","name":"Delmi Mart Pinoy Grocery","url":"https:\/\/pinoy-grocery.com\/","logo":{"@type":"ImageObject","inLanguage":"en-GB","@id":"https:\/\/pinoy-grocery.com\/#\/schema\/logo\/image\/","url":"https:\/\/pinoy-grocery.com\/wp-content\/uploads\/2025\/11\/LOGO-DELMI-MART-Pinoy-Grocery-shop-600x600-1.webp","contentUrl":"https:\/\/pinoy-grocery.com\/wp-content\/uploads\/2025\/11\/LOGO-DELMI-MART-Pinoy-Grocery-shop-600x600-1.webp","width":600,"height":600,"caption":"Delmi Mart Pinoy Grocery"},"image":{"@id":"https:\/\/pinoy-grocery.com\/#\/schema\/logo\/image\/"},"sameAs":["https:\/\/www.facebook.com\/profile.php?id=61573001502527"]}]}},"_links":{"self":[{"href":"https:\/\/pinoy-grocery.com\/en\/wp-json\/wp\/v2\/pages\/549","targetHints":{"allow":["GET"]}}],"collection":[{"href":"https:\/\/pinoy-grocery.com\/en\/wp-json\/wp\/v2\/pages"}],"about":[{"href":"https:\/\/pinoy-grocery.com\/en\/wp-json\/wp\/v2\/types\/page"}],"author":[{"embeddable":true,"href":"https:\/\/pinoy-grocery.com\/en\/wp-json\/wp\/v2\/users\/1"}],"replies":[{"embeddable":true,"href":"https:\/\/pinoy-grocery.com\/en\/wp-json\/wp\/v2\/comments?post=549"}],"version-history":[{"count":0,"href":"https:\/\/pinoy-grocery.com\/en\/wp-json\/wp\/v2\/pages\/549\/revisions"}],"wp:featuredmedia":[{"embeddable":true,"href":"https:\/\/pinoy-grocery.com\/en\/wp-json\/wp\/v2\/media\/355"}],"wp:attachment":[{"href":"https:\/\/pinoy-grocery.com\/en\/wp-json\/wp\/v2\/media?parent=549"}],"curies":[{"name":"wp","href":"https:\/\/api.w.org\/{rel}","templated":true}]}}