{"id":425,"date":"2025-11-12T13:36:42","date_gmt":"2025-11-12T13:36:42","guid":{"rendered":"https:\/\/pinoy-grocery.com\/?page_id=425"},"modified":"2025-11-25T20:56:20","modified_gmt":"2025-11-25T20:56:20","slug":"contact-us","status":"publish","type":"page","link":"https:\/\/pinoy-grocery.com\/en\/nous-contacter\/","title":{"rendered":"Contact us"},"content":{"rendered":"\t\t<div data-elementor-type=\"wp-page\" data-elementor-id=\"425\" class=\"elementor elementor-425\" data-elementor-post-type=\"page\">\n\t\t\t\t<div class=\"elementor-element elementor-element-50f1803c e-con-full e-flex elementor-invisible e-con e-parent\" data-id=\"50f1803c\" data-element_type=\"container\" data-e-type=\"container\" data-settings=\"{&quot;background_background&quot;:&quot;classic&quot;,&quot;animation&quot;:&quot;fadeIn&quot;}\">\n\t\t<div class=\"elementor-element elementor-element-19c43193 e-con-full e-flex e-con e-child\" data-id=\"19c43193\" data-element_type=\"container\" data-e-type=\"container\" data-settings=\"{&quot;background_background&quot;:&quot;classic&quot;}\">\n\t\t\t\t<div class=\"elementor-element elementor-element-31cade4 elementor-widget elementor-widget-heading\" data-id=\"31cade4\" data-element_type=\"widget\" data-e-type=\"widget\" data-widget_type=\"heading.default\">\n\t\t\t\t\t<h1 class=\"elementor-heading-title elementor-size-default\">Nous contacter<\/h1>\t\t\t\t<\/div>\n\t\t\t\t<\/div>\n\t\t<div class=\"elementor-element elementor-element-36e0ac62 e-flex e-con-boxed e-con e-child\" data-id=\"36e0ac62\" data-element_type=\"container\" data-e-type=\"container\">\n\t\t\t\t\t<div class=\"e-con-inner\">\n\t\t\t\t<div class=\"elementor-element elementor-element-78cedc76 elementor-widget elementor-widget-heading\" data-id=\"78cedc76\" data-element_type=\"widget\" data-e-type=\"widget\" data-widget_type=\"heading.default\">\n\t\t\t\t\t<h2 class=\"elementor-heading-title elementor-size-default\">Une question sur nos produits philippins ?<\/h2>\t\t\t\t<\/div>\n\t\t\t\t<div class=\"elementor-element elementor-element-37d0bb7a elementor-widget elementor-widget-text-editor\" data-id=\"37d0bb7a\" data-element_type=\"widget\" data-e-type=\"widget\" data-widget_type=\"text-editor.default\">\n\t\t\t\t\t\t\t\t\t<p>Vous souhaitez en savoir plus sur nos produits philippins, suivre votre commande ou obtenir de l\u2019aide pour votre achat ?<\/p><p><br data-start=\"605\" data-end=\"608\" \/>Notre \u00e9quipe Delmi Mart est \u00e0 votre \u00e9coute pour r\u00e9pondre \u00e0 toutes vos questions.<\/p>\t\t\t\t\t\t\t\t<\/div>\n\t\t\t\t\t<\/div>\n\t\t\t\t<\/div>\n\t\t<div class=\"elementor-element elementor-element-11bef692 e-flex e-con-boxed e-con e-child\" data-id=\"11bef692\" data-element_type=\"container\" data-e-type=\"container\" data-settings=\"{&quot;background_background&quot;:&quot;classic&quot;}\">\n\t\t\t\t\t<div class=\"e-con-inner\">\n\t\t\t\t<div class=\"elementor-element elementor-element-54395cd8 elementor-widget elementor-widget-heading\" data-id=\"54395cd8\" data-element_type=\"widget\" data-e-type=\"widget\" data-widget_type=\"heading.default\">\n\t\t\t\t\t<h2 class=\"elementor-heading-title elementor-size-default\">Service client Delmi Mart<\/h2>\t\t\t\t<\/div>\n\t\t\t\t<div class=\"elementor-element elementor-element-3902d5f7 elementor-widget elementor-widget-text-editor\" data-id=\"3902d5f7\" data-element_type=\"widget\" data-e-type=\"widget\" data-widget_type=\"text-editor.default\">\n\t\t\t\t\t\t\t\t\t<p data-start=\"737\" data-end=\"777\"><strong data-start=\"737\" data-end=\"751\">Par e-mail<\/strong> : <a href=\"mailto:delmi@pinoy-grocery.com\">delmi@pinoy-grocery.com<\/a><\/p><p data-start=\"780\" data-end=\"822\"><strong data-start=\"780\" data-end=\"797\">Par t\u00e9l\u00e9phone<\/strong> : <a href=\"tel:+33673523046\">+33 (0)6 73 52 30 46<\/a><\/p><p data-start=\"825\" data-end=\"879\"><strong data-start=\"825\" data-end=\"837\">Horaires<\/strong> : du lundi au vendredi, de 9h00 \u00e0 18h00<\/p><p data-start=\"881\" data-end=\"943\">\u27a1\ufe0f Nous nous engageons \u00e0 vous r\u00e9pondre sous <strong data-start=\"925\" data-end=\"940\">24h ouvr\u00e9es<\/strong>.<\/p>\t\t\t\t\t\t\t\t<\/div>\n\t\t\t\t\t<\/div>\n\t\t\t\t<\/div>\n\t\t<div class=\"elementor-element elementor-element-7f47e5a9 e-flex e-con-boxed e-con e-child\" data-id=\"7f47e5a9\" data-element_type=\"container\" data-e-type=\"container\" data-settings=\"{&quot;background_background&quot;:&quot;classic&quot;}\">\n\t\t\t\t\t<div class=\"e-con-inner\">\n\t\t\t\t<div class=\"elementor-element elementor-element-4c163d8f elementor-widget elementor-widget-heading\" data-id=\"4c163d8f\" data-element_type=\"widget\" data-e-type=\"widget\" data-widget_type=\"heading.default\">\n\t\t\t\t\t<h2 class=\"elementor-heading-title elementor-size-default\">Adresse postale<\/h2>\t\t\t\t<\/div>\n\t\t\t\t<div class=\"elementor-element elementor-element-63f74d59 elementor-widget elementor-widget-text-editor\" data-id=\"63f74d59\" data-element_type=\"widget\" data-e-type=\"widget\" data-widget_type=\"text-editor.default\">\n\t\t\t\t\t\t\t\t\t<p data-start=\"1849\" data-end=\"1930\">Delmi Mart \u2013 \u00c9picerie philippine en ligne<\/p><p data-start=\"1849\" data-end=\"1930\">2 bis square Ren\u00e9 Bertaudeau<br data-start=\"1043\" data-end=\"1046\" \/>49300 Cholet<\/p><p data-start=\"1849\" data-end=\"1930\">France<\/p>\t\t\t\t\t\t\t\t<\/div>\n\t\t\t\t\t<\/div>\n\t\t\t\t<\/div>\n\t\t<div class=\"elementor-element elementor-element-44fc2952 e-flex e-con-boxed e-con e-child\" data-id=\"44fc2952\" data-element_type=\"container\" data-e-type=\"container\" data-settings=\"{&quot;background_background&quot;:&quot;classic&quot;}\">\n\t\t\t\t\t<div class=\"e-con-inner\">\n\t\t\t\t<div class=\"elementor-element elementor-element-7994c65e elementor-widget elementor-widget-heading\" data-id=\"7994c65e\" data-element_type=\"widget\" data-e-type=\"widget\" data-widget_type=\"heading.default\">\n\t\t\t\t\t<h2 class=\"elementor-heading-title elementor-size-default\">Suivi de commande &amp; livraison<\/h2>\t\t\t\t<\/div>\n\t\t\t\t<div class=\"elementor-element elementor-element-5a831dc3 elementor-widget elementor-widget-text-editor\" data-id=\"5a831dc3\" data-element_type=\"widget\" data-e-type=\"widget\" data-widget_type=\"text-editor.default\">\n\t\t\t\t\t\t\t\t\t<p data-start=\"1127\" data-end=\"1202\">Consultez votre espace client pour suivre vos commandes en temps r\u00e9el<\/p><p data-start=\"1205\" data-end=\"1323\">Pour toute question sur la livraison ou le paiement s\u00e9curis\u00e9, contactez notre \u00e9quipe par e-mail ou t\u00e9l\u00e9phone<\/p>\t\t\t\t\t\t\t\t<\/div>\n\t\t\t\t\t<\/div>\n\t\t\t\t<\/div>\n\t\t<div class=\"elementor-element elementor-element-3278e295 e-flex e-con-boxed e-con e-child\" data-id=\"3278e295\" data-element_type=\"container\" data-e-type=\"container\" data-settings=\"{&quot;background_background&quot;:&quot;classic&quot;}\">\n\t\t\t\t\t<div class=\"e-con-inner\">\n\t\t\t\t<div class=\"elementor-element elementor-element-1a866c31 elementor-widget elementor-widget-heading\" data-id=\"1a866c31\" data-element_type=\"widget\" data-e-type=\"widget\" data-widget_type=\"heading.default\">\n\t\t\t\t\t<h2 class=\"elementor-heading-title elementor-size-default\">Formulaire de contact<\/h2>\t\t\t\t<\/div>\n\t\t\t\t<div class=\"elementor-element elementor-element-76cecf06 elementor-widget elementor-widget-wpforms\" data-id=\"76cecf06\" data-element_type=\"widget\" data-e-type=\"widget\" data-widget_type=\"wpforms.default\">\n\t\t\t\t<div class=\"elementor-widget-container\">\n\t\t\t\t\t<style id=\"wpforms-css-vars-elementor-widget-76cecf06\">\n\t\t\t\t.elementor-widget-wpforms.elementor-element-76cecf06 {\n\t\t\t\t--wpforms-background-url: url( https:\/\/pinoy-grocery.com\/wp-content\/plugins\/elementor\/assets\/images\/placeholder.png );\n--wpforms-button-background-color: #0446B3;\n\t\t\t}\n\t\t\t<\/style><div class=\"wpforms-container wpforms-container-full wpforms-render-modern\" id=\"wpforms-91\"><form id=\"wpforms-form-91\" class=\"wpforms-validate wpforms-form wpforms-ajax-form\" data-formid=\"91\" method=\"post\" enctype=\"multipart\/form-data\" action=\"\/en\/wp-json\/wp\/v2\/pages\/425\" data-token=\"5f0b4fce35ce19314e9e3aedef59f7c8\" data-token-time=\"1779042248\"><noscript class=\"wpforms-error-noscript\">Please enable JavaScript in your browser to complete this form.<\/noscript><div id=\"wpforms-error-noscript\" style=\"display: none;\">Please enable JavaScript in your browser to complete this form.<\/div><div class=\"wpforms-field-container\">\t\t<div id=\"wpforms-91-field_4-container\"\n\t\t\tclass=\"wpforms-field wpforms-field-text\"\n\t\t\tdata-field-type=\"text\"\n\t\t\tdata-field-id=\"4\"\n\t\t\t>\n\t\t\t<label class=\"wpforms-field-label\" for=\"wpforms-91-field_4\" >Commentaire Nom ou<\/label>\n\t\t\t<input type=\"text\" id=\"wpforms-91-field_4\" class=\"wpforms-field-medium\" name=\"wpforms[fields][4]\" >\n\t\t<\/div>\n\t\t<div id=\"wpforms-91-field_1-container\" class=\"wpforms-field wpforms-field-name\" data-field-id=\"1\"><fieldset><legend class=\"wpforms-field-label\">Nom <span class=\"wpforms-required-label\" aria-hidden=\"true\">*<\/span><\/legend><div class=\"wpforms-field-row wpforms-field-medium\"><div class=\"wpforms-field-row-block wpforms-first wpforms-one-half\"><input type=\"text\" id=\"wpforms-91-field_1\" class=\"wpforms-field-name-first wpforms-field-required\" name=\"wpforms[fields][1][first]\" aria-errormessage=\"wpforms-91-field_1-error\" required><label for=\"wpforms-91-field_1\" class=\"wpforms-field-sublabel after\">First<\/label><\/div><div class=\"wpforms-field-row-block wpforms-one-half\"><input type=\"text\" id=\"wpforms-91-field_1-last\" class=\"wpforms-field-name-last wpforms-field-required\" name=\"wpforms[fields][1][last]\" aria-errormessage=\"wpforms-91-field_1-last-error\" required><label for=\"wpforms-91-field_1-last\" class=\"wpforms-field-sublabel after\">Last<\/label><\/div><\/div><\/fieldset><\/div><div id=\"wpforms-91-field_2-container\" class=\"wpforms-field wpforms-field-email\" data-field-id=\"2\"><label class=\"wpforms-field-label\" for=\"wpforms-91-field_2\">E-mail <span class=\"wpforms-required-label\" aria-hidden=\"true\">*<\/span><\/label><input type=\"email\" id=\"wpforms-91-field_2\" class=\"wpforms-field-medium wpforms-field-required\" name=\"wpforms[fields][2]\" spellcheck=\"false\" aria-errormessage=\"wpforms-91-field_2-error\" required><\/div><div id=\"wpforms-91-field_3-container\" class=\"wpforms-field wpforms-field-textarea\" data-field-id=\"3\"><label class=\"wpforms-field-label\" for=\"wpforms-91-field_3\">Commentaire ou message<\/label><textarea id=\"wpforms-91-field_3\" class=\"wpforms-field-medium\" name=\"wpforms[fields][3]\" aria-errormessage=\"wpforms-91-field_3-error\" ><\/textarea><\/div><script>\n\t\t\t\t( function() {\n\t\t\t\t\tconst style = document.createElement( 'style' );\n\t\t\t\t\tstyle.appendChild( document.createTextNode( '#wpforms-91-field_4-container { position: absolute !important; overflow: hidden !important; display: inline !important; height: 1px !important; width: 1px !important; z-index: -1000 !important; padding: 0 !important; } #wpforms-91-field_4-container input { visibility: hidden; } #wpforms-conversational-form-page #wpforms-91-field_4-container label { counter-increment: none; }' ) );\n\t\t\t\t\tdocument.head.appendChild( style );\n\t\t\t\t\tdocument.currentScript?.remove();\n\t\t\t\t} )();\n\t\t\t<\/script><\/div><!-- .wpforms-field-container --><div class=\"wpforms-recaptcha-container wpforms-is-recaptcha wpforms-is-recaptcha-type-v2\" ><div class=\"g-recaptcha\" data-sitekey=\"6LeuTwosAAAAABC_7L0mkf-GDnfO8p0xMybH9x_F\"><\/div><input type=\"text\" name=\"g-recaptcha-hidden\" class=\"wpforms-recaptcha-hidden\" style=\"position:absolute!important;clip:rect(0,0,0,0)!important;height:1px!important;width:1px!important;border:0!important;overflow:hidden!important;padding:0!important;margin:0!important;\" data-rule-recaptcha=\"1\"><\/div><div class=\"wpforms-submit-container\" ><input type=\"hidden\" name=\"wpforms[id]\" value=\"91\"><input type=\"hidden\" name=\"page_title\" value=\"\"><input type=\"hidden\" name=\"page_url\" value=\"https:\/\/pinoy-grocery.com\/en\/wp-json\/wp\/v2\/pages\/425\"><input type=\"hidden\" name=\"url_referer\" value=\"\"><button type=\"submit\" name=\"wpforms[submit]\" id=\"wpforms-submit-91\" class=\"wpforms-submit\" data-alt-text=\"Envoi...\" data-submit-text=\"Envoyer\" aria-live=\"assertive\" value=\"wpforms-submit\">Envoyer<\/button><img decoding=\"async\" src=\"https:\/\/pinoy-grocery.com\/wp-content\/plugins\/wpforms-lite\/assets\/images\/submit-spin.svg\" class=\"wpforms-submit-spinner\" style=\"display: none;\" width=\"26\" height=\"26\" alt=\"Loading\"><\/div><\/form><\/div>  <!-- .wpforms-container -->\t\t\t\t<\/div>\n\t\t\t\t<\/div>\n\t\t\t\t<div class=\"elementor-element elementor-element-47af9662 elementor-widget elementor-widget-breadcrumbs\" data-id=\"47af9662\" data-element_type=\"widget\" data-e-type=\"widget\" data-widget_type=\"breadcrumbs.default\">\n\t\t\t\t\t<p id=\"breadcrumbs\"><span><span><a href=\"https:\/\/pinoy-grocery.com\/\">Accueil<\/a><\/span><\/span><\/p>\t\t\t\t<\/div>\n\t\t\t\t\t<\/div>\n\t\t\t\t<\/div>\n\t\t\t\t<\/div>\n\t\t\t\t<\/div>\n\t\t","protected":false},"excerpt":{"rendered":"<p>Nous contacter Une question sur nos produits philippins ? Vous souhaitez en savoir plus sur nos produits philippins, suivre votre commande ou obtenir de l\u2019aide pour votre achat ? Notre \u00e9quipe Delmi Mart est \u00e0 votre \u00e9coute pour r\u00e9pondre \u00e0 toutes vos questions. Service client Delmi Mart Par e-mail : delmi@pinoy-grocery.com Par t\u00e9l\u00e9phone : +33 [&hellip;]<\/p>\n","protected":false},"author":1,"featured_media":355,"parent":0,"menu_order":0,"comment_status":"closed","ping_status":"closed","template":"","meta":{"footnotes":""},"class_list":["post-425","page","type-page","status-publish","has-post-thumbnail","hentry"],"yoast_head":"<!-- This site is optimized with the Yoast SEO plugin v27.4 - https:\/\/yoast.com\/product\/yoast-seo-wordpress\/ -->\n<title>Contact Delmi Mart \u2013 \u00c9picerie philippine en ligne<\/title>\n<meta name=\"description\" content=\"Une question sur nos produits philippins ? Contactez nous par e-mail ou t\u00e9l\u00e9phone. Service client r\u00e9actif, r\u00e9ponse garantie sous 24h ouvr\u00e9es.\" \/>\n<meta name=\"robots\" content=\"index, follow, max-snippet:-1, max-image-preview:large, max-video-preview:-1\" \/>\n<link rel=\"canonical\" href=\"https:\/\/pinoy-grocery.com\/en\/contact-us\/\" \/>\n<meta property=\"og:locale\" content=\"en_GB\" \/>\n<meta property=\"og:type\" content=\"article\" \/>\n<meta property=\"og:title\" content=\"Contact Delmi Mart \u2013 \u00c9picerie philippine en ligne\" \/>\n<meta property=\"og:description\" content=\"Une question sur nos produits philippins ? Contactez nous par e-mail ou t\u00e9l\u00e9phone. Service client r\u00e9actif, r\u00e9ponse garantie sous 24h ouvr\u00e9es.\" \/>\n<meta property=\"og:url\" content=\"https:\/\/pinoy-grocery.com\/en\/contact-us\/\" \/>\n<meta property=\"og:site_name\" content=\"Delmi Mart Pinoy Grocery\" \/>\n<meta property=\"article:publisher\" content=\"https:\/\/www.facebook.com\/profile.php?id=61573001502527\" \/>\n<meta property=\"article:modified_time\" content=\"2025-11-25T20:56:20+00:00\" \/>\n<meta property=\"og:image\" content=\"https:\/\/pinoy-grocery.com\/wp-content\/uploads\/2025\/11\/Contact-Delmi-Mart-Pinoy-Grocery-1.webp\" \/>\n\t<meta property=\"og:image:width\" content=\"1200\" \/>\n\t<meta property=\"og:image:height\" content=\"675\" \/>\n\t<meta property=\"og:image:type\" content=\"image\/webp\" \/>\n<meta name=\"twitter:card\" content=\"summary_large_image\" \/>\n<meta name=\"twitter:label1\" content=\"Estimated reading time\" \/>\n\t<meta name=\"twitter:data1\" content=\"1 minute\" \/>\n<script type=\"application\/ld+json\" class=\"yoast-schema-graph\">{\"@context\":\"https:\\\/\\\/schema.org\",\"@graph\":[{\"@type\":\"WebPage\",\"@id\":\"https:\\\/\\\/pinoy-grocery.com\\\/nous-contacter\\\/\",\"url\":\"https:\\\/\\\/pinoy-grocery.com\\\/nous-contacter\\\/\",\"name\":\"Contact Delmi Mart \u2013 \u00c9picerie philippine en ligne\",\"isPartOf\":{\"@id\":\"https:\\\/\\\/pinoy-grocery.com\\\/#website\"},\"primaryImageOfPage\":{\"@id\":\"https:\\\/\\\/pinoy-grocery.com\\\/nous-contacter\\\/#primaryimage\"},\"image\":{\"@id\":\"https:\\\/\\\/pinoy-grocery.com\\\/nous-contacter\\\/#primaryimage\"},\"thumbnailUrl\":\"https:\\\/\\\/pinoy-grocery.com\\\/wp-content\\\/uploads\\\/2025\\\/11\\\/Contact-Delmi-Mart-Pinoy-Grocery-1.webp\",\"datePublished\":\"2025-11-12T13:36:42+00:00\",\"dateModified\":\"2025-11-25T20:56:20+00:00\",\"description\":\"Une question sur nos produits philippins ? Contactez nous par e-mail ou t\u00e9l\u00e9phone. Service client r\u00e9actif, r\u00e9ponse garantie sous 24h ouvr\u00e9es.\",\"breadcrumb\":{\"@id\":\"https:\\\/\\\/pinoy-grocery.com\\\/nous-contacter\\\/#breadcrumb\"},\"inLanguage\":\"en-GB\",\"potentialAction\":[{\"@type\":\"ReadAction\",\"target\":[\"https:\\\/\\\/pinoy-grocery.com\\\/nous-contacter\\\/\"]}]},{\"@type\":\"ImageObject\",\"inLanguage\":\"en-GB\",\"@id\":\"https:\\\/\\\/pinoy-grocery.com\\\/nous-contacter\\\/#primaryimage\",\"url\":\"https:\\\/\\\/pinoy-grocery.com\\\/wp-content\\\/uploads\\\/2025\\\/11\\\/Contact-Delmi-Mart-Pinoy-Grocery-1.webp\",\"contentUrl\":\"https:\\\/\\\/pinoy-grocery.com\\\/wp-content\\\/uploads\\\/2025\\\/11\\\/Contact-Delmi-Mart-Pinoy-Grocery-1.webp\",\"width\":1200,\"height\":675,\"caption\":\"Contact Delmi Mart Pinoy Grocery\"},{\"@type\":\"BreadcrumbList\",\"@id\":\"https:\\\/\\\/pinoy-grocery.com\\\/nous-contacter\\\/#breadcrumb\",\"itemListElement\":[{\"@type\":\"ListItem\",\"position\":1,\"name\":\"Accueil\",\"item\":\"https:\\\/\\\/pinoy-grocery.com\\\/\"},{\"@type\":\"ListItem\",\"position\":2,\"name\":\"Nous contacter\"}]},{\"@type\":\"WebSite\",\"@id\":\"https:\\\/\\\/pinoy-grocery.com\\\/#website\",\"url\":\"https:\\\/\\\/pinoy-grocery.com\\\/\",\"name\":\"Delmi Mart Pinoy Grocery\",\"description\":\"Votre \u00e9picerie de produits philippins\",\"publisher\":{\"@id\":\"https:\\\/\\\/pinoy-grocery.com\\\/#organization\"},\"potentialAction\":[{\"@type\":\"SearchAction\",\"target\":{\"@type\":\"EntryPoint\",\"urlTemplate\":\"https:\\\/\\\/pinoy-grocery.com\\\/?s={search_term_string}\"},\"query-input\":{\"@type\":\"PropertyValueSpecification\",\"valueRequired\":true,\"valueName\":\"search_term_string\"}}],\"inLanguage\":\"en-GB\"},{\"@type\":\"Organization\",\"@id\":\"https:\\\/\\\/pinoy-grocery.com\\\/#organization\",\"name\":\"Delmi Mart Pinoy Grocery\",\"url\":\"https:\\\/\\\/pinoy-grocery.com\\\/\",\"logo\":{\"@type\":\"ImageObject\",\"inLanguage\":\"en-GB\",\"@id\":\"https:\\\/\\\/pinoy-grocery.com\\\/#\\\/schema\\\/logo\\\/image\\\/\",\"url\":\"https:\\\/\\\/pinoy-grocery.com\\\/wp-content\\\/uploads\\\/2025\\\/11\\\/LOGO-DELMI-MART-Pinoy-Grocery-shop-600x600-1.webp\",\"contentUrl\":\"https:\\\/\\\/pinoy-grocery.com\\\/wp-content\\\/uploads\\\/2025\\\/11\\\/LOGO-DELMI-MART-Pinoy-Grocery-shop-600x600-1.webp\",\"width\":600,\"height\":600,\"caption\":\"Delmi Mart Pinoy Grocery\"},\"image\":{\"@id\":\"https:\\\/\\\/pinoy-grocery.com\\\/#\\\/schema\\\/logo\\\/image\\\/\"},\"sameAs\":[\"https:\\\/\\\/www.facebook.com\\\/profile.php?id=61573001502527\"]}]}<\/script>\n<!-- \/ Yoast SEO plugin. -->","yoast_head_json":{"title":"Contact Delmi Mart - Online Filipino grocery shop","description":"Do you have a question about our Philippine products? Contact us by e-mail or telephone. Responsive customer service, guaranteed response within 24 hours.","robots":{"index":"index","follow":"follow","max-snippet":"max-snippet:-1","max-image-preview":"max-image-preview:large","max-video-preview":"max-video-preview:-1"},"canonical":"https:\/\/pinoy-grocery.com\/en\/contact-us\/","og_locale":"en_GB","og_type":"article","og_title":"Contact Delmi Mart \u2013 \u00c9picerie philippine en ligne","og_description":"Une question sur nos produits philippins ? Contactez nous par e-mail ou t\u00e9l\u00e9phone. Service client r\u00e9actif, r\u00e9ponse garantie sous 24h ouvr\u00e9es.","og_url":"https:\/\/pinoy-grocery.com\/en\/contact-us\/","og_site_name":"Delmi Mart Pinoy Grocery","article_publisher":"https:\/\/www.facebook.com\/profile.php?id=61573001502527","article_modified_time":"2025-11-25T20:56:20+00:00","og_image":[{"width":1200,"height":675,"url":"https:\/\/pinoy-grocery.com\/wp-content\/uploads\/2025\/11\/Contact-Delmi-Mart-Pinoy-Grocery-1.webp","type":"image\/webp"}],"twitter_card":"summary_large_image","twitter_misc":{"Estimated reading time":"1 minute"},"schema":{"@context":"https:\/\/schema.org","@graph":[{"@type":"WebPage","@id":"https:\/\/pinoy-grocery.com\/nous-contacter\/","url":"https:\/\/pinoy-grocery.com\/nous-contacter\/","name":"Contact Delmi Mart - Online Filipino grocery shop","isPartOf":{"@id":"https:\/\/pinoy-grocery.com\/#website"},"primaryImageOfPage":{"@id":"https:\/\/pinoy-grocery.com\/nous-contacter\/#primaryimage"},"image":{"@id":"https:\/\/pinoy-grocery.com\/nous-contacter\/#primaryimage"},"thumbnailUrl":"https:\/\/pinoy-grocery.com\/wp-content\/uploads\/2025\/11\/Contact-Delmi-Mart-Pinoy-Grocery-1.webp","datePublished":"2025-11-12T13:36:42+00:00","dateModified":"2025-11-25T20:56:20+00:00","description":"Do you have a question about our Philippine products? Contact us by e-mail or telephone. Responsive customer service, guaranteed response within 24 hours.","breadcrumb":{"@id":"https:\/\/pinoy-grocery.com\/nous-contacter\/#breadcrumb"},"inLanguage":"en-GB","potentialAction":[{"@type":"ReadAction","target":["https:\/\/pinoy-grocery.com\/nous-contacter\/"]}]},{"@type":"ImageObject","inLanguage":"en-GB","@id":"https:\/\/pinoy-grocery.com\/nous-contacter\/#primaryimage","url":"https:\/\/pinoy-grocery.com\/wp-content\/uploads\/2025\/11\/Contact-Delmi-Mart-Pinoy-Grocery-1.webp","contentUrl":"https:\/\/pinoy-grocery.com\/wp-content\/uploads\/2025\/11\/Contact-Delmi-Mart-Pinoy-Grocery-1.webp","width":1200,"height":675,"caption":"Contact Delmi Mart Pinoy Grocery"},{"@type":"BreadcrumbList","@id":"https:\/\/pinoy-grocery.com\/nous-contacter\/#breadcrumb","itemListElement":[{"@type":"ListItem","position":1,"name":"Accueil","item":"https:\/\/pinoy-grocery.com\/"},{"@type":"ListItem","position":2,"name":"Nous contacter"}]},{"@type":"WebSite","@id":"https:\/\/pinoy-grocery.com\/#website","url":"https:\/\/pinoy-grocery.com\/","name":"Delmi Mart Pinoy Grocery","description":"Your grocery shop for Filipino products","publisher":{"@id":"https:\/\/pinoy-grocery.com\/#organization"},"potentialAction":[{"@type":"SearchAction","target":{"@type":"EntryPoint","urlTemplate":"https:\/\/pinoy-grocery.com\/?s={search_term_string}"},"query-input":{"@type":"PropertyValueSpecification","valueRequired":true,"valueName":"search_term_string"}}],"inLanguage":"en-GB"},{"@type":"Organization","@id":"https:\/\/pinoy-grocery.com\/#organization","name":"Delmi Mart Pinoy Grocery","url":"https:\/\/pinoy-grocery.com\/","logo":{"@type":"ImageObject","inLanguage":"en-GB","@id":"https:\/\/pinoy-grocery.com\/#\/schema\/logo\/image\/","url":"https:\/\/pinoy-grocery.com\/wp-content\/uploads\/2025\/11\/LOGO-DELMI-MART-Pinoy-Grocery-shop-600x600-1.webp","contentUrl":"https:\/\/pinoy-grocery.com\/wp-content\/uploads\/2025\/11\/LOGO-DELMI-MART-Pinoy-Grocery-shop-600x600-1.webp","width":600,"height":600,"caption":"Delmi Mart Pinoy Grocery"},"image":{"@id":"https:\/\/pinoy-grocery.com\/#\/schema\/logo\/image\/"},"sameAs":["https:\/\/www.facebook.com\/profile.php?id=61573001502527"]}]}},"_links":{"self":[{"href":"https:\/\/pinoy-grocery.com\/en\/wp-json\/wp\/v2\/pages\/425","targetHints":{"allow":["GET"]}}],"collection":[{"href":"https:\/\/pinoy-grocery.com\/en\/wp-json\/wp\/v2\/pages"}],"about":[{"href":"https:\/\/pinoy-grocery.com\/en\/wp-json\/wp\/v2\/types\/page"}],"author":[{"embeddable":true,"href":"https:\/\/pinoy-grocery.com\/en\/wp-json\/wp\/v2\/users\/1"}],"replies":[{"embeddable":true,"href":"https:\/\/pinoy-grocery.com\/en\/wp-json\/wp\/v2\/comments?post=425"}],"version-history":[{"count":0,"href":"https:\/\/pinoy-grocery.com\/en\/wp-json\/wp\/v2\/pages\/425\/revisions"}],"wp:featuredmedia":[{"embeddable":true,"href":"https:\/\/pinoy-grocery.com\/en\/wp-json\/wp\/v2\/media\/355"}],"wp:attachment":[{"href":"https:\/\/pinoy-grocery.com\/en\/wp-json\/wp\/v2\/media?parent=425"}],"curies":[{"name":"wp","href":"https:\/\/api.w.org\/{rel}","templated":true}]}}