{"id":413,"date":"2025-11-12T13:30:54","date_gmt":"2025-11-12T13:30:54","guid":{"rendered":"https:\/\/pinoy-grocery.com\/?page_id=413"},"modified":"2025-11-25T20:55:00","modified_gmt":"2025-11-25T20:55:00","slug":"delivery-and-payment","status":"publish","type":"page","link":"https:\/\/pinoy-grocery.com\/en\/livraison-et-reglement\/","title":{"rendered":"Delivery and payment"},"content":{"rendered":"<div data-elementor-type=\"wp-page\" data-elementor-id=\"413\" class=\"elementor elementor-413\" data-elementor-post-type=\"page\">\n\t\t\t\t<div class=\"elementor-element elementor-element-71570273 e-con-full e-flex elementor-invisible e-con e-parent\" data-id=\"71570273\" data-element_type=\"container\" data-e-type=\"container\" data-settings=\"{&quot;background_background&quot;:&quot;classic&quot;,&quot;animation&quot;:&quot;fadeIn&quot;}\">\n\t\t<div class=\"elementor-element elementor-element-77ce6e0a e-con-full e-flex e-con e-child\" data-id=\"77ce6e0a\" data-element_type=\"container\" data-e-type=\"container\" data-settings=\"{&quot;background_background&quot;:&quot;classic&quot;}\">\n\t\t\t\t<div class=\"elementor-element elementor-element-3e8164cc elementor-widget elementor-widget-heading\" data-id=\"3e8164cc\" data-element_type=\"widget\" data-e-type=\"widget\" data-widget_type=\"heading.default\">\n\t\t\t\t\t<h1 class=\"elementor-heading-title elementor-size-default\">Delivery and payment<\/h1>\t\t\t\t<\/div>\n\t\t\t\t<\/div>\n\t\t<div class=\"elementor-element elementor-element-52401281 e-flex e-con-boxed e-con e-child\" data-id=\"52401281\" data-element_type=\"container\" data-e-type=\"container\">\n\t\t\t\t\t<div class=\"e-con-inner\">\n\t\t\t\t<div class=\"elementor-element elementor-element-26a9d794 elementor-widget elementor-widget-heading\" data-id=\"26a9d794\" data-element_type=\"widget\" data-e-type=\"widget\" data-widget_type=\"heading.default\">\n\t\t\t\t\t<h2 class=\"elementor-heading-title elementor-size-default\">Delivery of your Philippine products<\/h2>\t\t\t\t<\/div>\n\t\t\t\t<div class=\"elementor-element elementor-element-743d1c57 elementor-widget elementor-widget-text-editor\" data-id=\"743d1c57\" data-element_type=\"widget\" data-e-type=\"widget\" data-widget_type=\"text-editor.default\">\n\t\t\t\t\t\t\t\t\t<p data-start=\"419\" data-end=\"562\">At Delmi Mart, we do our utmost to ensure that your favourite Filipino products reach you quickly and safely.<\/p><p data-start=\"419\" data-end=\"562\">\u00a0<\/p><p data-start=\"564\" data-end=\"588\"><strong>Delivery zones<\/strong><\/p><ul data-start=\"589\" data-end=\"738\"><li data-start=\"589\" data-end=\"639\"><p data-start=\"591\" data-end=\"639\">Delivery anywhere in mainland France<\/p><\/li><li data-start=\"640\" data-end=\"738\"><p data-start=\"642\" data-end=\"738\">Shipment to certain European countries possible (contact us for more information)<\/p><\/li><\/ul><p data-start=\"740\" data-end=\"765\">\u00a0<\/p><p data-start=\"740\" data-end=\"765\"><strong>Delivery times<\/strong><\/p><ul data-start=\"766\" data-end=\"943\"><li data-start=\"766\" data-end=\"853\"><p data-start=\"768\" data-end=\"853\">Your order will be dispatched within 24 to 48 working hours of confirmation of payment.<\/p><\/li><li data-start=\"854\" data-end=\"943\"><p data-start=\"856\" data-end=\"943\">Average lead times: 1 to 5 working days depending on destination and carrier chosen<\/p><\/li><\/ul><p data-start=\"945\" data-end=\"969\">\u00a0<\/p><p data-start=\"945\" data-end=\"969\"><strong>Delivery charges<\/strong><\/p><ul data-start=\"970\" data-end=\"1242\"><li data-start=\"970\" data-end=\"1056\"><p data-start=\"972\" data-end=\"1056\">Calculated automatically according to the weight of the parcel and the delivery address, via our DPD carrier.<\/p><\/li><li data-start=\"1057\" data-end=\"1117\"><p data-start=\"1059\" data-end=\"1117\">Free delivery for purchases over \u20ac200<\/p><\/li><li data-start=\"1118\" data-end=\"1242\"><p data-start=\"1120\" data-end=\"1151\">Delivery method :\u00a0<span style=\"background-color: transparent;\">Home (comfortable and fast)<\/span><\/p><\/li><\/ul>\t\t\t\t\t\t\t\t<\/div>\n\t\t\t\t\t<\/div>\n\t\t\t\t<\/div>\n\t\t<div class=\"elementor-element elementor-element-61b3d8ae e-flex e-con-boxed e-con e-child\" data-id=\"61b3d8ae\" data-element_type=\"container\" data-e-type=\"container\" data-settings=\"{&quot;background_background&quot;:&quot;classic&quot;}\">\n\t\t\t\t\t<div class=\"e-con-inner\">\n\t\t\t\t<div class=\"elementor-element elementor-element-5ccef38 elementor-widget elementor-widget-heading\" data-id=\"5ccef38\" data-element_type=\"widget\" data-e-type=\"widget\" data-widget_type=\"heading.default\">\n\t\t\t\t\t<h2 class=\"elementor-heading-title elementor-size-default\">Paying for your orders<\/h2>\t\t\t\t<\/div>\n\t\t\t\t<div class=\"elementor-element elementor-element-5e088aeb elementor-widget elementor-widget-text-editor\" data-id=\"5e088aeb\" data-element_type=\"widget\" data-e-type=\"widget\" data-widget_type=\"text-editor.default\">\n\t\t\t\t\t\t\t\t\t<p data-start=\"1284\" data-end=\"1383\">To make your online purchases easier, Delmi Mart offers several secure payment methods.<\/p><p data-start=\"1385\" data-end=\"1417\">Payment methods accepted<\/p><ul data-start=\"1418\" data-end=\"1589\"><li data-start=\"1418\" data-end=\"1463\"><p data-start=\"1420\" data-end=\"1463\">Credit card (Visa, Mastercard, CB)<\/p><\/li><li data-start=\"1464\" data-end=\"1478\"><p data-start=\"1466\" data-end=\"1478\">PayPal<\/p><\/li><li data-start=\"1479\" data-end=\"1531\"><p data-start=\"1481\" data-end=\"1531\">Apple Pay \/ Google Pay (subject to availability)<\/p><\/li><li data-start=\"1532\" data-end=\"1589\"><p data-start=\"1534\" data-end=\"1589\">Bank transfer (longer processing time)<\/p><\/li><\/ul><p data-start=\"1591\" data-end=\"1619\">100% secure payment<\/p><p data-start=\"1620\" data-end=\"1799\">All transactions are protected by SSL protocol and by our certified payment service providers.<\/p><p data-start=\"1620\" data-end=\"1799\"><br data-start=\"1730\" data-end=\"1733\" \/>\u27a1\ufe0f Your bank details are never stored on our site.<\/p>\t\t\t\t\t\t\t\t<\/div>\n\t\t\t\t\t<\/div>\n\t\t\t\t<\/div>\n\t\t<div class=\"elementor-element elementor-element-42fb6ff5 e-flex e-con-boxed e-con e-child\" data-id=\"42fb6ff5\" data-element_type=\"container\" data-e-type=\"container\" data-settings=\"{&quot;background_background&quot;:&quot;classic&quot;}\">\n\t\t\t\t\t<div class=\"e-con-inner\">\n\t\t\t\t<div class=\"elementor-element elementor-element-66c34967 elementor-widget elementor-widget-heading\" data-id=\"66c34967\" data-element_type=\"widget\" data-e-type=\"widget\" data-widget_type=\"heading.default\">\n\t\t\t\t\t<h2 class=\"elementor-heading-title elementor-size-default\">Order tracking and confirmation<\/h2>\t\t\t\t<\/div>\n\t\t\t\t<div class=\"elementor-element elementor-element-1672f671 elementor-widget elementor-widget-text-editor\" data-id=\"1672f671\" data-element_type=\"widget\" data-e-type=\"widget\" data-widget_type=\"text-editor.default\">\n\t\t\t\t\t\t\t\t\t<p data-start=\"1849\" data-end=\"1930\">You will receive a confirmation e-mail as soon as your order has been validated.<\/p><p data-start=\"1933\" data-end=\"2057\">A second e-mail will be sent to you on dispatch, with a tracking number so you can follow your parcel in real time.<\/p>\t\t\t\t\t\t\t\t<\/div>\n\t\t\t\t\t<\/div>\n\t\t\t\t<\/div>\n\t\t<div class=\"elementor-element elementor-element-4aa4439c e-flex e-con-boxed e-con e-child\" data-id=\"4aa4439c\" data-element_type=\"container\" data-e-type=\"container\" data-settings=\"{&quot;background_background&quot;:&quot;classic&quot;}\">\n\t\t\t\t\t<div class=\"e-con-inner\">\n\t\t\t\t<div class=\"elementor-element elementor-element-6a8e5c7 elementor-widget elementor-widget-heading\" data-id=\"6a8e5c7\" data-element_type=\"widget\" data-e-type=\"widget\" data-widget_type=\"heading.default\">\n\t\t\t\t\t<h2 class=\"elementor-heading-title elementor-size-default\">Do you need help?<\/h2>\t\t\t\t<\/div>\n\t\t\t\t<div class=\"elementor-element elementor-element-5f0b578e elementor-widget elementor-widget-text-editor\" data-id=\"5f0b578e\" data-element_type=\"widget\" data-e-type=\"widget\" data-widget_type=\"text-editor.default\">\n\t\t\t\t\t\t\t\t\t<p data-start=\"1849\" data-end=\"1930\">Our Customer Service team is available to answer any questions you may have about <strong data-start=\"2171\" data-end=\"2184\">delivery<\/strong> or the <strong data-start=\"2191\" data-end=\"2203\">payment<\/strong> :<\/p><p data-start=\"1849\" data-end=\"1930\">\ud83d\udce9 <a href=\"mailto:delmi@pinoy-grocery.com\">delmi@pinoy-grocery.com<\/a><\/p><p data-start=\"1849\" data-end=\"1930\">\ud83d\udcde <a href=\"tel:+336 73 52 30 46\">+33 (0)6 73 52 30 46<\/a><\/p>\t\t\t\t\t\t\t\t<\/div>\n\t\t\t\t<div class=\"elementor-element elementor-element-1eeb704 elementor-widget elementor-widget-breadcrumbs\" data-id=\"1eeb704\" data-element_type=\"widget\" data-e-type=\"widget\" data-widget_type=\"breadcrumbs.default\">\n\t\t\t\t\t<p id=\"breadcrumbs\"><span><span><a href=\"https:\/\/pinoy-grocery.com\/en\/\">Home<\/a><\/span><\/span><\/p>\t\t\t\t<\/div>\n\t\t\t\t\t<\/div>\n\t\t\t\t<\/div>\n\t\t\t\t<\/div>\n\t\t\t\t<\/div>","protected":false},"excerpt":{"rendered":"<p>Livraison et r\u00e8glement Livraison de vos produits philippins Chez Delmi Mart, nous mettons tout en \u0153uvre pour que vos produits philippins pr\u00e9f\u00e9r\u00e9s arrivent chez vous rapidement et en toute s\u00e9curit\u00e9. \u00a0 Zones de livraison Livraison partout en France m\u00e9tropolitaine Possibilit\u00e9 d\u2019exp\u00e9dition vers certains pays d\u2019Europe (nous contacter pour plus d\u2019informations) \u00a0 D\u00e9lais de livraison Exp\u00e9dition [&hellip;]<\/p>\n","protected":false},"author":1,"featured_media":351,"parent":0,"menu_order":0,"comment_status":"closed","ping_status":"closed","template":"","meta":{"footnotes":""},"class_list":["post-413","page","type-page","status-publish","has-post-thumbnail","hentry"],"yoast_head":"<!-- This site is optimized with the Yoast SEO plugin v27.4 - https:\/\/yoast.com\/product\/yoast-seo-wordpress\/ -->\n<title>Livraison et r\u00e8glement \u2013 Delmi Mart, \u00e9picerie philippine en ligne<\/title>\n<meta name=\"description\" content=\"Livraison rapide partout en France. Paiement 100 % s\u00e9curis\u00e9 par carte bancaire ou virement. Produits philippins livr\u00e9s en toute confiance.\" \/>\n<meta name=\"robots\" content=\"index, follow, max-snippet:-1, max-image-preview:large, max-video-preview:-1\" \/>\n<link rel=\"canonical\" href=\"https:\/\/pinoy-grocery.com\/en\/delivery-and-payment\/\" \/>\n<meta property=\"og:locale\" content=\"en_GB\" \/>\n<meta property=\"og:type\" content=\"article\" \/>\n<meta property=\"og:title\" content=\"Livraison et r\u00e8glement \u2013 Delmi Mart, \u00e9picerie philippine en ligne\" \/>\n<meta property=\"og:description\" content=\"Livraison rapide partout en France. Paiement 100 % s\u00e9curis\u00e9 par carte bancaire ou virement. Produits philippins livr\u00e9s en toute confiance.\" \/>\n<meta property=\"og:url\" content=\"https:\/\/pinoy-grocery.com\/en\/delivery-and-payment\/\" \/>\n<meta property=\"og:site_name\" content=\"Delmi Mart Pinoy Grocery\" \/>\n<meta property=\"article:publisher\" content=\"https:\/\/www.facebook.com\/profile.php?id=61573001502527\" \/>\n<meta property=\"article:modified_time\" content=\"2025-11-25T20:55:00+00:00\" \/>\n<meta property=\"og:image\" content=\"https:\/\/pinoy-grocery.com\/wp-content\/uploads\/2025\/11\/Livraison-Delmi-Mart-Pinoy-Grocery-1.webp\" \/>\n\t<meta property=\"og:image:width\" content=\"1500\" \/>\n\t<meta property=\"og:image:height\" content=\"844\" \/>\n\t<meta property=\"og:image:type\" content=\"image\/webp\" \/>\n<meta name=\"twitter:card\" content=\"summary_large_image\" \/>\n<meta name=\"twitter:label1\" content=\"Estimated reading time\" \/>\n\t<meta name=\"twitter:data1\" content=\"2 minutes\" \/>\n<script type=\"application\/ld+json\" class=\"yoast-schema-graph\">{\"@context\":\"https:\\\/\\\/schema.org\",\"@graph\":[{\"@type\":\"WebPage\",\"@id\":\"https:\\\/\\\/pinoy-grocery.com\\\/livraison-et-reglement\\\/\",\"url\":\"https:\\\/\\\/pinoy-grocery.com\\\/livraison-et-reglement\\\/\",\"name\":\"Livraison et r\u00e8glement \u2013 Delmi Mart, \u00e9picerie philippine en ligne\",\"isPartOf\":{\"@id\":\"https:\\\/\\\/pinoy-grocery.com\\\/#website\"},\"primaryImageOfPage\":{\"@id\":\"https:\\\/\\\/pinoy-grocery.com\\\/livraison-et-reglement\\\/#primaryimage\"},\"image\":{\"@id\":\"https:\\\/\\\/pinoy-grocery.com\\\/livraison-et-reglement\\\/#primaryimage\"},\"thumbnailUrl\":\"https:\\\/\\\/pinoy-grocery.com\\\/wp-content\\\/uploads\\\/2025\\\/11\\\/Livraison-Delmi-Mart-Pinoy-Grocery-1.webp\",\"datePublished\":\"2025-11-12T13:30:54+00:00\",\"dateModified\":\"2025-11-25T20:55:00+00:00\",\"description\":\"Livraison rapide partout en France. Paiement 100 % s\u00e9curis\u00e9 par carte bancaire ou virement. Produits philippins livr\u00e9s en toute confiance.\",\"breadcrumb\":{\"@id\":\"https:\\\/\\\/pinoy-grocery.com\\\/livraison-et-reglement\\\/#breadcrumb\"},\"inLanguage\":\"en-GB\",\"potentialAction\":[{\"@type\":\"ReadAction\",\"target\":[\"https:\\\/\\\/pinoy-grocery.com\\\/livraison-et-reglement\\\/\"]}]},{\"@type\":\"ImageObject\",\"inLanguage\":\"en-GB\",\"@id\":\"https:\\\/\\\/pinoy-grocery.com\\\/livraison-et-reglement\\\/#primaryimage\",\"url\":\"https:\\\/\\\/pinoy-grocery.com\\\/wp-content\\\/uploads\\\/2025\\\/11\\\/Livraison-Delmi-Mart-Pinoy-Grocery-1.webp\",\"contentUrl\":\"https:\\\/\\\/pinoy-grocery.com\\\/wp-content\\\/uploads\\\/2025\\\/11\\\/Livraison-Delmi-Mart-Pinoy-Grocery-1.webp\",\"width\":1500,\"height\":844,\"caption\":\"Livraison-Delmi-Mart-Pinoy-Grocery\"},{\"@type\":\"BreadcrumbList\",\"@id\":\"https:\\\/\\\/pinoy-grocery.com\\\/livraison-et-reglement\\\/#breadcrumb\",\"itemListElement\":[{\"@type\":\"ListItem\",\"position\":1,\"name\":\"Accueil\",\"item\":\"https:\\\/\\\/pinoy-grocery.com\\\/\"},{\"@type\":\"ListItem\",\"position\":2,\"name\":\"Livraison et r\u00e8glement\"}]},{\"@type\":\"WebSite\",\"@id\":\"https:\\\/\\\/pinoy-grocery.com\\\/#website\",\"url\":\"https:\\\/\\\/pinoy-grocery.com\\\/\",\"name\":\"Delmi Mart Pinoy Grocery\",\"description\":\"Votre \u00e9picerie de produits philippins\",\"publisher\":{\"@id\":\"https:\\\/\\\/pinoy-grocery.com\\\/#organization\"},\"potentialAction\":[{\"@type\":\"SearchAction\",\"target\":{\"@type\":\"EntryPoint\",\"urlTemplate\":\"https:\\\/\\\/pinoy-grocery.com\\\/?s={search_term_string}\"},\"query-input\":{\"@type\":\"PropertyValueSpecification\",\"valueRequired\":true,\"valueName\":\"search_term_string\"}}],\"inLanguage\":\"en-GB\"},{\"@type\":\"Organization\",\"@id\":\"https:\\\/\\\/pinoy-grocery.com\\\/#organization\",\"name\":\"Delmi Mart Pinoy Grocery\",\"url\":\"https:\\\/\\\/pinoy-grocery.com\\\/\",\"logo\":{\"@type\":\"ImageObject\",\"inLanguage\":\"en-GB\",\"@id\":\"https:\\\/\\\/pinoy-grocery.com\\\/#\\\/schema\\\/logo\\\/image\\\/\",\"url\":\"https:\\\/\\\/pinoy-grocery.com\\\/wp-content\\\/uploads\\\/2025\\\/11\\\/LOGO-DELMI-MART-Pinoy-Grocery-shop-600x600-1.webp\",\"contentUrl\":\"https:\\\/\\\/pinoy-grocery.com\\\/wp-content\\\/uploads\\\/2025\\\/11\\\/LOGO-DELMI-MART-Pinoy-Grocery-shop-600x600-1.webp\",\"width\":600,\"height\":600,\"caption\":\"Delmi Mart Pinoy Grocery\"},\"image\":{\"@id\":\"https:\\\/\\\/pinoy-grocery.com\\\/#\\\/schema\\\/logo\\\/image\\\/\"},\"sameAs\":[\"https:\\\/\\\/www.facebook.com\\\/profile.php?id=61573001502527\"]}]}<\/script>\n<!-- \/ Yoast SEO plugin. -->","yoast_head_json":{"title":"Delivery and payment - Delmi Mart, Philippine grocery online","description":"Fast delivery anywhere in France. Secure 100 % payment by credit card or bank transfer. Philippine products delivered with complete confidence.","robots":{"index":"index","follow":"follow","max-snippet":"max-snippet:-1","max-image-preview":"max-image-preview:large","max-video-preview":"max-video-preview:-1"},"canonical":"https:\/\/pinoy-grocery.com\/en\/delivery-and-payment\/","og_locale":"en_GB","og_type":"article","og_title":"Livraison et r\u00e8glement \u2013 Delmi Mart, \u00e9picerie philippine en ligne","og_description":"Livraison rapide partout en France. Paiement 100 % s\u00e9curis\u00e9 par carte bancaire ou virement. Produits philippins livr\u00e9s en toute confiance.","og_url":"https:\/\/pinoy-grocery.com\/en\/delivery-and-payment\/","og_site_name":"Delmi Mart Pinoy Grocery","article_publisher":"https:\/\/www.facebook.com\/profile.php?id=61573001502527","article_modified_time":"2025-11-25T20:55:00+00:00","og_image":[{"width":1500,"height":844,"url":"https:\/\/pinoy-grocery.com\/wp-content\/uploads\/2025\/11\/Livraison-Delmi-Mart-Pinoy-Grocery-1.webp","type":"image\/webp"}],"twitter_card":"summary_large_image","twitter_misc":{"Estimated reading time":"2 minutes"},"schema":{"@context":"https:\/\/schema.org","@graph":[{"@type":"WebPage","@id":"https:\/\/pinoy-grocery.com\/livraison-et-reglement\/","url":"https:\/\/pinoy-grocery.com\/livraison-et-reglement\/","name":"Delivery and payment - Delmi Mart, Philippine grocery online","isPartOf":{"@id":"https:\/\/pinoy-grocery.com\/#website"},"primaryImageOfPage":{"@id":"https:\/\/pinoy-grocery.com\/livraison-et-reglement\/#primaryimage"},"image":{"@id":"https:\/\/pinoy-grocery.com\/livraison-et-reglement\/#primaryimage"},"thumbnailUrl":"https:\/\/pinoy-grocery.com\/wp-content\/uploads\/2025\/11\/Livraison-Delmi-Mart-Pinoy-Grocery-1.webp","datePublished":"2025-11-12T13:30:54+00:00","dateModified":"2025-11-25T20:55:00+00:00","description":"Fast delivery anywhere in France. Secure 100 % payment by credit card or bank transfer. Philippine products delivered with complete confidence.","breadcrumb":{"@id":"https:\/\/pinoy-grocery.com\/livraison-et-reglement\/#breadcrumb"},"inLanguage":"en-GB","potentialAction":[{"@type":"ReadAction","target":["https:\/\/pinoy-grocery.com\/livraison-et-reglement\/"]}]},{"@type":"ImageObject","inLanguage":"en-GB","@id":"https:\/\/pinoy-grocery.com\/livraison-et-reglement\/#primaryimage","url":"https:\/\/pinoy-grocery.com\/wp-content\/uploads\/2025\/11\/Livraison-Delmi-Mart-Pinoy-Grocery-1.webp","contentUrl":"https:\/\/pinoy-grocery.com\/wp-content\/uploads\/2025\/11\/Livraison-Delmi-Mart-Pinoy-Grocery-1.webp","width":1500,"height":844,"caption":"Livraison-Delmi-Mart-Pinoy-Grocery"},{"@type":"BreadcrumbList","@id":"https:\/\/pinoy-grocery.com\/livraison-et-reglement\/#breadcrumb","itemListElement":[{"@type":"ListItem","position":1,"name":"Accueil","item":"https:\/\/pinoy-grocery.com\/"},{"@type":"ListItem","position":2,"name":"Livraison et r\u00e8glement"}]},{"@type":"WebSite","@id":"https:\/\/pinoy-grocery.com\/#website","url":"https:\/\/pinoy-grocery.com\/","name":"Delmi Mart Pinoy Grocery","description":"Your grocery shop for Filipino products","publisher":{"@id":"https:\/\/pinoy-grocery.com\/#organization"},"potentialAction":[{"@type":"SearchAction","target":{"@type":"EntryPoint","urlTemplate":"https:\/\/pinoy-grocery.com\/?s={search_term_string}"},"query-input":{"@type":"PropertyValueSpecification","valueRequired":true,"valueName":"search_term_string"}}],"inLanguage":"en-GB"},{"@type":"Organization","@id":"https:\/\/pinoy-grocery.com\/#organization","name":"Delmi Mart Pinoy Grocery","url":"https:\/\/pinoy-grocery.com\/","logo":{"@type":"ImageObject","inLanguage":"en-GB","@id":"https:\/\/pinoy-grocery.com\/#\/schema\/logo\/image\/","url":"https:\/\/pinoy-grocery.com\/wp-content\/uploads\/2025\/11\/LOGO-DELMI-MART-Pinoy-Grocery-shop-600x600-1.webp","contentUrl":"https:\/\/pinoy-grocery.com\/wp-content\/uploads\/2025\/11\/LOGO-DELMI-MART-Pinoy-Grocery-shop-600x600-1.webp","width":600,"height":600,"caption":"Delmi Mart Pinoy Grocery"},"image":{"@id":"https:\/\/pinoy-grocery.com\/#\/schema\/logo\/image\/"},"sameAs":["https:\/\/www.facebook.com\/profile.php?id=61573001502527"]}]}},"_links":{"self":[{"href":"https:\/\/pinoy-grocery.com\/en\/wp-json\/wp\/v2\/pages\/413","targetHints":{"allow":["GET"]}}],"collection":[{"href":"https:\/\/pinoy-grocery.com\/en\/wp-json\/wp\/v2\/pages"}],"about":[{"href":"https:\/\/pinoy-grocery.com\/en\/wp-json\/wp\/v2\/types\/page"}],"author":[{"embeddable":true,"href":"https:\/\/pinoy-grocery.com\/en\/wp-json\/wp\/v2\/users\/1"}],"replies":[{"embeddable":true,"href":"https:\/\/pinoy-grocery.com\/en\/wp-json\/wp\/v2\/comments?post=413"}],"version-history":[{"count":0,"href":"https:\/\/pinoy-grocery.com\/en\/wp-json\/wp\/v2\/pages\/413\/revisions"}],"wp:featuredmedia":[{"embeddable":true,"href":"https:\/\/pinoy-grocery.com\/en\/wp-json\/wp\/v2\/media\/351"}],"wp:attachment":[{"href":"https:\/\/pinoy-grocery.com\/en\/wp-json\/wp\/v2\/media?parent=413"}],"curies":[{"name":"wp","href":"https:\/\/api.w.org\/{rel}","templated":true}]}}