{"id":395,"date":"2025-11-12T13:21:23","date_gmt":"2025-11-12T13:21:23","guid":{"rendered":"https:\/\/pinoy-grocery.com\/?page_id=395"},"modified":"2025-11-25T20:38:36","modified_gmt":"2025-11-25T20:38:36","slug":"who-we-are","status":"publish","type":"page","link":"https:\/\/pinoy-grocery.com\/en\/qui-sommes-nous\/","title":{"rendered":"Who are we?"},"content":{"rendered":"<div data-elementor-type=\"wp-page\" data-elementor-id=\"395\" class=\"elementor elementor-395\" data-elementor-post-type=\"page\">\n\t\t\t\t<main class=\"elementor-element elementor-element-a3249cf e-con-full e-flex elementor-invisible e-con e-parent\" data-id=\"a3249cf\" data-element_type=\"container\" data-e-type=\"container\" id=\"content\" data-settings=\"{&quot;background_background&quot;:&quot;classic&quot;,&quot;animation&quot;:&quot;fadeIn&quot;}\">\n\t\t<div class=\"elementor-element elementor-element-5788d3ec e-con-full e-flex e-con e-child\" data-id=\"5788d3ec\" data-element_type=\"container\" data-e-type=\"container\" data-settings=\"{&quot;background_background&quot;:&quot;classic&quot;}\">\n\t\t<div class=\"elementor-element elementor-element-144542a3 e-con-full e-flex e-con e-child\" data-id=\"144542a3\" data-element_type=\"container\" data-e-type=\"container\" data-settings=\"{&quot;background_background&quot;:&quot;classic&quot;}\">\n\t\t\t\t<div class=\"elementor-element elementor-element-31c68bb7 elementor-widget elementor-widget-heading\" data-id=\"31c68bb7\" data-element_type=\"widget\" data-e-type=\"widget\" data-widget_type=\"heading.default\">\n\t\t\t\t\t<h1 class=\"elementor-heading-title elementor-size-default\">Who are we?<\/h1>\t\t\t\t<\/div>\n\t\t\t\t<\/div>\n\t\t<div class=\"elementor-element elementor-element-7aa69b6f e-flex e-con-boxed e-con e-child\" data-id=\"7aa69b6f\" data-element_type=\"container\" data-e-type=\"container\" data-settings=\"{&quot;background_background&quot;:&quot;classic&quot;}\">\n\t\t\t\t\t<div class=\"e-con-inner\">\n\t\t<div class=\"elementor-element elementor-element-4f98a92f e-con-full e-flex e-con e-child\" data-id=\"4f98a92f\" data-element_type=\"container\" data-e-type=\"container\">\n\t\t\t\t<div class=\"elementor-element elementor-element-208a085 elementor-widget elementor-widget-heading\" data-id=\"208a085\" data-element_type=\"widget\" data-e-type=\"widget\" data-widget_type=\"heading.default\">\n\t\t\t\t\t<h2 class=\"elementor-heading-title elementor-size-default\">Welcome to Delmi Mart<\/h2>\t\t\t\t<\/div>\n\t\t\t\t<div class=\"elementor-element elementor-element-c409e23 elementor-widget elementor-widget-text-editor\" data-id=\"c409e23\" data-element_type=\"widget\" data-e-type=\"widget\" data-widget_type=\"text-editor.default\">\n\t\t\t\t\t\t\t\t\t<p data-start=\"303\" data-end=\"491\">Your online Filipino grocery shop, where every product tells a story and every flavour brings a bit of the Philippines to your home.<\/p>\n<p data-start=\"493\" data-end=\"709\">I'm originally from the Philippines, but it's here in France that I've decided to give life to this project: to offer all lovers of Filipino cuisine a real taste and cultural experience.<\/p>\t\t\t\t\t\t\t\t<\/div>\n\t\t\t\t<div class=\"elementor-element elementor-element-2bd2092b elementor-widget elementor-widget-heading\" data-id=\"2bd2092b\" data-element_type=\"widget\" data-e-type=\"widget\" data-widget_type=\"heading.default\">\n\t\t\t\t\t<h2 class=\"elementor-heading-title elementor-size-default\">Flavours to recreate the taste of the Philippines<\/h2>\t\t\t\t<\/div>\n\t\t\t\t<div class=\"elementor-element elementor-element-24c372d1 elementor-widget elementor-widget-text-editor\" data-id=\"24c372d1\" data-element_type=\"widget\" data-e-type=\"widget\" data-widget_type=\"text-editor.default\">\n\t\t\t\t\t\t\t\t\t<p data-start=\"772\" data-end=\"1139\">As a Filipina living a long way from my native country, I'm well aware of the lack of authentic flavours that make our cuisine so charming.<br data-start=\"937\" data-end=\"940\" \/>For us, food is much more than just a meal: it's a bond that unites us, a way of sharing our values, our generosity and our culture, even thousands of miles away.<\/p><p data-start=\"1141\" data-end=\"1381\">It's this emotion that I wanted to bring back to life through Delmi Mart, by offering typical Philippine products: sauces, snacks, noodles, drinks, but also hygiene and beauty products straight from the islands.<\/p>\t\t\t\t\t\t\t\t<\/div>\n\t\t\t\t<\/div>\n\t\t<div class=\"elementor-element elementor-element-2e448b94 e-con-full e-flex e-con e-child\" data-id=\"2e448b94\" data-element_type=\"container\" data-e-type=\"container\">\n\t\t\t\t<div class=\"elementor-element elementor-element-2afb83e3 elementor-widget elementor-widget-image\" data-id=\"2afb83e3\" data-element_type=\"widget\" data-e-type=\"widget\" data-widget_type=\"image.default\">\n\t\t\t\t\t\t\t\t\t\t\t\t\t\t\t<img fetchpriority=\"high\" decoding=\"async\" width=\"768\" height=\"1024\" src=\"https:\/\/pinoy-grocery.com\/wp-content\/uploads\/2025\/11\/Delmi-Mart-Pinoy-Grocery-1-768x1024.webp\" class=\"attachment-large size-large wp-image-335\" alt=\"Delmi-Mart-Pinoy-Grocery\" srcset=\"https:\/\/pinoy-grocery.com\/wp-content\/uploads\/2025\/11\/Delmi-Mart-Pinoy-Grocery-1-768x1024.webp 768w, https:\/\/pinoy-grocery.com\/wp-content\/uploads\/2025\/11\/Delmi-Mart-Pinoy-Grocery-1-225x300.webp 225w, https:\/\/pinoy-grocery.com\/wp-content\/uploads\/2025\/11\/Delmi-Mart-Pinoy-Grocery-1-600x800.webp 600w, https:\/\/pinoy-grocery.com\/wp-content\/uploads\/2025\/11\/Delmi-Mart-Pinoy-Grocery-1.webp 800w\" sizes=\"(max-width: 768px) 100vw, 768px\" \/>\t\t\t\t\t\t\t\t\t\t\t\t\t\t\t<\/div>\n\t\t\t\t<\/div>\n\t\t\t\t\t<\/div>\n\t\t\t\t<\/div>\n\t\t<div class=\"elementor-element elementor-element-5a2fea89 e-flex e-con-boxed e-con e-child\" data-id=\"5a2fea89\" data-element_type=\"container\" data-e-type=\"container\" data-settings=\"{&quot;background_background&quot;:&quot;classic&quot;}\">\n\t\t\t\t\t<div class=\"e-con-inner\">\n\t\t<div class=\"elementor-element elementor-element-21c15ff8 e-con-full e-flex e-con e-child\" data-id=\"21c15ff8\" data-element_type=\"container\" data-e-type=\"container\">\n\t\t\t\t<div class=\"elementor-element elementor-element-e8490ee elementor-widget elementor-widget-heading\" data-id=\"e8490ee\" data-element_type=\"widget\" data-e-type=\"widget\" data-widget_type=\"heading.default\">\n\t\t\t\t\t<h2 class=\"elementor-heading-title elementor-size-default\">A shop from the heart<\/h2>\t\t\t\t<\/div>\n\t\t\t\t<div class=\"elementor-element elementor-element-1b79df87 elementor-widget elementor-widget-text-editor\" data-id=\"1b79df87\" data-element_type=\"widget\" data-e-type=\"widget\" data-widget_type=\"text-editor.default\">\n\t\t\t\t\t\t\t\t\t<p data-start=\"1427\" data-end=\"1599\">My aim is simple: to bring you a little piece of the Philippines with a personalised, fast and friendly service, while remaining faithful to our traditions.<\/p><p data-start=\"1601\" data-end=\"1791\">Each order is prepared with care and passion, to offer you a bit of Filipino hospitality in every package.<\/p><p data-start=\"1601\" data-end=\"1791\">Each exchange with you is an opportunity to share what I love and to discover the richness of our culinary and cultural heritage.<\/p>\t\t\t\t\t\t\t\t<\/div>\n\t\t\t\t<\/div>\n\t\t<div class=\"elementor-element elementor-element-57022914 e-con-full e-flex e-con e-child\" data-id=\"57022914\" data-element_type=\"container\" data-e-type=\"container\">\n\t\t<div class=\"elementor-element elementor-element-65d93ab4 e-con-full e-flex e-con e-child\" data-id=\"65d93ab4\" data-element_type=\"container\" data-e-type=\"container\">\n\t\t\t\t<div class=\"elementor-element elementor-element-656b03d1 elementor-widget elementor-widget-image\" data-id=\"656b03d1\" data-element_type=\"widget\" data-e-type=\"widget\" data-widget_type=\"image.default\">\n\t\t\t\t\t\t\t\t\t\t\t\t\t\t\t<img decoding=\"async\" width=\"800\" height=\"800\" src=\"https:\/\/pinoy-grocery.com\/wp-content\/uploads\/2025\/11\/Logo-Delmi-Mart-cercle-1.webp\" class=\"attachment-large size-large wp-image-336\" alt=\"Logo-Delmi-Mart Pinoy Grocery\" srcset=\"https:\/\/pinoy-grocery.com\/wp-content\/uploads\/2025\/11\/Logo-Delmi-Mart-cercle-1.webp 800w, https:\/\/pinoy-grocery.com\/wp-content\/uploads\/2025\/11\/Logo-Delmi-Mart-cercle-1-300x300.webp 300w, https:\/\/pinoy-grocery.com\/wp-content\/uploads\/2025\/11\/Logo-Delmi-Mart-cercle-1-150x150.webp 150w, https:\/\/pinoy-grocery.com\/wp-content\/uploads\/2025\/11\/Logo-Delmi-Mart-cercle-1-768x768.webp 768w, https:\/\/pinoy-grocery.com\/wp-content\/uploads\/2025\/11\/Logo-Delmi-Mart-cercle-1-600x600.webp 600w, https:\/\/pinoy-grocery.com\/wp-content\/uploads\/2025\/11\/Logo-Delmi-Mart-cercle-1-100x100.webp 100w\" sizes=\"(max-width: 800px) 100vw, 800px\" \/>\t\t\t\t\t\t\t\t\t\t\t\t\t\t\t<\/div>\n\t\t\t\t<\/div>\n\t\t<div class=\"elementor-element elementor-element-10803236 e-con-full e-flex e-con e-child\" data-id=\"10803236\" data-element_type=\"container\" data-e-type=\"container\">\n\t\t\t\t<div class=\"elementor-element elementor-element-4e457525 elementor-widget elementor-widget-heading\" data-id=\"4e457525\" data-element_type=\"widget\" data-e-type=\"widget\" data-widget_type=\"heading.default\">\n\t\t\t\t\t<h2 class=\"elementor-heading-title elementor-size-default\">More than a shop, a community<\/h2>\t\t\t\t<\/div>\n\t\t\t\t<div class=\"elementor-element elementor-element-7a9c842b elementor-widget elementor-widget-text-editor\" data-id=\"7a9c842b\" data-element_type=\"widget\" data-e-type=\"widget\" data-widget_type=\"text-editor.default\">\n\t\t\t\t\t\t\t\t\t<p data-start=\"1842\" data-end=\"2085\">I love the contact and exchange with my community: it's an integral part of the experience I want to offer each and every one of you.<\/p><p data-start=\"1842\" data-end=\"2085\">No matter where you're from or where you are, you're always welcome with us.<\/p><p data-start=\"2087\" data-end=\"2220\">Our passion is to offer you a quality of service worthy of the finest Filipino traditions, with a smile and a heart.<\/p><p data-start=\"2222\" data-end=\"2274\">Maraming Salamat \ud83d\udc9b<br data-start=\"2243\" data-end=\"2246\" \/>Mabuhay mga Kababayan \ud83c\uddf5\ud83c\udded<\/p>\t\t\t\t\t\t\t\t<\/div>\n\t\t\t\t<\/div>\n\t\t\t\t<\/div>\n\t\t<div class=\"elementor-element elementor-element-9e762ef e-con-full e-flex e-con e-child\" data-id=\"9e762ef\" data-element_type=\"container\" data-e-type=\"container\">\n\t\t\t\t<div class=\"elementor-element elementor-element-31862d3f elementor-widget elementor-widget-breadcrumbs\" data-id=\"31862d3f\" data-element_type=\"widget\" data-e-type=\"widget\" data-widget_type=\"breadcrumbs.default\">\n\t\t\t\t\t<p id=\"breadcrumbs\"><span><span><a href=\"https:\/\/pinoy-grocery.com\/en\/\">Home<\/a><\/span><\/span><\/p>\t\t\t\t<\/div>\n\t\t\t\t<\/div>\n\t\t\t\t\t<\/div>\n\t\t\t\t<\/div>\n\t\t<div class=\"elementor-element elementor-element-276e2c9b e-con-full e-flex e-con e-child\" data-id=\"276e2c9b\" data-element_type=\"container\" data-e-type=\"container\" data-settings=\"{&quot;background_background&quot;:&quot;classic&quot;}\">\n\t\t<div class=\"elementor-element elementor-element-7ecdfb7c e-con-full e-flex e-con e-child\" data-id=\"7ecdfb7c\" data-element_type=\"container\" data-e-type=\"container\" data-settings=\"{&quot;background_background&quot;:&quot;classic&quot;}\">\n\t\t\t\t<div class=\"elementor-element elementor-element-7ddad9ab elementor-widget elementor-widget-html\" data-id=\"7ddad9ab\" data-element_type=\"widget\" data-e-type=\"widget\" data-widget_type=\"html.default\">\n\t\t\t\t\t<script>\nwindow.addEventListener( 'elementor\/frontend\/init', function() {\nif ( typeof elementorFrontend === 'undefined' ) {\nreturn;\n}\n\nelementorFrontend.on( 'components:init', function() {\nelementorFrontend.utils.anchors.setSettings('selectors',{});\n\n} );\n} );\n<\/script>\n\n<style>\nhtml, body {\nscroll-padding-top: 100px; \/* adjust as needed *\/\n}\n\n@media (prefers-reduced-motion: no-preference) {\nhtml, body {\nscroll-behavior: smooth;\n}\n}\n<\/style>\n\t\t\t\t<\/div>\n\t\t\t\t<\/div>\n\t\t\t\t<\/div>\n\t\t\t\t<\/div>\n\t\t\t\t<\/main>\n\t\t\t\t<\/div>","protected":false},"excerpt":{"rendered":"<p>Qui sommes-nous ? Bienvenue chez Delmi Mart Votre \u00e9picerie philippine en ligne, o\u00f9 chaque produit raconte une histoire et chaque saveur transporte un peu des Philippines jusque chez vous. Je suis originaire des Philippines, mais c\u2019est ici, en France, que j\u2019ai d\u00e9cid\u00e9 de donner vie \u00e0 ce projet : offrir \u00e0 tous les amoureux de [&hellip;]<\/p>\n","protected":false},"author":1,"featured_media":335,"parent":0,"menu_order":0,"comment_status":"closed","ping_status":"closed","template":"","meta":{"footnotes":""},"class_list":["post-395","page","type-page","status-publish","has-post-thumbnail","hentry"],"yoast_head":"<!-- This site is optimized with the Yoast SEO plugin v27.4 - https:\/\/yoast.com\/product\/yoast-seo-wordpress\/ -->\n<title>Delmi Mart \u2013 \u00c9picerie philippine fond\u00e9e par passion<\/title>\n<meta name=\"description\" content=\"Chez Delmi Mart, chaque produit raconte une histoire : partageons les saveurs, la culture et l\u2019hospitalit\u00e9 des Philippines !\" \/>\n<meta name=\"robots\" content=\"index, follow, max-snippet:-1, max-image-preview:large, max-video-preview:-1\" \/>\n<link rel=\"canonical\" href=\"https:\/\/pinoy-grocery.com\/en\/who-we-are\/\" \/>\n<meta property=\"og:locale\" content=\"en_GB\" \/>\n<meta property=\"og:type\" content=\"article\" \/>\n<meta property=\"og:title\" content=\"Delmi Mart \u2013 \u00c9picerie philippine fond\u00e9e par passion\" \/>\n<meta property=\"og:description\" content=\"Chez Delmi Mart, chaque produit raconte une histoire : partageons les saveurs, la culture et l\u2019hospitalit\u00e9 des Philippines !\" \/>\n<meta property=\"og:url\" content=\"https:\/\/pinoy-grocery.com\/en\/who-we-are\/\" \/>\n<meta property=\"og:site_name\" content=\"Delmi Mart Pinoy Grocery\" \/>\n<meta property=\"article:publisher\" content=\"https:\/\/www.facebook.com\/profile.php?id=61573001502527\" \/>\n<meta property=\"article:modified_time\" content=\"2025-11-25T20:38:36+00:00\" \/>\n<meta property=\"og:image\" content=\"https:\/\/pinoy-grocery.com\/wp-content\/uploads\/2025\/11\/Delmi-Mart-Pinoy-Grocery-1.webp\" \/>\n\t<meta property=\"og:image:width\" content=\"800\" \/>\n\t<meta property=\"og:image:height\" content=\"1067\" \/>\n\t<meta property=\"og:image:type\" content=\"image\/webp\" \/>\n<meta name=\"twitter:card\" content=\"summary_large_image\" \/>\n<meta name=\"twitter:label1\" content=\"Estimated reading time\" \/>\n\t<meta name=\"twitter:data1\" content=\"2 minutes\" \/>\n<script type=\"application\/ld+json\" class=\"yoast-schema-graph\">{\"@context\":\"https:\\\/\\\/schema.org\",\"@graph\":[{\"@type\":\"WebPage\",\"@id\":\"https:\\\/\\\/pinoy-grocery.com\\\/qui-sommes-nous\\\/\",\"url\":\"https:\\\/\\\/pinoy-grocery.com\\\/qui-sommes-nous\\\/\",\"name\":\"Delmi Mart \u2013 \u00c9picerie philippine fond\u00e9e par passion\",\"isPartOf\":{\"@id\":\"https:\\\/\\\/pinoy-grocery.com\\\/#website\"},\"primaryImageOfPage\":{\"@id\":\"https:\\\/\\\/pinoy-grocery.com\\\/qui-sommes-nous\\\/#primaryimage\"},\"image\":{\"@id\":\"https:\\\/\\\/pinoy-grocery.com\\\/qui-sommes-nous\\\/#primaryimage\"},\"thumbnailUrl\":\"https:\\\/\\\/pinoy-grocery.com\\\/wp-content\\\/uploads\\\/2025\\\/11\\\/Delmi-Mart-Pinoy-Grocery-1.webp\",\"datePublished\":\"2025-11-12T13:21:23+00:00\",\"dateModified\":\"2025-11-25T20:38:36+00:00\",\"description\":\"Chez Delmi Mart, chaque produit raconte une histoire : partageons les saveurs, la culture et l\u2019hospitalit\u00e9 des Philippines !\",\"breadcrumb\":{\"@id\":\"https:\\\/\\\/pinoy-grocery.com\\\/qui-sommes-nous\\\/#breadcrumb\"},\"inLanguage\":\"en-GB\",\"potentialAction\":[{\"@type\":\"ReadAction\",\"target\":[\"https:\\\/\\\/pinoy-grocery.com\\\/qui-sommes-nous\\\/\"]}]},{\"@type\":\"ImageObject\",\"inLanguage\":\"en-GB\",\"@id\":\"https:\\\/\\\/pinoy-grocery.com\\\/qui-sommes-nous\\\/#primaryimage\",\"url\":\"https:\\\/\\\/pinoy-grocery.com\\\/wp-content\\\/uploads\\\/2025\\\/11\\\/Delmi-Mart-Pinoy-Grocery-1.webp\",\"contentUrl\":\"https:\\\/\\\/pinoy-grocery.com\\\/wp-content\\\/uploads\\\/2025\\\/11\\\/Delmi-Mart-Pinoy-Grocery-1.webp\",\"width\":800,\"height\":1067,\"caption\":\"Delmi-Mart-Pinoy-Grocery\"},{\"@type\":\"BreadcrumbList\",\"@id\":\"https:\\\/\\\/pinoy-grocery.com\\\/qui-sommes-nous\\\/#breadcrumb\",\"itemListElement\":[{\"@type\":\"ListItem\",\"position\":1,\"name\":\"Accueil\",\"item\":\"https:\\\/\\\/pinoy-grocery.com\\\/\"},{\"@type\":\"ListItem\",\"position\":2,\"name\":\"Qui sommes-nous ?\"}]},{\"@type\":\"WebSite\",\"@id\":\"https:\\\/\\\/pinoy-grocery.com\\\/#website\",\"url\":\"https:\\\/\\\/pinoy-grocery.com\\\/\",\"name\":\"Delmi Mart Pinoy Grocery\",\"description\":\"Votre \u00e9picerie de produits philippins\",\"publisher\":{\"@id\":\"https:\\\/\\\/pinoy-grocery.com\\\/#organization\"},\"potentialAction\":[{\"@type\":\"SearchAction\",\"target\":{\"@type\":\"EntryPoint\",\"urlTemplate\":\"https:\\\/\\\/pinoy-grocery.com\\\/?s={search_term_string}\"},\"query-input\":{\"@type\":\"PropertyValueSpecification\",\"valueRequired\":true,\"valueName\":\"search_term_string\"}}],\"inLanguage\":\"en-GB\"},{\"@type\":\"Organization\",\"@id\":\"https:\\\/\\\/pinoy-grocery.com\\\/#organization\",\"name\":\"Delmi Mart Pinoy Grocery\",\"url\":\"https:\\\/\\\/pinoy-grocery.com\\\/\",\"logo\":{\"@type\":\"ImageObject\",\"inLanguage\":\"en-GB\",\"@id\":\"https:\\\/\\\/pinoy-grocery.com\\\/#\\\/schema\\\/logo\\\/image\\\/\",\"url\":\"https:\\\/\\\/pinoy-grocery.com\\\/wp-content\\\/uploads\\\/2025\\\/11\\\/LOGO-DELMI-MART-Pinoy-Grocery-shop-600x600-1.webp\",\"contentUrl\":\"https:\\\/\\\/pinoy-grocery.com\\\/wp-content\\\/uploads\\\/2025\\\/11\\\/LOGO-DELMI-MART-Pinoy-Grocery-shop-600x600-1.webp\",\"width\":600,\"height\":600,\"caption\":\"Delmi Mart Pinoy Grocery\"},\"image\":{\"@id\":\"https:\\\/\\\/pinoy-grocery.com\\\/#\\\/schema\\\/logo\\\/image\\\/\"},\"sameAs\":[\"https:\\\/\\\/www.facebook.com\\\/profile.php?id=61573001502527\"]}]}<\/script>\n<!-- \/ Yoast SEO plugin. -->","yoast_head_json":{"title":"Delmi Mart - Filipino grocery founded on passion","description":"At Delmi Mart, every product tells a story: let's share the flavours, culture and hospitality of the Philippines!","robots":{"index":"index","follow":"follow","max-snippet":"max-snippet:-1","max-image-preview":"max-image-preview:large","max-video-preview":"max-video-preview:-1"},"canonical":"https:\/\/pinoy-grocery.com\/en\/who-we-are\/","og_locale":"en_GB","og_type":"article","og_title":"Delmi Mart \u2013 \u00c9picerie philippine fond\u00e9e par passion","og_description":"Chez Delmi Mart, chaque produit raconte une histoire : partageons les saveurs, la culture et l\u2019hospitalit\u00e9 des Philippines !","og_url":"https:\/\/pinoy-grocery.com\/en\/who-we-are\/","og_site_name":"Delmi Mart Pinoy Grocery","article_publisher":"https:\/\/www.facebook.com\/profile.php?id=61573001502527","article_modified_time":"2025-11-25T20:38:36+00:00","og_image":[{"width":800,"height":1067,"url":"https:\/\/pinoy-grocery.com\/wp-content\/uploads\/2025\/11\/Delmi-Mart-Pinoy-Grocery-1.webp","type":"image\/webp"}],"twitter_card":"summary_large_image","twitter_misc":{"Estimated reading time":"2 minutes"},"schema":{"@context":"https:\/\/schema.org","@graph":[{"@type":"WebPage","@id":"https:\/\/pinoy-grocery.com\/qui-sommes-nous\/","url":"https:\/\/pinoy-grocery.com\/qui-sommes-nous\/","name":"Delmi Mart - Filipino grocery founded on passion","isPartOf":{"@id":"https:\/\/pinoy-grocery.com\/#website"},"primaryImageOfPage":{"@id":"https:\/\/pinoy-grocery.com\/qui-sommes-nous\/#primaryimage"},"image":{"@id":"https:\/\/pinoy-grocery.com\/qui-sommes-nous\/#primaryimage"},"thumbnailUrl":"https:\/\/pinoy-grocery.com\/wp-content\/uploads\/2025\/11\/Delmi-Mart-Pinoy-Grocery-1.webp","datePublished":"2025-11-12T13:21:23+00:00","dateModified":"2025-11-25T20:38:36+00:00","description":"At Delmi Mart, every product tells a story: let's share the flavours, culture and hospitality of the Philippines!","breadcrumb":{"@id":"https:\/\/pinoy-grocery.com\/qui-sommes-nous\/#breadcrumb"},"inLanguage":"en-GB","potentialAction":[{"@type":"ReadAction","target":["https:\/\/pinoy-grocery.com\/qui-sommes-nous\/"]}]},{"@type":"ImageObject","inLanguage":"en-GB","@id":"https:\/\/pinoy-grocery.com\/qui-sommes-nous\/#primaryimage","url":"https:\/\/pinoy-grocery.com\/wp-content\/uploads\/2025\/11\/Delmi-Mart-Pinoy-Grocery-1.webp","contentUrl":"https:\/\/pinoy-grocery.com\/wp-content\/uploads\/2025\/11\/Delmi-Mart-Pinoy-Grocery-1.webp","width":800,"height":1067,"caption":"Delmi-Mart-Pinoy-Grocery"},{"@type":"BreadcrumbList","@id":"https:\/\/pinoy-grocery.com\/qui-sommes-nous\/#breadcrumb","itemListElement":[{"@type":"ListItem","position":1,"name":"Accueil","item":"https:\/\/pinoy-grocery.com\/"},{"@type":"ListItem","position":2,"name":"Qui sommes-nous ?"}]},{"@type":"WebSite","@id":"https:\/\/pinoy-grocery.com\/#website","url":"https:\/\/pinoy-grocery.com\/","name":"Delmi Mart Pinoy Grocery","description":"Your grocery shop for Filipino products","publisher":{"@id":"https:\/\/pinoy-grocery.com\/#organization"},"potentialAction":[{"@type":"SearchAction","target":{"@type":"EntryPoint","urlTemplate":"https:\/\/pinoy-grocery.com\/?s={search_term_string}"},"query-input":{"@type":"PropertyValueSpecification","valueRequired":true,"valueName":"search_term_string"}}],"inLanguage":"en-GB"},{"@type":"Organization","@id":"https:\/\/pinoy-grocery.com\/#organization","name":"Delmi Mart Pinoy Grocery","url":"https:\/\/pinoy-grocery.com\/","logo":{"@type":"ImageObject","inLanguage":"en-GB","@id":"https:\/\/pinoy-grocery.com\/#\/schema\/logo\/image\/","url":"https:\/\/pinoy-grocery.com\/wp-content\/uploads\/2025\/11\/LOGO-DELMI-MART-Pinoy-Grocery-shop-600x600-1.webp","contentUrl":"https:\/\/pinoy-grocery.com\/wp-content\/uploads\/2025\/11\/LOGO-DELMI-MART-Pinoy-Grocery-shop-600x600-1.webp","width":600,"height":600,"caption":"Delmi Mart Pinoy Grocery"},"image":{"@id":"https:\/\/pinoy-grocery.com\/#\/schema\/logo\/image\/"},"sameAs":["https:\/\/www.facebook.com\/profile.php?id=61573001502527"]}]}},"_links":{"self":[{"href":"https:\/\/pinoy-grocery.com\/en\/wp-json\/wp\/v2\/pages\/395","targetHints":{"allow":["GET"]}}],"collection":[{"href":"https:\/\/pinoy-grocery.com\/en\/wp-json\/wp\/v2\/pages"}],"about":[{"href":"https:\/\/pinoy-grocery.com\/en\/wp-json\/wp\/v2\/types\/page"}],"author":[{"embeddable":true,"href":"https:\/\/pinoy-grocery.com\/en\/wp-json\/wp\/v2\/users\/1"}],"replies":[{"embeddable":true,"href":"https:\/\/pinoy-grocery.com\/en\/wp-json\/wp\/v2\/comments?post=395"}],"version-history":[{"count":0,"href":"https:\/\/pinoy-grocery.com\/en\/wp-json\/wp\/v2\/pages\/395\/revisions"}],"wp:featuredmedia":[{"embeddable":true,"href":"https:\/\/pinoy-grocery.com\/en\/wp-json\/wp\/v2\/media\/335"}],"wp:attachment":[{"href":"https:\/\/pinoy-grocery.com\/en\/wp-json\/wp\/v2\/media?parent=395"}],"curies":[{"name":"wp","href":"https:\/\/api.w.org\/{rel}","templated":true}]}}