{"id":23,"date":"2025-11-18T16:28:07","date_gmt":"2025-11-18T16:28:07","guid":{"rendered":"https:\/\/pinoy-grocery.com\/?page_id=23"},"modified":"2026-04-14T08:18:59","modified_gmt":"2026-04-14T08:18:59","slug":"refunds_returns","status":"publish","type":"page","link":"https:\/\/pinoy-grocery.com\/en\/remboursements_retours\/","title":{"rendered":"Refunds and returns policy"},"content":{"rendered":"<div data-elementor-type=\"wp-page\" data-elementor-id=\"23\" class=\"elementor elementor-23\" data-elementor-post-type=\"page\">\n\t\t\t\t<div class=\"elementor-element elementor-element-268a504c e-flex e-con-boxed e-con e-parent\" data-id=\"268a504c\" data-element_type=\"container\" data-e-type=\"container\">\n\t\t\t\t\t<div class=\"e-con-inner\">\n\t\t\t\t<div class=\"elementor-element elementor-element-bf453f4 elementor-widget elementor-widget-heading\" data-id=\"bf453f4\" data-element_type=\"widget\" data-e-type=\"widget\" data-widget_type=\"heading.default\">\n\t\t\t\t\t<h1 class=\"elementor-heading-title elementor-size-default\">Refunds and returns policy<\/h1>\t\t\t\t<\/div>\n\t\t\t\t<div class=\"elementor-element elementor-element-26e1043d elementor-widget elementor-widget-text-editor\" data-id=\"26e1043d\" data-element_type=\"widget\" data-e-type=\"widget\" data-widget_type=\"text-editor.default\">\n\t\t\t\t\t\t\t\t\t<h2 class=\"p1\"><b>Shipping and delivery<\/b><\/h2>\n<p>\u00a0<\/p>\n<p class=\"p2\">This page explains Delmi Mart's shipping and delivery policies and the terms and conditions of this service.<\/p>\n<p class=\"p2\">Delmi Mart ships its products directly from its warehouse in Cholet (49) via the DPD carrier. We offer delivery anywhere in France and abroad.<\/p>\n<p class=\"p2\">All orders are processed and dispatched within 24 to 48 hours (except weekends and public holidays in France).<\/p>\n<p class=\"p5\"><b>National shipping<\/b><\/p>\n<p class=\"p2\"><b><i>Free delivery<\/i><\/b><\/p>\n<p class=\"p2\">National delivery is free for orders of \u20ac200 or more.<\/p>\n<p>\u00a0<\/p>\n<h2 class=\"p2\"><b><i>Delivery charges in real time<\/i><\/b><\/h2>\n<p>\u00a0<\/p>\n<p class=\"p2\">For orders not eligible for free delivery, delivery costs are calculated when you validate your basket, once you have filled in your delivery address, based on weight and distance from our site in Cholet (49), France.<\/p>\n<p class=\"p2\">You must provide a mobile phone number in order to receive appointment proposals from DPD. DPD delivery times may vary from 1 to 3 working days, excluding processing time from our warehouse.<\/p>\n<p>\u00a0<\/p>\n<h2 class=\"p5\"><b>International shipping<\/b><\/h2>\n<p>\u00a0<\/p>\n<p class=\"p2\">International shipping and handling is handled by DPD. Charges are calculated in real time at the time of payment, based on the weight of the order and the distance from our site in Cholet (49), France.<\/p>\n<p>\u00a0<\/p>\n<h2 class=\"p5\"><b>Order tracking<\/b><\/h2>\n<p>\u00a0<\/p>\n<p class=\"p2\">As soon as your order has been validated, you will receive an invoice for your products and details of your shipment (tracking number) by e-mail.<\/p>\n<p class=\"p2\">DPD will contact you by message to offer you delivery slots to ensure that you are at home to receive your parcels.<\/p>\n<p class=\"p2\">To do this, you need to fill in your contact details, including a mobile phone number.<\/p>\n<p>\u00a0<\/p>\n<h2 class=\"p5\"><b>Products damaged or sent in error<\/b><\/h2>\n<p>\u00a0<\/p>\n<p class=\"p2\">Although deliveries are carefully packaged, damage and errors may occur during transport. Please see our returns policy. Incorrect shipping information.<\/p>\n<p>\u00a0<\/p>\n<h2 class=\"p5\"><b>Incorrect delivery information<\/b><\/h2>\n<p>\u00a0<\/p>\n<p class=\"p2\">Delmi Mart delivers to the delivery address indicated when you placed your order. We accept no responsibility for incorrect information.<\/p>\n<p class=\"p2\">We are not responsible for delivery charges for parcels returned due to missing or incorrect information. These will be re-invoiced with the new transport costs for re-sending the same order.<\/p>\n<p>\u00a0<\/p>\n<h2 class=\"p5\"><b>Packaging<\/b><\/h2>\n<p>\u00a0<\/p>\n<p class=\"p2\">Each order is packaged with care and appropriate protection. Bubble wrap protects each glass container, and the carton is finally wedged to ensure that all your products arrive at your door in perfect condition.<\/p>\n<p class=\"p2\">There are no additional packaging costs, we take care of this.<\/p>\n<p>\u00a0<\/p>\n<h2 class=\"p5\"><b>Returns<\/b><\/h2>\n<p>\u00a0<\/p>\n<p class=\"p2\">For more information about returning items, please see our Returns Policy.<\/p>\n<p>\u00a0<\/p>\n<h2 class=\"p5\"><b>Order processing<\/b><\/h2>\n<p>\u00a0<\/p>\n<p class=\"p2\">Orders can be placed 24 hours a day, 7 days a week. Orders received will be processed as quickly as possible. Processing times can vary from 24 to 48 hours. This ensures that the correct items are dispatched and packaged appropriately, minimising the risk of damage. Orders received at weekends and on public holidays will be processed from the following working week.<\/p>\n<p>\u00a0<\/p>\n<h2 class=\"p5\"><b>Conditions for acceptance of goods<\/b><\/h2>\n<p>\u00a0<\/p>\n<p class=\"p2\">On delivery, the recipient must inspect the items received and inform us immediately if they are not in good condition. The recipient must make any reservations on the carrier's receipt so that DPD can be informed and we can lodge a complaint with their services.<\/p>\n<p class=\"p2\">If we have not been informed of any defect or error in the items received on the day of delivery and if no reservations have been made to the carrier at the time of delivery, then the recipient will be presumed to have accepted the items and to have waived any rights in this respect.<\/p>\n<h2>\u00a0<\/h2>\n<h2 class=\"p6\"><b>Return policy<\/b><\/h2>\n<p>\u00a0<\/p>\n<p class=\"p2\">This page explains Delmi Mart's returns and refunds policy.<\/p>\n<p class=\"p2\">We are committed to providing our customers with exceptional service when ordering from <a href=\"https:\/\/pinoy-grocery.com\/en\/\">www.pinoy-grocery.com<\/a>.<\/p>\n<p>\u00a0<\/p>\n<h2 class=\"p5\"><b>Cancellation and refund policy<\/b><\/h2>\n<p>\u00a0<\/p>\n<p class=\"p2\">Please send your cancellation request by e-mail to Customer Services (<a href=\"mailto:delmi@pinoy-grocery.com\">delmi@pinoy-grocery.com<\/a>) or via our website contact form.<\/p>\n<p class=\"p2\">If the order has not been processed at our warehouse, we will refund the full amount of the cancellation at no extra charge.<\/p>\n<p class=\"p2\">If the order is processed, it will be treated as a return.<\/p>\n<p>\u00a0<\/p>\n<h2 class=\"p2\"><b><i>Returns procedure \/ Withdrawal period<\/i><\/b><\/h2>\n<p>\u00a0<\/p>\n<p class=\"p2\">In accordance with the law in force, you have a period of 14 days from the date of receipt of your order to exercise your right of withdrawal without having to give any reason.<\/p>\n<p class=\"p2\">You must make a return request by e-mail to Customer Service (<a href=\"mailto:delmi@pinoy-grocery.com\">delmi@pinoy-grocery.com<\/a>) or via our website contact form.<\/p>\n<p class=\"p2\">It is imperative that you contact us before returning any products. Delmi Mart declines all responsibility for any loss or shipping costs incurred in the event of an untimely return.<\/p>\n<p>\u00a0<\/p>\n<h2 class=\"p2\"><b><i>Return costs and penalties<\/i><\/b><\/h2>\n<p>\u00a0<\/p>\n<p class=\"p2\">In the event of negligence on the part of the seller (incorrect delivery, defective product, damaged goods, etc.), the costs will be reimbursed to the customer free of charge.<\/p>\n<p class=\"p2\">In the event of negligence on the part of the purchaser (change of mind, impulse purchase, loss of goods, etc.), you will be responsible for the cost of returning the goods.<\/p>\n<p>\u00a0<\/p>\n<h2 class=\"p2\"><b><i>Unauthorised returns<\/i><\/b><\/h2>\n<p>\u00a0<\/p>\n<p class=\"p2\">If the 14-day period following receipt of the product is exceeded. If the products are lost, opened or damaged due to negligence or inappropriate use by the customer. If the product label is removed or if the box is lost or damaged (unless the packaging is damaged in order to check the contents of the product). If the value of the product has decreased significantly to the point of making resale impossible or difficult.<\/p>\n<p>\u00a0<\/p>\n<h2 class=\"p2\"><b><i>Processing Returns and Refunds<\/i><\/b><i> <\/i><\/h2>\n<p>\u00a0<\/p>\n<p class=\"p2\">Once we have received and inspected your order, we will inform you whether or not your request for a refund has been accepted. If the return is accepted, a refund will be made to the method of payment used for the order within 14 days.<\/p>\n<p class=\"p2\">Please note that the time taken to process your refund may vary depending on your bank or card issuer.<\/p>\t\t\t\t\t\t\t\t<\/div>\n\t\t\t\t\t<\/div>\n\t\t\t\t<\/div>\n\t\t\t\t<\/div>","protected":false},"excerpt":{"rendered":"<p>Politique en mati\u00e8re de remboursements et de retours Envois et livraison \u00a0 Cette page explique les politiques d&rsquo;exp\u00e9dition et de livraison de Delmi Mart et les modalit\u00e9s de ce service. Delmi Mart exp\u00e9die ses produits directement depuis son entrep\u00f4t de Cholet (49) via le transporteur DPD. Nous proposons la livraison partout en France et \u00e0 [&hellip;]<\/p>\n","protected":false},"author":1,"featured_media":0,"parent":0,"menu_order":0,"comment_status":"closed","ping_status":"closed","template":"","meta":{"footnotes":""},"class_list":["post-23","page","type-page","status-publish","hentry"],"yoast_head":"<!-- This site is optimized with the Yoast SEO plugin v27.4 - https:\/\/yoast.com\/product\/yoast-seo-wordpress\/ -->\n<title>Politique en mati\u00e8re de remboursements et de retours - Delmi Mart Pinoy Grocery<\/title>\n<meta name=\"robots\" content=\"index, follow, max-snippet:-1, max-image-preview:large, max-video-preview:-1\" \/>\n<link rel=\"canonical\" href=\"https:\/\/pinoy-grocery.com\/en\/refunds_returns\/\" \/>\n<meta property=\"og:locale\" content=\"en_GB\" \/>\n<meta property=\"og:type\" content=\"article\" \/>\n<meta property=\"og:title\" content=\"Politique en mati\u00e8re de remboursements et de retours - Delmi Mart Pinoy Grocery\" \/>\n<meta property=\"og:description\" content=\"Politique en mati\u00e8re de remboursements et de retours Envois et livraison \u00a0 Cette page explique les politiques d&rsquo;exp\u00e9dition et de livraison de Delmi Mart et les modalit\u00e9s de ce service. Delmi Mart exp\u00e9die ses produits directement depuis son entrep\u00f4t de Cholet (49) via le transporteur DPD. Nous proposons la livraison partout en France et \u00e0 [&hellip;]\" \/>\n<meta property=\"og:url\" content=\"https:\/\/pinoy-grocery.com\/en\/refunds_returns\/\" \/>\n<meta property=\"og:site_name\" content=\"Delmi Mart Pinoy Grocery\" \/>\n<meta property=\"article:publisher\" content=\"https:\/\/www.facebook.com\/profile.php?id=61573001502527\" \/>\n<meta property=\"article:modified_time\" content=\"2026-04-14T08:18:59+00:00\" \/>\n<meta name=\"twitter:card\" content=\"summary_large_image\" \/>\n<meta name=\"twitter:label1\" content=\"Estimated reading time\" \/>\n\t<meta name=\"twitter:data1\" content=\"6 minutes\" \/>\n<script type=\"application\/ld+json\" class=\"yoast-schema-graph\">{\"@context\":\"https:\\\/\\\/schema.org\",\"@graph\":[{\"@type\":\"WebPage\",\"@id\":\"https:\\\/\\\/pinoy-grocery.com\\\/remboursements_retours\\\/\",\"url\":\"https:\\\/\\\/pinoy-grocery.com\\\/remboursements_retours\\\/\",\"name\":\"Politique en mati\u00e8re de remboursements et de retours - Delmi Mart Pinoy Grocery\",\"isPartOf\":{\"@id\":\"https:\\\/\\\/pinoy-grocery.com\\\/#website\"},\"datePublished\":\"2025-11-18T16:28:07+00:00\",\"dateModified\":\"2026-04-14T08:18:59+00:00\",\"breadcrumb\":{\"@id\":\"https:\\\/\\\/pinoy-grocery.com\\\/remboursements_retours\\\/#breadcrumb\"},\"inLanguage\":\"en-GB\",\"potentialAction\":[{\"@type\":\"ReadAction\",\"target\":[\"https:\\\/\\\/pinoy-grocery.com\\\/remboursements_retours\\\/\"]}]},{\"@type\":\"BreadcrumbList\",\"@id\":\"https:\\\/\\\/pinoy-grocery.com\\\/remboursements_retours\\\/#breadcrumb\",\"itemListElement\":[{\"@type\":\"ListItem\",\"position\":1,\"name\":\"Accueil\",\"item\":\"https:\\\/\\\/pinoy-grocery.com\\\/\"},{\"@type\":\"ListItem\",\"position\":2,\"name\":\"Politique en mati\u00e8re de remboursements et de retours\"}]},{\"@type\":\"WebSite\",\"@id\":\"https:\\\/\\\/pinoy-grocery.com\\\/#website\",\"url\":\"https:\\\/\\\/pinoy-grocery.com\\\/\",\"name\":\"Delmi Mart Pinoy Grocery\",\"description\":\"Votre \u00e9picerie de produits philippins\",\"publisher\":{\"@id\":\"https:\\\/\\\/pinoy-grocery.com\\\/#organization\"},\"potentialAction\":[{\"@type\":\"SearchAction\",\"target\":{\"@type\":\"EntryPoint\",\"urlTemplate\":\"https:\\\/\\\/pinoy-grocery.com\\\/?s={search_term_string}\"},\"query-input\":{\"@type\":\"PropertyValueSpecification\",\"valueRequired\":true,\"valueName\":\"search_term_string\"}}],\"inLanguage\":\"en-GB\"},{\"@type\":\"Organization\",\"@id\":\"https:\\\/\\\/pinoy-grocery.com\\\/#organization\",\"name\":\"Delmi Mart Pinoy Grocery\",\"url\":\"https:\\\/\\\/pinoy-grocery.com\\\/\",\"logo\":{\"@type\":\"ImageObject\",\"inLanguage\":\"en-GB\",\"@id\":\"https:\\\/\\\/pinoy-grocery.com\\\/#\\\/schema\\\/logo\\\/image\\\/\",\"url\":\"https:\\\/\\\/pinoy-grocery.com\\\/wp-content\\\/uploads\\\/2025\\\/11\\\/LOGO-DELMI-MART-Pinoy-Grocery-shop-600x600-1.webp\",\"contentUrl\":\"https:\\\/\\\/pinoy-grocery.com\\\/wp-content\\\/uploads\\\/2025\\\/11\\\/LOGO-DELMI-MART-Pinoy-Grocery-shop-600x600-1.webp\",\"width\":600,\"height\":600,\"caption\":\"Delmi Mart Pinoy Grocery\"},\"image\":{\"@id\":\"https:\\\/\\\/pinoy-grocery.com\\\/#\\\/schema\\\/logo\\\/image\\\/\"},\"sameAs\":[\"https:\\\/\\\/www.facebook.com\\\/profile.php?id=61573001502527\"]}]}<\/script>\n<!-- \/ Yoast SEO plugin. -->","yoast_head_json":{"title":"Refunds and returns policy - Delmi Mart Pinoy Grocery","robots":{"index":"index","follow":"follow","max-snippet":"max-snippet:-1","max-image-preview":"max-image-preview:large","max-video-preview":"max-video-preview:-1"},"canonical":"https:\/\/pinoy-grocery.com\/en\/refunds_returns\/","og_locale":"en_GB","og_type":"article","og_title":"Politique en mati\u00e8re de remboursements et de retours - Delmi Mart Pinoy Grocery","og_description":"Politique en mati\u00e8re de remboursements et de retours Envois et livraison \u00a0 Cette page explique les politiques d&rsquo;exp\u00e9dition et de livraison de Delmi Mart et les modalit\u00e9s de ce service. Delmi Mart exp\u00e9die ses produits directement depuis son entrep\u00f4t de Cholet (49) via le transporteur DPD. Nous proposons la livraison partout en France et \u00e0 [&hellip;]","og_url":"https:\/\/pinoy-grocery.com\/en\/refunds_returns\/","og_site_name":"Delmi Mart Pinoy Grocery","article_publisher":"https:\/\/www.facebook.com\/profile.php?id=61573001502527","article_modified_time":"2026-04-14T08:18:59+00:00","twitter_card":"summary_large_image","twitter_misc":{"Estimated reading time":"6 minutes"},"schema":{"@context":"https:\/\/schema.org","@graph":[{"@type":"WebPage","@id":"https:\/\/pinoy-grocery.com\/remboursements_retours\/","url":"https:\/\/pinoy-grocery.com\/remboursements_retours\/","name":"Refunds and returns policy - Delmi Mart Pinoy Grocery","isPartOf":{"@id":"https:\/\/pinoy-grocery.com\/#website"},"datePublished":"2025-11-18T16:28:07+00:00","dateModified":"2026-04-14T08:18:59+00:00","breadcrumb":{"@id":"https:\/\/pinoy-grocery.com\/remboursements_retours\/#breadcrumb"},"inLanguage":"en-GB","potentialAction":[{"@type":"ReadAction","target":["https:\/\/pinoy-grocery.com\/remboursements_retours\/"]}]},{"@type":"BreadcrumbList","@id":"https:\/\/pinoy-grocery.com\/remboursements_retours\/#breadcrumb","itemListElement":[{"@type":"ListItem","position":1,"name":"Accueil","item":"https:\/\/pinoy-grocery.com\/"},{"@type":"ListItem","position":2,"name":"Politique en mati\u00e8re de remboursements et de retours"}]},{"@type":"WebSite","@id":"https:\/\/pinoy-grocery.com\/#website","url":"https:\/\/pinoy-grocery.com\/","name":"Delmi Mart Pinoy Grocery","description":"Your grocery shop for Filipino products","publisher":{"@id":"https:\/\/pinoy-grocery.com\/#organization"},"potentialAction":[{"@type":"SearchAction","target":{"@type":"EntryPoint","urlTemplate":"https:\/\/pinoy-grocery.com\/?s={search_term_string}"},"query-input":{"@type":"PropertyValueSpecification","valueRequired":true,"valueName":"search_term_string"}}],"inLanguage":"en-GB"},{"@type":"Organization","@id":"https:\/\/pinoy-grocery.com\/#organization","name":"Delmi Mart Pinoy Grocery","url":"https:\/\/pinoy-grocery.com\/","logo":{"@type":"ImageObject","inLanguage":"en-GB","@id":"https:\/\/pinoy-grocery.com\/#\/schema\/logo\/image\/","url":"https:\/\/pinoy-grocery.com\/wp-content\/uploads\/2025\/11\/LOGO-DELMI-MART-Pinoy-Grocery-shop-600x600-1.webp","contentUrl":"https:\/\/pinoy-grocery.com\/wp-content\/uploads\/2025\/11\/LOGO-DELMI-MART-Pinoy-Grocery-shop-600x600-1.webp","width":600,"height":600,"caption":"Delmi Mart Pinoy Grocery"},"image":{"@id":"https:\/\/pinoy-grocery.com\/#\/schema\/logo\/image\/"},"sameAs":["https:\/\/www.facebook.com\/profile.php?id=61573001502527"]}]}},"_links":{"self":[{"href":"https:\/\/pinoy-grocery.com\/en\/wp-json\/wp\/v2\/pages\/23","targetHints":{"allow":["GET"]}}],"collection":[{"href":"https:\/\/pinoy-grocery.com\/en\/wp-json\/wp\/v2\/pages"}],"about":[{"href":"https:\/\/pinoy-grocery.com\/en\/wp-json\/wp\/v2\/types\/page"}],"author":[{"embeddable":true,"href":"https:\/\/pinoy-grocery.com\/en\/wp-json\/wp\/v2\/users\/1"}],"replies":[{"embeddable":true,"href":"https:\/\/pinoy-grocery.com\/en\/wp-json\/wp\/v2\/comments?post=23"}],"version-history":[{"count":3,"href":"https:\/\/pinoy-grocery.com\/en\/wp-json\/wp\/v2\/pages\/23\/revisions"}],"predecessor-version":[{"id":2081,"href":"https:\/\/pinoy-grocery.com\/en\/wp-json\/wp\/v2\/pages\/23\/revisions\/2081"}],"wp:attachment":[{"href":"https:\/\/pinoy-grocery.com\/en\/wp-json\/wp\/v2\/media?parent=23"}],"curies":[{"name":"wp","href":"https:\/\/api.w.org\/{rel}","templated":true}]}}